{"id":21972,"date":"2026-04-24T13:35:19","date_gmt":"2026-04-24T13:35:19","guid":{"rendered":"https:\/\/drpascalmensah.com\/product\/consultation-epigenetique-stress-chronique-rapide\/"},"modified":"2026-04-24T14:08:38","modified_gmt":"2026-04-24T14:08:38","slug":"consultation-epigenetique-stress-chronique-rapide","status":"publish","type":"product","link":"https:\/\/drpascalmensah.com\/fr\/produit\/consultation-epigenetique-stress-chronique-rapide\/","title":{"rendered":"Consultation \u00e9pig\u00e9n\u00e9tique \u2014 Stress chronique (rapide)"},"content":{"rendered":"<p data-start=\"1928\" data-end=\"2015\">Une analyse \u00e9pig\u00e9n\u00e9tique acc\u00e9l\u00e9r\u00e9e pour comprendre comment le stress chronique affecte votre biologie.<\/p>\n<p data-start=\"2017\" data-end=\"2174\">Cette analyse r\u00e9v\u00e8le comment le stress prolong\u00e9 affecte votre \u00e9quilibre physiologique et votre sant\u00e9 \u00e0 long terme, fournissant des informations mesurables au-del\u00e0 des sympt\u00f4mes subjectifs.<\/p>\n<p data-start=\"2176\" data-end=\"2302\">Vos r\u00e9sultats sont interpr\u00e9t\u00e9s cliniquement par le Dr Pascal Mensah, selon une strat\u00e9gie personnalis\u00e9e visant \u00e0 am\u00e9liorer la r\u00e9silience et le r\u00e9tablissement.<\/p>\n<p data-start=\"4322\" data-end=\"4366\"><strong data-start=\"4322\" data-end=\"4342\">D\u00e9lai de traitement<\/strong> : jusqu&rsquo;\u00e0 10 jours ouvrables<\/p>\n","protected":false},"excerpt":{"rendered":"<p>Une analyse \u00e9pig\u00e9n\u00e9tique acc\u00e9l\u00e9r\u00e9e pour comprendre comment le stress chronique affecte votre biologie. Cette analyse r\u00e9v\u00e8le comment le stress prolong\u00e9 affecte votre \u00e9quilibre physiologique et votre sant\u00e9 \u00e0 long terme, fournissant des informations mesurables au-del\u00e0 des sympt\u00f4mes subjectifs. Vos r\u00e9sultats sont interpr\u00e9t\u00e9s cliniquement par le Dr Pascal Mensah, selon une strat\u00e9gie personnalis\u00e9e visant \u00e0 am\u00e9liorer [&hellip;]<\/p>\n","protected":false},"featured_media":0,"comment_status":"open","ping_status":"closed","template":"","meta":{"site-sidebar-layout":"default","site-content-layout":"","ast-site-content-layout":"default","site-content-style":"default","site-sidebar-style":"default","ast-global-header-display":"","ast-banner-title-visibility":"","ast-main-header-display":"","ast-hfb-above-header-display":"","ast-hfb-below-header-display":"","ast-hfb-mobile-header-display":"","site-post-title":"","ast-breadcrumbs-content":"","ast-featured-img":"","footer-sml-layout":"","ast-disable-related-posts":"","theme-transparent-header-meta":"default","adv-header-id-meta":"","stick-header-meta":"","header-above-stick-meta":"","header-main-stick-meta":"","header-below-stick-meta":"","astra-migrate-meta-layouts":"default","ast-page-background-enabled":"default","ast-page-background-meta":{"desktop":{"background-color":"var(--ast-global-color-4)","background-image":"","background-repeat":"repeat","background-position":"center center","background-size":"auto","background-attachment":"scroll","background-type":"","background-media":"","overlay-type":"","overlay-color":"","overlay-opacity":"","overlay-gradient":""},"tablet":{"background-color":"","background-image":"","background-repeat":"repeat","background-position":"center center","background-size":"auto","background-attachment":"scroll","background-type":"","background-media":"","overlay-type":"","overlay-color":"","overlay-opacity":"","overlay-gradient":""},"mobile":{"background-color":"","background-image":"","background-repeat":"repeat","background-position":"center center","background-size":"auto","background-attachment":"scroll","background-type":"","background-media":"","overlay-type":"","overlay-color":"","overlay-opacity":"","overlay-gradient":""}},"ast-content-background-meta":{"desktop":{"background-color":"var(--ast-global-color-5)","background-image":"","background-repeat":"repeat","background-position":"center center","background-size":"auto","background-attachment":"scroll","background-type":"","background-media":"","overlay-type":"","overlay-color":"","overlay-opacity":"","overlay-gradient":""},"tablet":{"background-color":"var(--ast-global-color-5)","background-image":"","background-repeat":"repeat","background-position":"center center","background-size":"auto","background-attachment":"scroll","background-type":"","background-media":"","overlay-type":"","overlay-color":"","overlay-opacity":"","overlay-gradient":""},"mobile":{"background-color":"var(--ast-global-color-5)","background-image":"","background-repeat":"repeat","background-position":"center center","background-size":"auto","background-attachment":"scroll","background-type":"","background-media":"","overlay-type":"","overlay-color":"","overlay-opacity":"","overlay-gradient":""}}},"product_brand":[],"product_cat":[119],"product_tag":[],"class_list":{"0":"post-21972","1":"product","2":"type-product","3":"status-publish","5":"product_cat-non-categorise","6":"desktop-align-left","7":"tablet-align-left","8":"mobile-align-left","10":"first","11":"instock","12":"virtual","13":"purchasable","14":"product-type-simple"},"aioseo_notices":[],"_links":{"self":[{"href":"https:\/\/drpascalmensah.com\/fr\/wp-json\/wp\/v2\/product\/21972","targetHints":{"allow":["GET"]}}],"collection":[{"href":"https:\/\/drpascalmensah.com\/fr\/wp-json\/wp\/v2\/product"}],"about":[{"href":"https:\/\/drpascalmensah.com\/fr\/wp-json\/wp\/v2\/types\/product"}],"replies":[{"embeddable":true,"href":"https:\/\/drpascalmensah.com\/fr\/wp-json\/wp\/v2\/comments?post=21972"}],"wp:attachment":[{"href":"https:\/\/drpascalmensah.com\/fr\/wp-json\/wp\/v2\/media?parent=21972"}],"wp:term":[{"taxonomy":"product_brand","embeddable":true,"href":"https:\/\/drpascalmensah.com\/fr\/wp-json\/wp\/v2\/product_brand?post=21972"},{"taxonomy":"product_cat","embeddable":true,"href":"https:\/\/drpascalmensah.com\/fr\/wp-json\/wp\/v2\/product_cat?post=21972"},{"taxonomy":"product_tag","embeddable":true,"href":"https:\/\/drpascalmensah.com\/fr\/wp-json\/wp\/v2\/product_tag?post=21972"}],"curies":[{"name":"wp","href":"https:\/\/api.w.org\/{rel}","templated":true}]}}