{"id":21969,"date":"2026-04-24T13:30:24","date_gmt":"2026-04-24T13:30:24","guid":{"rendered":"https:\/\/drpascalmensah.com\/product\/consultation-epigenetique-age-biologique-et-style-de-vie-rapide\/"},"modified":"2026-04-24T13:30:24","modified_gmt":"2026-04-24T13:30:24","slug":"consultation-epigenetique-age-biologique-et-style-de-vie-rapide","status":"publish","type":"product","link":"https:\/\/drpascalmensah.com\/fr\/produit\/consultation-epigenetique-age-biologique-et-style-de-vie-rapide\/","title":{"rendered":"Consultation \u00e9pig\u00e9n\u00e9tique \u2014 \u00c2ge biologique et style de vie (rapide)"},"content":{"rendered":"<p data-start=\"4097\" data-end=\"4193\">Une analyse \u00e9pig\u00e9n\u00e9tique acc\u00e9l\u00e9r\u00e9e pour mesurer l&rsquo;impact de votre mode de vie sur votre vieillissement biologique.<\/p>\n<p data-start=\"4195\" data-end=\"4320\">Id\u00e9al pour ceux qui recherchent des informations plus rapides, ce parcours prioritaire offre la m\u00eame profondeur clinique avec un d\u00e9lai d&rsquo;ex\u00e9cution r\u00e9duit.<\/p>\n<p data-start=\"4322\" data-end=\"4366\"><strong data-start=\"4322\" data-end=\"4342\">D\u00e9lai de traitement<\/strong> : jusqu&rsquo;\u00e0 10 jours ouvrables<\/p>\n","protected":false},"excerpt":{"rendered":"<p>Une analyse \u00e9pig\u00e9n\u00e9tique acc\u00e9l\u00e9r\u00e9e pour mesurer l&rsquo;impact de votre mode de vie sur votre vieillissement biologique. Id\u00e9al pour ceux qui recherchent des informations plus rapides, ce parcours prioritaire offre la m\u00eame profondeur clinique avec un d\u00e9lai d&rsquo;ex\u00e9cution r\u00e9duit. D\u00e9lai de traitement : jusqu&rsquo;\u00e0 10 jours ouvrables<\/p>\n","protected":false},"featured_media":0,"comment_status":"open","ping_status":"closed","template":"","meta":{"site-sidebar-layout":"default","site-content-layout":"","ast-site-content-layout":"default","site-content-style":"default","site-sidebar-style":"default","ast-global-header-display":"","ast-banner-title-visibility":"","ast-main-header-display":"","ast-hfb-above-header-display":"","ast-hfb-below-header-display":"","ast-hfb-mobile-header-display":"","site-post-title":"","ast-breadcrumbs-content":"","ast-featured-img":"","footer-sml-layout":"","ast-disable-related-posts":"","theme-transparent-header-meta":"default","adv-header-id-meta":"","stick-header-meta":"","header-above-stick-meta":"","header-main-stick-meta":"","header-below-stick-meta":"","astra-migrate-meta-layouts":"default","ast-page-background-enabled":"default","ast-page-background-meta":{"desktop":{"background-color":"var(--ast-global-color-4)","background-image":"","background-repeat":"repeat","background-position":"center center","background-size":"auto","background-attachment":"scroll","background-type":"","background-media":"","overlay-type":"","overlay-color":"","overlay-opacity":"","overlay-gradient":""},"tablet":{"background-color":"","background-image":"","background-repeat":"repeat","background-position":"center center","background-size":"auto","background-attachment":"scroll","background-type":"","background-media":"","overlay-type":"","overlay-color":"","overlay-opacity":"","overlay-gradient":""},"mobile":{"background-color":"","background-image":"","background-repeat":"repeat","background-position":"center center","background-size":"auto","background-attachment":"scroll","background-type":"","background-media":"","overlay-type":"","overlay-color":"","overlay-opacity":"","overlay-gradient":""}},"ast-content-background-meta":{"desktop":{"background-color":"var(--ast-global-color-5)","background-image":"","background-repeat":"repeat","background-position":"center center","background-size":"auto","background-attachment":"scroll","background-type":"","background-media":"","overlay-type":"","overlay-color":"","overlay-opacity":"","overlay-gradient":""},"tablet":{"background-color":"var(--ast-global-color-5)","background-image":"","background-repeat":"repeat","background-position":"center center","background-size":"auto","background-attachment":"scroll","background-type":"","background-media":"","overlay-type":"","overlay-color":"","overlay-opacity":"","overlay-gradient":""},"mobile":{"background-color":"var(--ast-global-color-5)","background-image":"","background-repeat":"repeat","background-position":"center center","background-size":"auto","background-attachment":"scroll","background-type":"","background-media":"","overlay-type":"","overlay-color":"","overlay-opacity":"","overlay-gradient":""}}},"product_brand":[],"product_cat":[119],"product_tag":[],"class_list":{"0":"post-21969","1":"product","2":"type-product","3":"status-publish","5":"product_cat-non-categorise","6":"desktop-align-left","7":"tablet-align-left","8":"mobile-align-left","10":"first","11":"instock","12":"virtual","13":"purchasable","14":"product-type-simple"},"aioseo_notices":[],"_links":{"self":[{"href":"https:\/\/drpascalmensah.com\/fr\/wp-json\/wp\/v2\/product\/21969","targetHints":{"allow":["GET"]}}],"collection":[{"href":"https:\/\/drpascalmensah.com\/fr\/wp-json\/wp\/v2\/product"}],"about":[{"href":"https:\/\/drpascalmensah.com\/fr\/wp-json\/wp\/v2\/types\/product"}],"replies":[{"embeddable":true,"href":"https:\/\/drpascalmensah.com\/fr\/wp-json\/wp\/v2\/comments?post=21969"}],"wp:attachment":[{"href":"https:\/\/drpascalmensah.com\/fr\/wp-json\/wp\/v2\/media?parent=21969"}],"wp:term":[{"taxonomy":"product_brand","embeddable":true,"href":"https:\/\/drpascalmensah.com\/fr\/wp-json\/wp\/v2\/product_brand?post=21969"},{"taxonomy":"product_cat","embeddable":true,"href":"https:\/\/drpascalmensah.com\/fr\/wp-json\/wp\/v2\/product_cat?post=21969"},{"taxonomy":"product_tag","embeddable":true,"href":"https:\/\/drpascalmensah.com\/fr\/wp-json\/wp\/v2\/product_tag?post=21969"}],"curies":[{"name":"wp","href":"https:\/\/api.w.org\/{rel}","templated":true}]}}