{"id":21967,"date":"2026-04-24T13:25:57","date_gmt":"2026-04-24T13:25:57","guid":{"rendered":"https:\/\/drpascalmensah.com\/product\/consultation-epigenetique-age-biologique-mode-de-vie-et-stress-chronique-standard\/"},"modified":"2026-04-24T13:25:57","modified_gmt":"2026-04-24T13:25:57","slug":"consultation-epigenetique-age-biologique-mode-de-vie-et-stress-chronique-standard","status":"publish","type":"product","link":"https:\/\/drpascalmensah.com\/fr\/produit\/consultation-epigenetique-age-biologique-mode-de-vie-et-stress-chronique-standard\/","title":{"rendered":"Consultation \u00e9pig\u00e9n\u00e9tique \u2014 \u00c2ge biologique, mode de vie et stress chronique (Standard)"},"content":{"rendered":"<p data-start=\"2998\" data-end=\"3109\">Obtenez une image compl\u00e8te de la fa\u00e7on dont votre style de vie et votre stress fa\u00e7onnent votre biologie gr\u00e2ce \u00e0 une analyse \u00e9pig\u00e9n\u00e9tique combin\u00e9e.<\/p>\n<p data-start=\"3111\" data-end=\"3268\">\u00c0 partir d&rsquo;un seul \u00e9chantillon, cette double analyse \u00e9value \u00e0 la fois le vieillissement biologique et les marqueurs de stress chronique, offrant une vision globale de votre dynamique de sant\u00e9.<\/p>\n<p data-start=\"3270\" data-end=\"3379\">Vos r\u00e9sultats sont interpr\u00e9t\u00e9s cliniquement par le Dr Pascal Mensah, avec un plan d&rsquo;action int\u00e9gr\u00e9 et prioris\u00e9.<\/p>\n","protected":false},"excerpt":{"rendered":"<p>Obtenez une image compl\u00e8te de la fa\u00e7on dont votre style de vie et votre stress fa\u00e7onnent votre biologie gr\u00e2ce \u00e0 une analyse \u00e9pig\u00e9n\u00e9tique combin\u00e9e. \u00c0 partir d&rsquo;un seul \u00e9chantillon, cette double analyse \u00e9value \u00e0 la fois le vieillissement biologique et les marqueurs de stress chronique, offrant une vision globale de votre dynamique de sant\u00e9. Vos [&hellip;]<\/p>\n","protected":false},"featured_media":0,"comment_status":"open","ping_status":"closed","template":"","meta":{"site-sidebar-layout":"default","site-content-layout":"","ast-site-content-layout":"default","site-content-style":"default","site-sidebar-style":"default","ast-global-header-display":"","ast-banner-title-visibility":"","ast-main-header-display":"","ast-hfb-above-header-display":"","ast-hfb-below-header-display":"","ast-hfb-mobile-header-display":"","site-post-title":"","ast-breadcrumbs-content":"","ast-featured-img":"","footer-sml-layout":"","ast-disable-related-posts":"","theme-transparent-header-meta":"default","adv-header-id-meta":"","stick-header-meta":"","header-above-stick-meta":"","header-main-stick-meta":"","header-below-stick-meta":"","astra-migrate-meta-layouts":"default","ast-page-background-enabled":"default","ast-page-background-meta":{"desktop":{"background-color":"var(--ast-global-color-4)","background-image":"","background-repeat":"repeat","background-position":"center center","background-size":"auto","background-attachment":"scroll","background-type":"","background-media":"","overlay-type":"","overlay-color":"","overlay-opacity":"","overlay-gradient":""},"tablet":{"background-color":"","background-image":"","background-repeat":"repeat","background-position":"center center","background-size":"auto","background-attachment":"scroll","background-type":"","background-media":"","overlay-type":"","overlay-color":"","overlay-opacity":"","overlay-gradient":""},"mobile":{"background-color":"","background-image":"","background-repeat":"repeat","background-position":"center center","background-size":"auto","background-attachment":"scroll","background-type":"","background-media":"","overlay-type":"","overlay-color":"","overlay-opacity":"","overlay-gradient":""}},"ast-content-background-meta":{"desktop":{"background-color":"var(--ast-global-color-5)","background-image":"","background-repeat":"repeat","background-position":"center center","background-size":"auto","background-attachment":"scroll","background-type":"","background-media":"","overlay-type":"","overlay-color":"","overlay-opacity":"","overlay-gradient":""},"tablet":{"background-color":"var(--ast-global-color-5)","background-image":"","background-repeat":"repeat","background-position":"center center","background-size":"auto","background-attachment":"scroll","background-type":"","background-media":"","overlay-type":"","overlay-color":"","overlay-opacity":"","overlay-gradient":""},"mobile":{"background-color":"var(--ast-global-color-5)","background-image":"","background-repeat":"repeat","background-position":"center center","background-size":"auto","background-attachment":"scroll","background-type":"","background-media":"","overlay-type":"","overlay-color":"","overlay-opacity":"","overlay-gradient":""}}},"product_brand":[],"product_cat":[119],"product_tag":[],"class_list":{"0":"post-21967","1":"product","2":"type-product","3":"status-publish","5":"product_cat-non-categorise","6":"desktop-align-left","7":"tablet-align-left","8":"mobile-align-left","10":"first","11":"instock","12":"virtual","13":"purchasable","14":"product-type-simple"},"aioseo_notices":[],"_links":{"self":[{"href":"https:\/\/drpascalmensah.com\/fr\/wp-json\/wp\/v2\/product\/21967","targetHints":{"allow":["GET"]}}],"collection":[{"href":"https:\/\/drpascalmensah.com\/fr\/wp-json\/wp\/v2\/product"}],"about":[{"href":"https:\/\/drpascalmensah.com\/fr\/wp-json\/wp\/v2\/types\/product"}],"replies":[{"embeddable":true,"href":"https:\/\/drpascalmensah.com\/fr\/wp-json\/wp\/v2\/comments?post=21967"}],"wp:attachment":[{"href":"https:\/\/drpascalmensah.com\/fr\/wp-json\/wp\/v2\/media?parent=21967"}],"wp:term":[{"taxonomy":"product_brand","embeddable":true,"href":"https:\/\/drpascalmensah.com\/fr\/wp-json\/wp\/v2\/product_brand?post=21967"},{"taxonomy":"product_cat","embeddable":true,"href":"https:\/\/drpascalmensah.com\/fr\/wp-json\/wp\/v2\/product_cat?post=21967"},{"taxonomy":"product_tag","embeddable":true,"href":"https:\/\/drpascalmensah.com\/fr\/wp-json\/wp\/v2\/product_tag?post=21967"}],"curies":[{"name":"wp","href":"https:\/\/api.w.org\/{rel}","templated":true}]}}