{"id":18346,"date":"2026-01-17T12:23:03","date_gmt":"2026-01-17T12:23:03","guid":{"rendered":"https:\/\/drpascalmensah.com\/product\/test-adn-basic\/"},"modified":"2026-03-21T17:21:53","modified_gmt":"2026-03-21T17:21:53","slug":"test-adn-basic","status":"publish","type":"product","link":"https:\/\/drpascalmensah.com\/fr\/produit\/test-adn-basic\/","title":{"rendered":"&#8211; Basic"},"content":{"rendered":"<p>Un test ADN cibl\u00e9 pour explorer les principaux insights g\u00e9n\u00e9tiques.<br \/>&#8211; 3 modules ADN de votre choix<br \/>\n&#8211; Rapport ADN personnalis\u00e9<br \/>\n&#8211; Principales informations sur la sant\u00e9<br \/>\n&#8211; Kit de test \u00e0 domicile<br \/>\n&#8211; Suivi par email<\/p>\n","protected":false},"excerpt":{"rendered":"<p>Kit de test ADN \u00e0 domicile Basic &#8211; Un test ADN cibl\u00e9 pour explorer les informations g\u00e9n\u00e9tiques cl\u00e9s.<\/p>\n","protected":false},"featured_media":0,"comment_status":"open","ping_status":"closed","template":"","meta":{"site-sidebar-layout":"default","site-content-layout":"","ast-site-content-layout":"default","site-content-style":"default","site-sidebar-style":"default","ast-global-header-display":"","ast-banner-title-visibility":"","ast-main-header-display":"","ast-hfb-above-header-display":"","ast-hfb-below-header-display":"","ast-hfb-mobile-header-display":"","site-post-title":"","ast-breadcrumbs-content":"","ast-featured-img":"","footer-sml-layout":"","ast-disable-related-posts":"","theme-transparent-header-meta":"default","adv-header-id-meta":"","stick-header-meta":"","header-above-stick-meta":"","header-main-stick-meta":"","header-below-stick-meta":"","astra-migrate-meta-layouts":"default","ast-page-background-enabled":"default","ast-page-background-meta":{"desktop":{"background-color":"var(--ast-global-color-4)","background-image":"","background-repeat":"repeat","background-position":"center center","background-size":"auto","background-attachment":"scroll","background-type":"","background-media":"","overlay-type":"","overlay-color":"","overlay-opacity":"","overlay-gradient":""},"tablet":{"background-color":"","background-image":"","background-repeat":"repeat","background-position":"center center","background-size":"auto","background-attachment":"scroll","background-type":"","background-media":"","overlay-type":"","overlay-color":"","overlay-opacity":"","overlay-gradient":""},"mobile":{"background-color":"","background-image":"","background-repeat":"repeat","background-position":"center center","background-size":"auto","background-attachment":"scroll","background-type":"","background-media":"","overlay-type":"","overlay-color":"","overlay-opacity":"","overlay-gradient":""}},"ast-content-background-meta":{"desktop":{"background-color":"var(--ast-global-color-5)","background-image":"","background-repeat":"repeat","background-position":"center center","background-size":"auto","background-attachment":"scroll","background-type":"","background-media":"","overlay-type":"","overlay-color":"","overlay-opacity":"","overlay-gradient":""},"tablet":{"background-color":"var(--ast-global-color-5)","background-image":"","background-repeat":"repeat","background-position":"center center","background-size":"auto","background-attachment":"scroll","background-type":"","background-media":"","overlay-type":"","overlay-color":"","overlay-opacity":"","overlay-gradient":""},"mobile":{"background-color":"var(--ast-global-color-5)","background-image":"","background-repeat":"repeat","background-position":"center center","background-size":"auto","background-attachment":"scroll","background-type":"","background-media":"","overlay-type":"","overlay-color":"","overlay-opacity":"","overlay-gradient":""}}},"product_brand":[],"product_cat":[119],"product_tag":[],"class_list":{"0":"post-18346","1":"product","2":"type-product","3":"status-publish","5":"product_cat-non-categorise","6":"desktop-align-left","7":"tablet-align-left","8":"mobile-align-left","10":"first","11":"instock","12":"virtual","13":"purchasable","14":"product-type-simple"},"aioseo_notices":[],"_links":{"self":[{"href":"https:\/\/drpascalmensah.com\/fr\/wp-json\/wp\/v2\/product\/18346","targetHints":{"allow":["GET"]}}],"collection":[{"href":"https:\/\/drpascalmensah.com\/fr\/wp-json\/wp\/v2\/product"}],"about":[{"href":"https:\/\/drpascalmensah.com\/fr\/wp-json\/wp\/v2\/types\/product"}],"replies":[{"embeddable":true,"href":"https:\/\/drpascalmensah.com\/fr\/wp-json\/wp\/v2\/comments?post=18346"}],"wp:attachment":[{"href":"https:\/\/drpascalmensah.com\/fr\/wp-json\/wp\/v2\/media?parent=18346"}],"wp:term":[{"taxonomy":"product_brand","embeddable":true,"href":"https:\/\/drpascalmensah.com\/fr\/wp-json\/wp\/v2\/product_brand?post=18346"},{"taxonomy":"product_cat","embeddable":true,"href":"https:\/\/drpascalmensah.com\/fr\/wp-json\/wp\/v2\/product_cat?post=18346"},{"taxonomy":"product_tag","embeddable":true,"href":"https:\/\/drpascalmensah.com\/fr\/wp-json\/wp\/v2\/product_tag?post=18346"}],"curies":[{"name":"wp","href":"https:\/\/api.w.org\/{rel}","templated":true}]}}