{"id":19348,"date":"2026-01-07T15:15:52","date_gmt":"2026-01-07T15:15:52","guid":{"rendered":"https:\/\/drpascalmensah.com\/?page_id=19348"},"modified":"2026-02-18T08:57:42","modified_gmt":"2026-02-18T08:57:42","slug":"blog-mitochondrie","status":"publish","type":"page","link":"https:\/\/drpascalmensah.com\/fr\/blog\/blog-mitochondrie\/","title":{"rendered":"Blog &#8211; Mitochondries"},"content":{"rendered":"\t\t<div data-elementor-type=\"wp-page\" data-elementor-id=\"19348\" class=\"elementor elementor-19348 elementor-19346\" data-elementor-post-type=\"page\">\n\t\t\t\t<div class=\"elementor-element elementor-element-4c78724 e-flex e-con-boxed e-con e-parent\" data-id=\"4c78724\" data-element_type=\"container\" data-e-type=\"container\">\n\t\t\t\t\t<div class=\"e-con-inner\">\n\t\t\t\t<div class=\"elementor-element elementor-element-7ca593a elementor-position-inline-start elementor-view-default elementor-mobile-position-block-start elementor-widget elementor-widget-icon-box\" data-id=\"7ca593a\" data-element_type=\"widget\" data-e-type=\"widget\" data-widget_type=\"icon-box.default\">\n\t\t\t\t\t\t\t<div class=\"elementor-icon-box-wrapper\">\n\n\t\t\t\t\t\t<div class=\"elementor-icon-box-icon\">\n\t\t\t\t<a href=\"https:\/\/drpascalmensah.com\/fr\/blog\/\" class=\"elementor-icon\" tabindex=\"-1\" aria-label=\"Tous les articles\">\n\t\t\t\t<i aria-hidden=\"true\" class=\"xlio ion-ios-arrow-round-back\"><\/i>\t\t\t\t<\/a>\n\t\t\t<\/div>\n\t\t\t\n\t\t\t\t\t\t<div class=\"elementor-icon-box-content\">\n\n\t\t\t\t\t\t\t\t\t<h3 class=\"elementor-icon-box-title\">\n\t\t\t\t\t\t<a href=\"https:\/\/drpascalmensah.com\/fr\/blog\/\" >\n\t\t\t\t\t\t\tTous les articles\t\t\t\t\t\t<\/a>\n\t\t\t\t\t<\/h3>\n\t\t\t\t\n\t\t\t\t\n\t\t\t<\/div>\n\t\t\t\n\t\t<\/div>\n\t\t\t\t\t\t<\/div>\n\t\t\t\t<div class=\"elementor-element elementor-element-4788374 elementor-invisible elementor-widget elementor-widget-heading\" data-id=\"4788374\" data-element_type=\"widget\" data-e-type=\"widget\" data-settings=\"{&quot;_animation&quot;:&quot;fadeInUp&quot;}\" data-widget_type=\"heading.default\">\n\t\t\t\t\t<h2 class=\"elementor-heading-title elementor-size-default\">BLOG<\/h2>\t\t\t\t<\/div>\n\t\t\t\t<div class=\"elementor-element elementor-element-4e6e653 elementor-invisible elementor-widget elementor-widget-heading\" data-id=\"4e6e653\" data-element_type=\"widget\" data-e-type=\"widget\" data-settings=\"{&quot;_animation&quot;:&quot;fadeInUp&quot;}\" data-widget_type=\"heading.default\">\n\t\t\t\t\t<h2 class=\"elementor-heading-title elementor-size-default\">Explorer les connaissances sur les mitochondries<\/h2>\t\t\t\t<\/div>\n\t\t\t\t<div class=\"elementor-element elementor-element-47454d4 elementor-invisible elementor-widget elementor-widget-text-editor\" data-id=\"47454d4\" data-element_type=\"widget\" data-e-type=\"widget\" data-settings=\"{&quot;_animation&quot;:&quot;fadeIn&quot;,&quot;_animation_delay&quot;:150}\" data-widget_type=\"text-editor.default\">\n\t\t\t\t\t\t\t\t\t<p>D\u00e9couvrez le r\u00f4le fondamental des mitochondries dans la biologie cellulaire, la production d\u2019\u00e9nergie et la sant\u00e9 humaine.<\/p>\t\t\t\t\t\t\t\t<\/div>\n\t\t\t\t<div class=\"elementor-element elementor-element-cfe5e32 elementor-posts__hover-none blog-cards-custom elementor-grid-3 elementor-grid-tablet-2 elementor-grid-mobile-1 elementor-posts--thumbnail-top elementor-invisible elementor-widget elementor-widget-posts\" data-id=\"cfe5e32\" data-element_type=\"widget\" data-e-type=\"widget\" data-settings=\"{&quot;_animation&quot;:&quot;fadeInUp&quot;,&quot;_animation_delay&quot;:150,&quot;cards_columns&quot;:&quot;3&quot;,&quot;cards_columns_tablet&quot;:&quot;2&quot;,&quot;cards_columns_mobile&quot;:&quot;1&quot;,&quot;cards_row_gap&quot;:{&quot;unit&quot;:&quot;px&quot;,&quot;size&quot;:35,&quot;sizes&quot;:[]},&quot;cards_row_gap_tablet&quot;:{&quot;unit&quot;:&quot;px&quot;,&quot;size&quot;:&quot;&quot;,&quot;sizes&quot;:[]},&quot;cards_row_gap_mobile&quot;:{&quot;unit&quot;:&quot;px&quot;,&quot;size&quot;:&quot;&quot;,&quot;sizes&quot;:[]}}\" data-widget_type=\"posts.cards\">\n\t\t\t\t<div class=\"elementor-widget-container\">\n\t\t\t\t\t\t\t<div class=\"elementor-posts-container elementor-posts elementor-posts--skin-cards elementor-grid\" role=\"list\">\n\t\t\t\t<article class=\"elementor-post elementor-grid-item post-20885 post type-post status-publish format-standard has-post-thumbnail hentry category-mitochondrie tag-mitochondries tag-neurosciences\" role=\"listitem\">\n\t\t\t<div class=\"elementor-post__card\">\n\t\t\t\t<a class=\"elementor-post__thumbnail__link\" href=\"https:\/\/drpascalmensah.com\/fr\/quand-les-microglies-ne-peuvent-plus-nettoyer-leurs-mitochondries\/\" tabindex=\"-1\" ><div class=\"elementor-post__thumbnail\"><img fetchpriority=\"high\" decoding=\"async\" width=\"1024\" height=\"778\" src=\"https:\/\/drpascalmensah.com\/wp-content\/uploads\/2026\/03\/milad-fakurian-58Z17lnVS4U-unsplash-1024x778.jpg\" class=\"attachment-large size-large wp-image-20884\" alt=\"concept de neuroinflammation et de dysfonctionnement mitochondrial des microglies c\u00e9r\u00e9brales\" srcset=\"https:\/\/drpascalmensah.com\/wp-content\/uploads\/2026\/03\/milad-fakurian-58Z17lnVS4U-unsplash-1024x778.jpg 1024w, https:\/\/drpascalmensah.com\/wp-content\/uploads\/2026\/03\/milad-fakurian-58Z17lnVS4U-unsplash-300x228.jpg 300w, https:\/\/drpascalmensah.com\/wp-content\/uploads\/2026\/03\/milad-fakurian-58Z17lnVS4U-unsplash-768x584.jpg 768w, https:\/\/drpascalmensah.com\/wp-content\/uploads\/2026\/03\/milad-fakurian-58Z17lnVS4U-unsplash-1536x1167.jpg 1536w, https:\/\/drpascalmensah.com\/wp-content\/uploads\/2026\/03\/milad-fakurian-58Z17lnVS4U-unsplash-2048x1556.jpg 2048w, https:\/\/drpascalmensah.com\/wp-content\/uploads\/2026\/03\/milad-fakurian-58Z17lnVS4U-unsplash-1320x1003.jpg 1320w, https:\/\/drpascalmensah.com\/wp-content\/uploads\/2026\/03\/milad-fakurian-58Z17lnVS4U-unsplash-600x456.jpg 600w\" sizes=\"(max-width: 1024px) 100vw, 1024px\" \/><\/div><\/a>\n\t\t\t\t<div class=\"elementor-post__badge\">Mitochondrie<\/div>\n\t\t\t\t<div class=\"elementor-post__text\">\n\t\t\t\t<h3 class=\"elementor-post__title\">\n\t\t\t<a href=\"https:\/\/drpascalmensah.com\/fr\/quand-les-microglies-ne-peuvent-plus-nettoyer-leurs-mitochondries\/\" >\n\t\t\t\tQuand les microglies ne peuvent plus nettoyer leurs mitochondries\t\t\t<\/a>\n\t\t<\/h3>\n\t\t\t\t<div class=\"elementor-post__excerpt\">\n\t\t\t<p>Des mitochondries endommag\u00e9es peuvent-elles pi\u00e9ger le cerveau dans une inflammation chronique et conduire \u00e0 la d\u00e9pression ?<br \/>\nCet article explore comment la d\u00e9faillance du dialogue mitochondrie\u2013lysosome enferme les microglies dans une boucle inflammatoire auto-entretenue, et comment ce m\u00e9canisme est li\u00e9 \u00e0 la septic\u00e9mie, au dysfonctionnement des lymphocytes T et \u00e0 l\u2019axe IRG1\u2013itaconate.<\/p>\n\t\t<\/div>\n\t\t\t\t<\/div>\n\t\t\t\t<div class=\"elementor-post__meta-data\">\n\t\t\t\t\t<span class=\"elementor-post-date\">\n\t\t\t31 mars 2026\t\t<\/span>\n\t\t\t\t<\/div>\n\t\t\t\t\t<\/div>\n\t\t<\/article>\n\t\t\t\t<article class=\"elementor-post elementor-grid-item post-20892 post type-post status-publish format-standard has-post-thumbnail hentry category-mitochondrie tag-immunometabolisme tag-mitochondries tag-thermodynamique\" role=\"listitem\">\n\t\t\t<div class=\"elementor-post__card\">\n\t\t\t\t<a class=\"elementor-post__thumbnail__link\" href=\"https:\/\/drpascalmensah.com\/fr\/quand-les-microglies-ne-peuvent-plus-nettoyer-leurs-mitochondries-2\/\" tabindex=\"-1\" ><div class=\"elementor-post__thumbnail\"><img decoding=\"async\" width=\"1024\" height=\"576\" data-src=\"https:\/\/drpascalmensah.com\/wp-content\/uploads\/2026\/03\/julien-tromeur-ZMK0DU5wARA-unsplash-1024x576.jpg\" class=\"attachment-large size-large wp-image-20930 lazyload\" alt=\"Corps humain illustrant le compromis m\u00e9tabolique de la r\u00e9ponse immunitaire M1\/M2\" data-srcset=\"https:\/\/drpascalmensah.com\/wp-content\/uploads\/2026\/03\/julien-tromeur-ZMK0DU5wARA-unsplash-1024x576.jpg 1024w, https:\/\/drpascalmensah.com\/wp-content\/uploads\/2026\/03\/julien-tromeur-ZMK0DU5wARA-unsplash-300x169.jpg 300w, https:\/\/drpascalmensah.com\/wp-content\/uploads\/2026\/03\/julien-tromeur-ZMK0DU5wARA-unsplash-768x432.jpg 768w, https:\/\/drpascalmensah.com\/wp-content\/uploads\/2026\/03\/julien-tromeur-ZMK0DU5wARA-unsplash-1536x864.jpg 1536w, https:\/\/drpascalmensah.com\/wp-content\/uploads\/2026\/03\/julien-tromeur-ZMK0DU5wARA-unsplash-2048x1152.jpg 2048w, https:\/\/drpascalmensah.com\/wp-content\/uploads\/2026\/03\/julien-tromeur-ZMK0DU5wARA-unsplash-1320x743.jpg 1320w, https:\/\/drpascalmensah.com\/wp-content\/uploads\/2026\/03\/julien-tromeur-ZMK0DU5wARA-unsplash-600x338.jpg 600w\" data-sizes=\"(max-width: 1024px) 100vw, 1024px\" src=\"data:image\/svg+xml;base64,PHN2ZyB3aWR0aD0iMSIgaGVpZ2h0PSIxIiB4bWxucz0iaHR0cDovL3d3dy53My5vcmcvMjAwMC9zdmciPjwvc3ZnPg==\" style=\"--smush-placeholder-width: 1024px; --smush-placeholder-aspect-ratio: 1024\/576;\" \/><\/div><\/a>\n\t\t\t\t<div class=\"elementor-post__badge\">Mitochondrie<\/div>\n\t\t\t\t<div class=\"elementor-post__text\">\n\t\t\t\t<h3 class=\"elementor-post__title\">\n\t\t\t<a href=\"https:\/\/drpascalmensah.com\/fr\/quand-les-microglies-ne-peuvent-plus-nettoyer-leurs-mitochondries-2\/\" >\n\t\t\t\tL\u2019axe thermodynamique M1\/M2 : un compromis unique \u00e0 travers les maladies\t\t\t<\/a>\n\t\t<\/h3>\n\t\t\t\t<div class=\"elementor-post__excerpt\">\n\t\t\t<p>Et si l\u2019inflammation, la septic\u00e9mie et l\u2019\u00e9chappement immunitaire du cancer partageaient le m\u00eame d\u00e9faut thermodynamique ?<br \/>\nCet article explore comment un unique basculement bio\u00e9nerg\u00e9tique dans les cellules immunitaires \u2014 entre OXPHOS et glycolyse \u2014 est \u00e0 l\u2019origine des maladies dans la septic\u00e9mie, la polyarthrite rhumato\u00efde et le cancer du poumon.<\/p>\n\t\t<\/div>\n\t\t\t\t<\/div>\n\t\t\t\t<div class=\"elementor-post__meta-data\">\n\t\t\t\t\t<span class=\"elementor-post-date\">\n\t\t\t31 mars 2026\t\t<\/span>\n\t\t\t\t<\/div>\n\t\t\t\t\t<\/div>\n\t\t<\/article>\n\t\t\t\t<article class=\"elementor-post elementor-grid-item post-19828 post type-post status-publish format-standard has-post-thumbnail hentry category-mitochondrie tag-metabolism tag-mitochondries tag-thermodynamique\" role=\"listitem\">\n\t\t\t<div class=\"elementor-post__card\">\n\t\t\t\t<a class=\"elementor-post__thumbnail__link\" href=\"https:\/\/drpascalmensah.com\/fr\/les-systemes-vivants-comme-structures-dissipatives\/\" tabindex=\"-1\" ><div class=\"elementor-post__thumbnail\"><img decoding=\"async\" width=\"612\" height=\"362\" data-src=\"https:\/\/drpascalmensah.com\/wp-content\/uploads\/2026\/03\/istockphoto-2195556244-612x612-1.webp\" class=\"attachment-large size-large wp-image-19827 lazyload\" alt=\"Concept thermodynamique des cellules en tant que syst\u00e8mes biologiques dissipatifs\" data-srcset=\"https:\/\/drpascalmensah.com\/wp-content\/uploads\/2026\/03\/istockphoto-2195556244-612x612-1.webp 612w, https:\/\/drpascalmensah.com\/wp-content\/uploads\/2026\/03\/istockphoto-2195556244-612x612-1-300x177.webp 300w, https:\/\/drpascalmensah.com\/wp-content\/uploads\/2026\/03\/istockphoto-2195556244-612x612-1-600x355.webp 600w\" data-sizes=\"(max-width: 612px) 100vw, 612px\" src=\"data:image\/svg+xml;base64,PHN2ZyB3aWR0aD0iMSIgaGVpZ2h0PSIxIiB4bWxucz0iaHR0cDovL3d3dy53My5vcmcvMjAwMC9zdmciPjwvc3ZnPg==\" style=\"--smush-placeholder-width: 612px; --smush-placeholder-aspect-ratio: 612\/362;\" \/><\/div><\/a>\n\t\t\t\t<div class=\"elementor-post__badge\">Mitochondrie<\/div>\n\t\t\t\t<div class=\"elementor-post__text\">\n\t\t\t\t<h3 class=\"elementor-post__title\">\n\t\t\t<a href=\"https:\/\/drpascalmensah.com\/fr\/les-systemes-vivants-comme-structures-dissipatives\/\" >\n\t\t\t\tLes syst\u00e8mes vivants comme structures dissipatives\t\t\t<\/a>\n\t\t<\/h3>\n\t\t\t\t<div class=\"elementor-post__excerpt\">\n\t\t\t<p>Comment les syst\u00e8mes vivants parviennent-ils \u00e0 maintenir de l\u2019ordre dans un univers qui tend naturellement vers le d\u00e9sordre ?<br \/>\nCet article explore comment les principes de la thermodynamique expliquent l\u2019organisation biologique, en montrant comment les cellules maintiennent leur structure et leur fonction loin de l\u2019\u00e9quilibre gr\u00e2ce \u00e0 un flux continu d\u2019\u00e9nergie, et comment ce cadre permet d\u2019interpr\u00e9ter le m\u00e9tabolisme, le vieillissement, l\u2019inflammation et les maladies chroniques.<\/p>\n\t\t<\/div>\n\t\t\t\t<\/div>\n\t\t\t\t<div class=\"elementor-post__meta-data\">\n\t\t\t\t\t<span class=\"elementor-post-date\">\n\t\t\t9 mars 2026\t\t<\/span>\n\t\t\t\t<\/div>\n\t\t\t\t\t<\/div>\n\t\t<\/article>\n\t\t\t\t<article class=\"elementor-post elementor-grid-item post-19668 post type-post status-publish format-standard has-post-thumbnail hentry category-mitochondrie tag-metabolism tag-mitochondries tag-thermodynamique\" role=\"listitem\">\n\t\t\t<div class=\"elementor-post__card\">\n\t\t\t\t<a class=\"elementor-post__thumbnail__link\" href=\"https:\/\/drpascalmensah.com\/fr\/thermodynamique-et-mitochondries\/\" tabindex=\"-1\" ><div class=\"elementor-post__thumbnail\"><img decoding=\"async\" width=\"781\" height=\"657\" data-src=\"https:\/\/drpascalmensah.com\/wp-content\/uploads\/2026\/02\/Capture-decran-2026-02-25-a-135807.png\" class=\"attachment-large size-large wp-image-19667 lazyload\" alt=\"Diagramme reliant la thermodynamique et la fonction mitochondriale\" data-srcset=\"https:\/\/drpascalmensah.com\/wp-content\/uploads\/2026\/02\/Capture-decran-2026-02-25-a-135807.png 781w, https:\/\/drpascalmensah.com\/wp-content\/uploads\/2026\/02\/Capture-decran-2026-02-25-a-135807-300x252.png 300w, https:\/\/drpascalmensah.com\/wp-content\/uploads\/2026\/02\/Capture-decran-2026-02-25-a-135807-768x646.png 768w, https:\/\/drpascalmensah.com\/wp-content\/uploads\/2026\/02\/Capture-decran-2026-02-25-a-135807-600x505.png 600w\" data-sizes=\"(max-width: 781px) 100vw, 781px\" src=\"data:image\/svg+xml;base64,PHN2ZyB3aWR0aD0iMSIgaGVpZ2h0PSIxIiB4bWxucz0iaHR0cDovL3d3dy53My5vcmcvMjAwMC9zdmciPjwvc3ZnPg==\" style=\"--smush-placeholder-width: 781px; --smush-placeholder-aspect-ratio: 781\/657;\" \/><\/div><\/a>\n\t\t\t\t<div class=\"elementor-post__badge\">Mitochondrie<\/div>\n\t\t\t\t<div class=\"elementor-post__text\">\n\t\t\t\t<h3 class=\"elementor-post__title\">\n\t\t\t<a href=\"https:\/\/drpascalmensah.com\/fr\/thermodynamique-et-mitochondries\/\" >\n\t\t\t\tThermodynamique et mitochondries\t\t\t<\/a>\n\t\t<\/h3>\n\t\t\t\t<div class=\"elementor-post__excerpt\">\n\t\t\t<p>Comment les lois de la thermodynamique influencent-elles la fonction mitochondriale et la sant\u00e9 humaine ?<br \/>\nCet article examine comment les principes physiques fondamentaux r\u00e9gissent l\u2019\u00e9nerg\u00e9tique cellulaire, en expliquant le flux d\u2019\u00e9lectrons mitochondrial, le potentiel membranaire, l\u2019\u00e9nergie libre et l\u2019\u00e9quilibre redox, ainsi que leurs implications pour l\u2019inflammation, l\u2019adaptation et les maladies chroniques.<\/p>\n\t\t<\/div>\n\t\t\t\t<\/div>\n\t\t\t\t<div class=\"elementor-post__meta-data\">\n\t\t\t\t\t<span class=\"elementor-post-date\">\n\t\t\t25 f\u00e9vrier 2026\t\t<\/span>\n\t\t\t\t<\/div>\n\t\t\t\t\t<\/div>\n\t\t<\/article>\n\t\t\t\t<article class=\"elementor-post elementor-grid-item post-19338 post type-post status-publish format-standard has-post-thumbnail hentry category-mitochondrie tag-cancer tag-immunometabolisme tag-metabolism tag-mitochondries\" role=\"listitem\">\n\t\t\t<div class=\"elementor-post__card\">\n\t\t\t\t<a class=\"elementor-post__thumbnail__link\" href=\"https:\/\/drpascalmensah.com\/fr\/tumorigenese-pilotee-par-les-mitochondries-une-nouvelle-vision-du-metabolisme-du-cancer\/\" tabindex=\"-1\" ><div class=\"elementor-post__thumbnail\"><img decoding=\"async\" width=\"1024\" height=\"474\" data-src=\"https:\/\/drpascalmensah.com\/wp-content\/uploads\/2026\/02\/Capture-decran-2026-02-14-a-112203-1024x474.png\" class=\"attachment-large size-large wp-image-19337 lazyload\" alt=\"R\u00f4le des mitochondries dans le m\u00e9tabolisme du cancer et le concept de tumorig\u00e9n\u00e8se\" data-srcset=\"https:\/\/drpascalmensah.com\/wp-content\/uploads\/2026\/02\/Capture-decran-2026-02-14-a-112203-1024x474.png 1024w, https:\/\/drpascalmensah.com\/wp-content\/uploads\/2026\/02\/Capture-decran-2026-02-14-a-112203-300x139.png 300w, https:\/\/drpascalmensah.com\/wp-content\/uploads\/2026\/02\/Capture-decran-2026-02-14-a-112203-768x356.png 768w, https:\/\/drpascalmensah.com\/wp-content\/uploads\/2026\/02\/Capture-decran-2026-02-14-a-112203-600x278.png 600w, https:\/\/drpascalmensah.com\/wp-content\/uploads\/2026\/02\/Capture-decran-2026-02-14-a-112203.png 1164w\" data-sizes=\"(max-width: 1024px) 100vw, 1024px\" src=\"data:image\/svg+xml;base64,PHN2ZyB3aWR0aD0iMSIgaGVpZ2h0PSIxIiB4bWxucz0iaHR0cDovL3d3dy53My5vcmcvMjAwMC9zdmciPjwvc3ZnPg==\" style=\"--smush-placeholder-width: 1024px; --smush-placeholder-aspect-ratio: 1024\/474;\" \/><\/div><\/a>\n\t\t\t\t<div class=\"elementor-post__badge\">Mitochondrie<\/div>\n\t\t\t\t<div class=\"elementor-post__text\">\n\t\t\t\t<h3 class=\"elementor-post__title\">\n\t\t\t<a href=\"https:\/\/drpascalmensah.com\/fr\/tumorigenese-pilotee-par-les-mitochondries-une-nouvelle-vision-du-metabolisme-du-cancer\/\" >\n\t\t\t\tTumorigen\u00e8se pilot\u00e9e par les mitochondries : une nouvelle vision du m\u00e9tabolisme du cancer\t\t\t<\/a>\n\t\t<\/h3>\n\t\t\t\t<div class=\"elementor-post__excerpt\">\n\t\t\t<p>Les mitochondries sont-elles des moteurs actifs du d\u00e9veloppement du cancer plut\u00f4t que de simples acteurs secondaires ? Cet article met en lumi\u00e8re une revue scientifique proposant que la bio\u00e9nerg\u00e9tique mitochondriale et la signalisation redox jouent un r\u00f4le central dans la tumorigen\u00e8se et les strat\u00e9gies th\u00e9rapeutiques anticanc\u00e9reuses. <\/p>\n\t\t<\/div>\n\t\t\t\t<\/div>\n\t\t\t\t<div class=\"elementor-post__meta-data\">\n\t\t\t\t\t<span class=\"elementor-post-date\">\n\t\t\t14 f\u00e9vrier 2026\t\t<\/span>\n\t\t\t\t<\/div>\n\t\t\t\t\t<\/div>\n\t\t<\/article>\n\t\t\t\t<\/div>\n\t\t\n\t\t\t\t\t\t<\/div>\n\t\t\t\t<\/div>\n\t\t\t\t\t<\/div>\n\t\t\t\t<\/div>\n\t\t\t\t<\/div>\n\t\t","protected":false},"excerpt":{"rendered":"<p>Tous les articles BLOG Explorer les connaissances sur les mitochondries D\u00e9couvrez le r\u00f4le fondamental des mitochondries dans la biologie cellulaire, la production d\u2019\u00e9nergie et la sant\u00e9 humaine.<\/p>\n","protected":false},"author":207,"featured_media":0,"parent":17929,"menu_order":0,"comment_status":"closed","ping_status":"closed","template":"elementor_header_footer","meta":{"site-sidebar-layout":"default","site-content-layout":"","ast-site-content-layout":"default","site-content-style":"default","site-sidebar-style":"default","ast-global-header-display":"","ast-banner-title-visibility":"","ast-main-header-display":"","ast-hfb-above-header-display":"","ast-hfb-below-header-display":"","ast-hfb-mobile-header-display":"","site-post-title":"","ast-breadcrumbs-content":"","ast-featured-img":"","footer-sml-layout":"","ast-disable-related-posts":"","theme-transparent-header-meta":"","adv-header-id-meta":"","stick-header-meta":"","header-above-stick-meta":"","header-main-stick-meta":"","header-below-stick-meta":"","astra-migrate-meta-layouts":"set","ast-page-background-enabled":"default","ast-page-background-meta":{"desktop":{"background-color":"var(--ast-global-color-4)","background-image":"","background-repeat":"repeat","background-position":"center center","background-size":"auto","background-attachment":"scroll","background-type":"","background-media":"","overlay-type":"","overlay-color":"","overlay-opacity":"","overlay-gradient":""},"tablet":{"background-color":"","background-image":"","background-repeat":"repeat","background-position":"center center","background-size":"auto","background-attachment":"scroll","background-type":"","background-media":"","overlay-type":"","overlay-color":"","overlay-opacity":"","overlay-gradient":""},"mobile":{"background-color":"","background-image":"","background-repeat":"repeat","background-position":"center center","background-size":"auto","background-attachment":"scroll","background-type":"","background-media":"","overlay-type":"","overlay-color":"","overlay-opacity":"","overlay-gradient":""}},"ast-content-background-meta":{"desktop":{"background-color":"var(--ast-global-color-5)","background-image":"","background-repeat":"repeat","background-position":"center center","background-size":"auto","background-attachment":"scroll","background-type":"","background-media":"","overlay-type":"","overlay-color":"","overlay-opacity":"","overlay-gradient":""},"tablet":{"background-color":"var(--ast-global-color-5)","background-image":"","background-repeat":"repeat","background-position":"center center","background-size":"auto","background-attachment":"scroll","background-type":"","background-media":"","overlay-type":"","overlay-color":"","overlay-opacity":"","overlay-gradient":""},"mobile":{"background-color":"var(--ast-global-color-5)","background-image":"","background-repeat":"repeat","background-position":"center center","background-size":"auto","background-attachment":"scroll","background-type":"","background-media":"","overlay-type":"","overlay-color":"","overlay-opacity":"","overlay-gradient":""}},"footnotes":""},"class_list":["post-19348","page","type-page","status-publish","hentry"],"aioseo_notices":[],"_links":{"self":[{"href":"https:\/\/drpascalmensah.com\/fr\/wp-json\/wp\/v2\/pages\/19348","targetHints":{"allow":["GET"]}}],"collection":[{"href":"https:\/\/drpascalmensah.com\/fr\/wp-json\/wp\/v2\/pages"}],"about":[{"href":"https:\/\/drpascalmensah.com\/fr\/wp-json\/wp\/v2\/types\/page"}],"author":[{"embeddable":true,"href":"https:\/\/drpascalmensah.com\/fr\/wp-json\/wp\/v2\/users\/207"}],"replies":[{"embeddable":true,"href":"https:\/\/drpascalmensah.com\/fr\/wp-json\/wp\/v2\/comments?post=19348"}],"version-history":[{"count":12,"href":"https:\/\/drpascalmensah.com\/fr\/wp-json\/wp\/v2\/pages\/19348\/revisions"}],"predecessor-version":[{"id":19495,"href":"https:\/\/drpascalmensah.com\/fr\/wp-json\/wp\/v2\/pages\/19348\/revisions\/19495"}],"up":[{"embeddable":true,"href":"https:\/\/drpascalmensah.com\/fr\/wp-json\/wp\/v2\/pages\/17929"}],"wp:attachment":[{"href":"https:\/\/drpascalmensah.com\/fr\/wp-json\/wp\/v2\/media?parent=19348"}],"curies":[{"name":"wp","href":"https:\/\/api.w.org\/{rel}","templated":true}]}}