{"id":18027,"date":"2025-11-05T19:10:51","date_gmt":"2025-11-05T19:10:51","guid":{"rendered":"https:\/\/drpascalmensah.com\/politique-de-remboursement\/"},"modified":"2026-04-18T07:21:09","modified_gmt":"2026-04-18T07:21:09","slug":"remboursement","status":"publish","type":"page","link":"https:\/\/drpascalmensah.com\/fr\/remboursement\/","title":{"rendered":"Politique de remboursement"},"content":{"rendered":"\t\t<div data-elementor-type=\"wp-page\" data-elementor-id=\"18027\" class=\"elementor elementor-18027 elementor-9201\" data-elementor-post-type=\"page\">\n\t\t\t\t<div class=\"elementor-element elementor-element-5df4351 e-flex e-con-boxed e-con e-parent\" data-id=\"5df4351\" data-element_type=\"container\" data-e-type=\"container\">\n\t\t\t\t\t<div class=\"e-con-inner\">\n\t\t\t\t<div class=\"elementor-element elementor-element-5b8ad3c elementor-widget elementor-widget-heading\" data-id=\"5b8ad3c\" data-element_type=\"widget\" data-e-type=\"widget\" data-widget_type=\"heading.default\">\n\t\t\t\t\t<h2 class=\"elementor-heading-title elementor-size-default\">Politique de remboursement<\/h2>\t\t\t\t<\/div>\n\t\t\t\t\t<\/div>\n\t\t\t\t<\/div>\n\t\t<div class=\"elementor-element elementor-element-a50283d e-flex e-con-boxed e-con e-parent\" data-id=\"a50283d\" data-element_type=\"container\" data-e-type=\"container\">\n\t\t\t\t\t<div class=\"e-con-inner\">\n\t\t\t\t<div class=\"elementor-element elementor-element-23dc058 elementor-widget elementor-widget-text-editor\" data-id=\"23dc058\" data-element_type=\"widget\" data-e-type=\"widget\" data-widget_type=\"text-editor.default\">\n\t\t\t\t\t\t\t\t\t<ol><li>\u00c9<b style=\"font-size: 18px;\">ligibilit\u00e9 :<\/b> Nous comprenons que des circonstances peuvent survenir n\u00e9cessitant une demande de remboursement. Les remboursements sont effectu\u00e9s \u00e0 notre discr\u00e9tion et sont soumis \u00e0 certaines conditions. Pour \u00eatre \u00e9ligible \u00e0 un remboursement, vous devez contacter notre service client dans le d\u00e9lai sp\u00e9cifi\u00e9 et fournir un motif valable pour votre demande.  <br><br><\/li><li><b style=\"font-size: 18px;\">Retour des produits : <\/b>Si vous avez re\u00e7u des produits physiques de Ymmunoledge et que vous n\u2019\u00eates pas satisfait ou rencontrez un probl\u00e8me, veuillez contacter notre service client pour initier le processus de retour et recevoir les instructions n\u00e9cessaires. Les remboursements pour les produits retourn\u00e9s sont soumis \u00e0 inspection et approbation. <br><br><\/li><li><b style=\"font-size: 18px;\">Annulation de services : <\/b>Si vous souhaitez annuler un service achet\u00e9 aupr\u00e8s de Ymmunoledge, veuillez vous r\u00e9f\u00e9rer \u00e0 notre politique d\u2019annulation pour d\u00e9terminer si vous \u00eates \u00e9ligible \u00e0 un remboursement. Certains services peuvent avoir des conditions d\u2019annulation sp\u00e9cifiques et des d\u00e9lais pr\u00e9cis. <br><br><\/li><li><b style=\"font-size: 18px;\">D\u00e9lai de traitement : <\/b>Une fois que nous approuvons votre demande de remboursement, nous traiterons le remboursement dans un d\u00e9lai raisonnable. Le d\u00e9lai exact peut varier en fonction du mode de paiement, des institutions financi\u00e8res et d\u2019autres facteurs pertinents. <\/li><li style=\"list-style-type: none;\"><ol><li style=\"list-style-type: none;\"> <\/li><\/ol><\/li><\/ol>\t\t\t\t\t\t\t\t<\/div>\n\t\t\t\t\t<\/div>\n\t\t\t\t<\/div>\n\t\t\t\t<\/div>\n\t\t","protected":false},"excerpt":{"rendered":"<p>Politique de remboursement \u00c9ligibilit\u00e9 : Nous comprenons que des circonstances peuvent survenir n\u00e9cessitant une demande de remboursement. Les remboursements sont effectu\u00e9s \u00e0 notre discr\u00e9tion et sont soumis \u00e0 certaines conditions. Pour \u00eatre \u00e9ligible \u00e0 un remboursement, vous devez contacter notre service client dans le d\u00e9lai sp\u00e9cifi\u00e9 et fournir un motif valable pour votre demande. Retour [&hellip;]<\/p>\n","protected":false},"author":207,"featured_media":0,"parent":0,"menu_order":0,"comment_status":"closed","ping_status":"closed","template":"elementor_header_footer","meta":{"site-sidebar-layout":"default","site-content-layout":"","ast-site-content-layout":"default","site-content-style":"default","site-sidebar-style":"default","ast-global-header-display":"","ast-banner-title-visibility":"","ast-main-header-display":"","ast-hfb-above-header-display":"","ast-hfb-below-header-display":"","ast-hfb-mobile-header-display":"","site-post-title":"","ast-breadcrumbs-content":"","ast-featured-img":"","footer-sml-layout":"","ast-disable-related-posts":"","theme-transparent-header-meta":"","adv-header-id-meta":"","stick-header-meta":"","header-above-stick-meta":"","header-main-stick-meta":"","header-below-stick-meta":"","astra-migrate-meta-layouts":"set","ast-page-background-enabled":"default","ast-page-background-meta":{"desktop":{"background-color":"var(--ast-global-color-4)","background-image":"","background-repeat":"repeat","background-position":"center center","background-size":"auto","background-attachment":"scroll","background-type":"","background-media":"","overlay-type":"","overlay-color":"","overlay-opacity":"","overlay-gradient":""},"tablet":{"background-color":"","background-image":"","background-repeat":"repeat","background-position":"center center","background-size":"auto","background-attachment":"scroll","background-type":"","background-media":"","overlay-type":"","overlay-color":"","overlay-opacity":"","overlay-gradient":""},"mobile":{"background-color":"","background-image":"","background-repeat":"repeat","background-position":"center center","background-size":"auto","background-attachment":"scroll","background-type":"","background-media":"","overlay-type":"","overlay-color":"","overlay-opacity":"","overlay-gradient":""}},"ast-content-background-meta":{"desktop":{"background-color":"var(--ast-global-color-5)","background-image":"","background-repeat":"repeat","background-position":"center center","background-size":"auto","background-attachment":"scroll","background-type":"","background-media":"","overlay-type":"","overlay-color":"","overlay-opacity":"","overlay-gradient":""},"tablet":{"background-color":"var(--ast-global-color-5)","background-image":"","background-repeat":"repeat","background-position":"center center","background-size":"auto","background-attachment":"scroll","background-type":"","background-media":"","overlay-type":"","overlay-color":"","overlay-opacity":"","overlay-gradient":""},"mobile":{"background-color":"var(--ast-global-color-5)","background-image":"","background-repeat":"repeat","background-position":"center center","background-size":"auto","background-attachment":"scroll","background-type":"","background-media":"","overlay-type":"","overlay-color":"","overlay-opacity":"","overlay-gradient":""}},"footnotes":""},"class_list":["post-18027","page","type-page","status-publish","hentry"],"aioseo_notices":[],"_links":{"self":[{"href":"https:\/\/drpascalmensah.com\/fr\/wp-json\/wp\/v2\/pages\/18027","targetHints":{"allow":["GET"]}}],"collection":[{"href":"https:\/\/drpascalmensah.com\/fr\/wp-json\/wp\/v2\/pages"}],"about":[{"href":"https:\/\/drpascalmensah.com\/fr\/wp-json\/wp\/v2\/types\/page"}],"author":[{"embeddable":true,"href":"https:\/\/drpascalmensah.com\/fr\/wp-json\/wp\/v2\/users\/207"}],"replies":[{"embeddable":true,"href":"https:\/\/drpascalmensah.com\/fr\/wp-json\/wp\/v2\/comments?post=18027"}],"version-history":[{"count":2,"href":"https:\/\/drpascalmensah.com\/fr\/wp-json\/wp\/v2\/pages\/18027\/revisions"}],"predecessor-version":[{"id":21057,"href":"https:\/\/drpascalmensah.com\/fr\/wp-json\/wp\/v2\/pages\/18027\/revisions\/21057"}],"wp:attachment":[{"href":"https:\/\/drpascalmensah.com\/fr\/wp-json\/wp\/v2\/media?parent=18027"}],"curies":[{"name":"wp","href":"https:\/\/api.w.org\/{rel}","templated":true}]}}