{"id":18009,"date":"2025-11-05T19:10:45","date_gmt":"2025-11-05T19:10:45","guid":{"rendered":"https:\/\/drpascalmensah.com\/politique-de-confidentialite\/"},"modified":"2026-04-18T07:20:06","modified_gmt":"2026-04-18T07:20:06","slug":"confidentialite","status":"publish","type":"page","link":"https:\/\/drpascalmensah.com\/fr\/confidentialite\/","title":{"rendered":"Politique de confidentialit\u00e9"},"content":{"rendered":"\t\t<div data-elementor-type=\"wp-page\" data-elementor-id=\"18009\" class=\"elementor elementor-18009 elementor-9091\" data-elementor-post-type=\"page\">\n\t\t\t\t<div class=\"elementor-element elementor-element-5df4351 e-flex e-con-boxed e-con e-parent\" data-id=\"5df4351\" data-element_type=\"container\" data-e-type=\"container\">\n\t\t\t\t\t<div class=\"e-con-inner\">\n\t\t\t\t<div class=\"elementor-element elementor-element-5b8ad3c elementor-widget elementor-widget-heading\" data-id=\"5b8ad3c\" data-element_type=\"widget\" data-e-type=\"widget\" data-widget_type=\"heading.default\">\n\t\t\t\t\t<h2 class=\"elementor-heading-title elementor-size-default\">Politique de confidentialit\u00e9<\/h2>\t\t\t\t<\/div>\n\t\t\t\t<div class=\"elementor-element elementor-element-23dc058 elementor-widget elementor-widget-text-editor\" data-id=\"23dc058\" data-element_type=\"widget\" data-e-type=\"widget\" data-widget_type=\"text-editor.default\">\n\t\t\t\t\t\t\t\t\t<p><strong>Version<\/strong> : 5 \u2014 Avril 2026<br><strong>R\u00e9f\u00e9rences l\u00e9gales<\/strong> : RGPD (UE) 2016\/679 \u00b7 LOPDGDD 3\/2018 \u00b7 Loi espagnole 14\/2007 sur la recherche biom\u00e9dicale \u00b7 Loi 41\/2002 sur l&rsquo;autonomie du patient<\/p>\t\t\t\t\t\t\t\t<\/div>\n\t\t\t\t\t<\/div>\n\t\t\t\t<\/div>\n\t\t<div class=\"elementor-element elementor-element-6429550 e-flex e-con-boxed e-con e-parent\" data-id=\"6429550\" data-element_type=\"container\" data-e-type=\"container\">\n\t\t\t\t\t<div class=\"e-con-inner\">\n\t\t\t\t<div class=\"elementor-element elementor-element-7697de9 elementor-widget elementor-widget-heading\" data-id=\"7697de9\" data-element_type=\"widget\" data-e-type=\"widget\" data-widget_type=\"heading.default\">\n\t\t\t\t\t<h3 class=\"elementor-heading-title elementor-size-default\">1. Responsable du Traitement<\/h3>\t\t\t\t<\/div>\n\t\t\t\t<div class=\"elementor-element elementor-element-1760444 elementor-widget elementor-widget-html\" data-id=\"1760444\" data-element_type=\"widget\" data-e-type=\"widget\" data-widget_type=\"html.default\">\n\t\t\t\t\t<div>\n\n\n<style>\ntable {\n  font-family: arial, sans-serif;\n  border-collapse: collapse;\n  min-width: 500px;\n}\n\ntd, th {\n  border: 1px solid #dddddd;\n  text-align: left;\n  padding: 8px;\n}\n\ntr:nth-child(even) {\n  background-color: #dddddd;\n}\n<\/style>\n\n\n<div style=\"overflow-x: auto;\">\n<table>\n  <tr>\n    <th>Champ<\/th>\n<th>Valeur<\/th>\n  <\/tr>\n  <tr>\n    <td>Nom et pr\u00e9nom<\/td>\n<td>Dr. Pascal MENSAH<\/td>\n  <\/tr>\n  <tr>\n    <td>Nom commercial<\/td>\n<td>Ymmunoledge<\/td>\n  <\/tr>\n  <tr>\n    <td>Adresse<\/td>\n<td>Calle Solleric 3, 07340 Alar\u00f3, \u00celes Bal\u00e9ares, Espagne<\/td>\n  <\/tr>\n  <tr>\n    <td>Email<\/td>\n<td><u><a href=\"mailto:drpascalmensah@proton.me\">drpascalmensah@proton.me<\/a><\/u><\/td>\n  <\/tr>\n  <tr>\n    <td>Num\u00e9ro fiscal<\/td>\n<td>Y4159702M<\/td>\n  <\/tr>\n  <tr>\n    <td>N\u00b0 d'inscription au Conseil m\u00e9dical<\/td>\n<td>070710746<\/td>\n  <\/tr>\n  <tr>\n    <td>Site web<\/td>\n<td><u><a href=\"https:\/\/drpascalmensah.com\/fr\/\">https:\/\/drpascalmensah.com<\/a><\/u><\/td>\n  <\/tr>\n<\/table>\n<\/div>\n\n\n\n<\/div>\t\t\t\t<\/div>\n\t\t\t\t\t<\/div>\n\t\t\t\t<\/div>\n\t\t<div class=\"elementor-element elementor-element-2c5d41f e-flex e-con-boxed e-con e-parent\" data-id=\"2c5d41f\" data-element_type=\"container\" data-e-type=\"container\">\n\t\t\t\t\t<div class=\"e-con-inner\">\n\t\t\t\t<div class=\"elementor-element elementor-element-f79d98f elementor-widget elementor-widget-heading\" data-id=\"f79d98f\" data-element_type=\"widget\" data-e-type=\"widget\" data-widget_type=\"heading.default\">\n\t\t\t\t\t<h3 class=\"elementor-heading-title elementor-size-default\">2. Cat\u00e9gories de Donn\u00e9es Trait\u00e9es<\/h3>\t\t\t\t<\/div>\n\t\t\t\t<div class=\"elementor-element elementor-element-5bca265 elementor-widget elementor-widget-text-editor\" data-id=\"5bca265\" data-element_type=\"widget\" data-e-type=\"widget\" data-widget_type=\"text-editor.default\">\n\t\t\t\t\t\t\t\t\t<h4>2.1 Donn\u00e9es de navigation (automatiques)<\/h4><p>Adresse IP, type de navigateur, pages consult\u00e9es, dur\u00e9e de session. Utilis\u00e9es exclusivement pour le fonctionnement technique du site et les statistiques agr\u00e9g\u00e9es. <\/p><h4>2.2 Donn\u00e9es de r\u00e9servation<\/h4><p>Nom et pr\u00e9nom, email, t\u00e9l\u00e9phone, pays de r\u00e9sidence et informations de sant\u00e9 volontairement fournies.<\/p><h4>2.3 Donn\u00e9es de sant\u00e9 (Art. 9 RGPD)<\/h4><p>Ant\u00e9c\u00e9dents m\u00e9dicaux, marqueurs biologiques, profil d&rsquo;\u00e2ge biologique GlycanAge, rapport clinique personnalis\u00e9.<\/p><h4>2.4 Donn\u00e9es g\u00e9n\u00e9tiques<\/h4><p>L&rsquo;analyse en laboratoire est r\u00e9alis\u00e9e exclusivement par <strong>N-Gene<\/strong> (Majorque, Espagne), responsable du traitement ind\u00e9pendant sous son propre dispositif de consentement. Le Dr. Mensah re\u00e7oit les donn\u00e9es g\u00e9n\u00e9tiques brutes et le rapport de r\u00e9sultats aux fins d&rsquo;interpr\u00e9tation clinique personnalis\u00e9e. <br><br>Variants trait\u00e9s : MTHFR, VDR, IL6, TNF, FADS1\/2, CYP1A2, GSTT1, TCF7L2 et autres.<\/p><h4>2.5 M\u00e9thodologie d&rsquo;interpr\u00e9tation g\u00e9n\u00e9tique<\/h4><p>Interpr\u00e9tation r\u00e9alis\u00e9e int\u00e9gralement par le Dr. Mensah sur la base de la litt\u00e9rature scientifique de r\u00e9f\u00e9rence (PubMed, ClinVar, OMIM, recommandations de bonnes pratiques). <strong>Aucun outil d&rsquo;intelligence artificielle externe n&rsquo;est utilis\u00e9<\/strong> pour les donn\u00e9es g\u00e9n\u00e9tiques identifiables des patients.<\/p><h4>2.6 Donn\u00e9es de communication<\/h4><p>Emails et messages WhatsApp (+34 626 175 546) trait\u00e9s exclusivement pour r\u00e9pondre aux demandes des patients.<\/p>\t\t\t\t\t\t\t\t<\/div>\n\t\t\t\t\t<\/div>\n\t\t\t\t<\/div>\n\t\t<div class=\"elementor-element elementor-element-f002acd e-flex e-con-boxed e-con e-parent\" data-id=\"f002acd\" data-element_type=\"container\" data-e-type=\"container\">\n\t\t\t\t\t<div class=\"e-con-inner\">\n\t\t\t\t<div class=\"elementor-element elementor-element-698c2ea elementor-widget elementor-widget-heading\" data-id=\"698c2ea\" data-element_type=\"widget\" data-e-type=\"widget\" data-widget_type=\"heading.default\">\n\t\t\t\t\t<h3 class=\"elementor-heading-title elementor-size-default\">3. Finalit\u00e9s et Bases Juridiques<\/h3>\t\t\t\t<\/div>\n\t\t\t\t<div class=\"elementor-element elementor-element-8549cfe elementor-widget elementor-widget-html\" data-id=\"8549cfe\" data-element_type=\"widget\" data-e-type=\"widget\" data-widget_type=\"html.default\">\n\t\t\t\t\t<div>\n\n\n<style>\ntable {\n  font-family: arial, sans-serif;\n  border-collapse: collapse;\n  min-width: 600px;\n}\n\ntd, th {\n  border: 1px solid #dddddd;\n  text-align: left;\n  padding: 8px;\n}\n\ntr:nth-child(even) {\n  background-color: #dddddd;\n}\n<\/style>\n\n\n<div style=\"overflow-x: auto;\">\n<table>\n  <tr>\n    <th>Finalit\u00e9<\/th>\n<th>Base juridique<\/th>\n<th>R\u00e9glementation<\/th>\n  <\/tr>\n  <tr>\n    <td>Gestion des r\u00e9servations<\/td>\n<td>Art. 6.1(b) + 6.1(a)<\/td>\n<td>Loi 41\/2002<\/td>\n  <\/tr>\n  <tr>\n    <td>Consultation clinique<\/td>\n<td>Art. 6.1(b) + 9.2(h)<\/td>\n<td>LOPS ; Loi 41\/2002<\/td>\n  <\/tr>\n  <tr>\n    <td>Interpr\u00e9tation g\u00e9n\u00e9tique (N-Gene)<\/td>\n<td>Art. 9.2(a) + 9.2(h)<\/td>\n<td>Loi 14\/2007 Art. 45\u201347<\/td>\n  <\/tr>\n  <tr>\n    <td>Profil GlycanAge<\/td>\n<td>Art. 9.2(h) + 9.2(a)<\/td>\n<td>Loi 41\/2002<\/td>\n  <\/tr>\n  <tr>\n    <td>Rapport clinique et strat\u00e9gie th\u00e9rapeutique<\/td>\n<td>Art. 6.1(b) + 9.2(h)<\/td>\n<td>Loi 41\/2002<\/td>\n  <\/tr>\n  <tr>\n    <td>Statistiques du site (anonymis\u00e9es)<\/td>\n<td>Art. 6.1(a) cookies<\/td>\n<td>ePrivacy; LOPDGDD<\/td>\n  <\/tr>\n  <tr>\n    <td>R\u00e9ponse aux demandes<\/td>\n<td>Art. 6.1(b) + 6.1(a)<\/td>\n<td>\u2014<\/td>\n  <\/tr>\n<\/table>\n<\/div>\n\n\n\n<\/div>\t\t\t\t<\/div>\n\t\t\t\t\t<\/div>\n\t\t\t\t<\/div>\n\t\t<div class=\"elementor-element elementor-element-abb986e e-flex e-con-boxed e-con e-parent\" data-id=\"abb986e\" data-element_type=\"container\" data-e-type=\"container\">\n\t\t\t\t\t<div class=\"e-con-inner\">\n\t\t\t\t<div class=\"elementor-element elementor-element-2a16b1f elementor-widget elementor-widget-heading\" data-id=\"2a16b1f\" data-element_type=\"widget\" data-e-type=\"widget\" data-widget_type=\"heading.default\">\n\t\t\t\t\t<h3 class=\"elementor-heading-title elementor-size-default\">4. AIPD \u2014 Art. 35 RGPD<\/h3>\t\t\t\t<\/div>\n\t\t\t\t<div class=\"elementor-element elementor-element-0223e36 elementor-widget elementor-widget-text-editor\" data-id=\"0223e36\" data-element_type=\"widget\" data-e-type=\"widget\" data-widget_type=\"text-editor.default\">\n\t\t\t\t\t\t\t\t\tLe traitement des donn\u00e9es g\u00e9n\u00e9tiques brutes constitue un traitement sp\u00e9cifiqus. La r\u00e9alisation et la documentation d&rsquo;une Analyse d&rsquo;Impact relative \u00e0 la Protection des Donn\u00e9es (AIPD) sont obligatoires. Le recours \u00e0 un expert sp\u00e9cialis\u00e9 est vivement recommand\u00e9.  \t\t\t\t\t\t\t\t<\/div>\n\t\t\t\t\t<\/div>\n\t\t\t\t<\/div>\n\t\t<div class=\"elementor-element elementor-element-68f8615 e-flex e-con-boxed e-con e-parent\" data-id=\"68f8615\" data-element_type=\"container\" data-e-type=\"container\">\n\t\t\t\t\t<div class=\"e-con-inner\">\n\t\t\t\t<div class=\"elementor-element elementor-element-fe12dc0 elementor-widget elementor-widget-heading\" data-id=\"fe12dc0\" data-element_type=\"widget\" data-e-type=\"widget\" data-widget_type=\"heading.default\">\n\t\t\t\t\t<h3 class=\"elementor-heading-title elementor-size-default\">5. Dur\u00e9es de Conservation<\/h3>\t\t\t\t<\/div>\n\t\t\t\t<div class=\"elementor-element elementor-element-ee459af elementor-widget elementor-widget-text-editor\" data-id=\"ee459af\" data-element_type=\"widget\" data-e-type=\"widget\" data-widget_type=\"text-editor.default\">\n\t\t\t\t\t\t\t\t\t<ul><li>Donn\u00e9es cliniques et g\u00e9n\u00e9tiques : minimum 5 ans \u00e0 compter de la derni\u00e8re consultation (Loi 41\/2002)<\/li><li><strong>Donn\u00e9es de contact et communications<\/strong> : 3 ans \u00e0 compter de la derni\u00e8re interaction<\/li><li><strong>Donn\u00e9es de navigation<\/strong> : selon le type de cookie<\/li><li><strong>Donn\u00e9es de facturation<\/strong> : 6 ans (droit commercial espagnol)<\/li><\/ul>\t\t\t\t\t\t\t\t<\/div>\n\t\t\t\t\t<\/div>\n\t\t\t\t<\/div>\n\t\t<div class=\"elementor-element elementor-element-64c99b8 e-flex e-con-boxed e-con e-parent\" data-id=\"64c99b8\" data-element_type=\"container\" data-e-type=\"container\">\n\t\t\t\t\t<div class=\"e-con-inner\">\n\t\t\t\t<div class=\"elementor-element elementor-element-da74c9b elementor-widget elementor-widget-heading\" data-id=\"da74c9b\" data-element_type=\"widget\" data-e-type=\"widget\" data-widget_type=\"heading.default\">\n\t\t\t\t\t<h3 class=\"elementor-heading-title elementor-size-default\">6. Destinataires<\/h3>\t\t\t\t<\/div>\n\t\t\t\t<div class=\"elementor-element elementor-element-596bfc0 elementor-widget elementor-widget-text-editor\" data-id=\"596bfc0\" data-element_type=\"widget\" data-e-type=\"widget\" data-widget_type=\"text-editor.default\">\n\t\t\t\t\t\t\t\t\t<h4>6.1 N-Gene \u2014 Responsable ind\u00e9pendant<\/h4><p>N-Gene (Majorque) agit en tant que responsable du traitement ind\u00e9pendant pour l&rsquo;analyse en laboratoire. Pour toute question relative au traitement de l&rsquo;\u00e9chantillon, le patient doit s&rsquo;adresser directement \u00e0 N-Gene. <\/p><h4>6.2 GlycanAge (le cas \u00e9ch\u00e9ant)<\/h4><p>GlycanAge Ltd. (Royaume-Uni) \u2014 responsable ind\u00e9pendant pour l&rsquo;analyse du profil glycanique. [V\u00e9rifier les garanties de transfert international post-Brexit.] <\/p><h4>6.3 Autres prestataires (sous-traitants)<\/h4>\t\t\t\t\t\t\t\t<\/div>\n\t\t\t\t<div class=\"elementor-element elementor-element-ef21afe elementor-widget elementor-widget-html\" data-id=\"ef21afe\" data-element_type=\"widget\" data-e-type=\"widget\" data-widget_type=\"html.default\">\n\t\t\t\t\t<div>\n\n\n<style>\ntable {\n  font-family: arial, sans-serif;\n  border-collapse: collapse;\n  min-width: 700px;\n}\n\ntd, th {\n  border: 1px solid #dddddd;\n  text-align: left;\n  padding: 8px;\n}\n\ntr:nth-child(even) {\n  background-color: #dddddd;\n}\n<\/style>\n\n\n<div style=\"overflow-x: auto;\">\n<table>\n  <tr>\n    <th>Prestataire<\/th>\n<th>Finalit\u00e9<\/th>\n<th>Localisation<\/th>\n  <\/tr>\n  <tr>\n    <td>Sistema de reservas TopDoctors.es<\/td>\n<td>Gestion des rendez-vous<\/td>\n<td>Barcelona, Spain.<\/td>\n  <\/tr>\n  <tr>\n    <td>Hosting WordPress Digital Business Lounge<\/td>\n<td>H\u00e9bergement du site<\/td>\n<td>Farnborough, Hampshire, United Kingdom.<\/td>\n  <\/tr>\n  <tr>\n    <td>Complianz BV<\/td>\n<td>Gestion du consentement aux cookies<\/td>\n<td>UE (Pays-Bas)<\/td>\n  <\/tr>\n  <tr>\n    <td>DeepL Pro (DeepL SE)<\/td>\n<td>Traduction de documents cliniques d\u00e9sidentifi\u00e9s<\/td>\n<td>UE (Allemagne) \u2014 DPA sign\u00e9<\/td>\n  <\/tr>\n<\/table>\n<\/div>\n\n\n\n<\/div>\t\t\t\t<\/div>\n\t\t\t\t\t<\/div>\n\t\t\t\t<\/div>\n\t\t<div class=\"elementor-element elementor-element-f3bb35d e-flex e-con-boxed e-con e-parent\" data-id=\"f3bb35d\" data-element_type=\"container\" data-e-type=\"container\">\n\t\t\t\t\t<div class=\"e-con-inner\">\n\t\t\t\t<div class=\"elementor-element elementor-element-7296a7a elementor-widget elementor-widget-heading\" data-id=\"7296a7a\" data-element_type=\"widget\" data-e-type=\"widget\" data-widget_type=\"heading.default\">\n\t\t\t\t\t<h3 class=\"elementor-heading-title elementor-size-default\">7. Vos Droits<\/h3>\t\t\t\t<\/div>\n\t\t\t\t<div class=\"elementor-element elementor-element-2918917 elementor-widget elementor-widget-html\" data-id=\"2918917\" data-element_type=\"widget\" data-e-type=\"widget\" data-widget_type=\"html.default\">\n\t\t\t\t\t<div>\n\n\n<style>\ntable {\n  font-family: arial, sans-serif;\n  border-collapse: collapse;\n  min-width: 500px;\n}\n\ntd, th {\n  border: 1px solid #dddddd;\n  text-align: left;\n  padding: 8px;\n}\n\ntr:nth-child(even) {\n  background-color: #dddddd;\n}\n<\/style>\n\n\n<div style=\"overflow-x: auto;\">\n<table>\n  <tr>\n    <th>Droit<\/th>\n<th>Description<\/th>\n  <\/tr>\n  <tr>\n    <td>Acc\u00e8s<\/td>\n<td>Copie des donn\u00e9es g\u00e9n\u00e9tiques brutes, cliniques et des rapports<\/td>\n  <\/tr>\n  <tr>\n    <td>Rectification<\/td>\n<td>Correction des donn\u00e9es inexactes<\/td>\n  <\/tr>\n  <tr>\n    <td>Effacement<\/td>\n<td>Suppression lorsque les donn\u00e9es ne sont plus n\u00e9cessaires<\/td>\n  <\/tr>\n  <tr>\n    <td>Limitation<\/td>\n<td>Suspension temporaire du traitement<\/td>\n  <\/tr>\n  <tr>\n    <td>Portabilit\u00e9<\/td>\n<td>Donn\u00e9es dans un format structur\u00e9<\/td>\n  <\/tr>\n  <tr>\n    <td>Opposition<\/td>\n<td>S'opposer au traitement fond\u00e9 sur l'int\u00e9r\u00eat l\u00e9gitime<\/td>\n  <\/tr>\n  <tr>\n    <td>Retrait du consentement<\/td>\n<td>Sans effet r\u00e9troactif<\/td>\n  <\/tr>\n  <tr>\n    <td>Droit de ne pas \u00eatre inform\u00e9 (g\u00e9n\u00e9tique)<\/td>\n<td>Loi 14\/2007 Art. 4 ; Loi 41\/2002<\/td>\n  <\/tr>\n<\/table>\n<\/div>\n\n\n\n<\/div>\t\t\t\t<\/div>\n\t\t\t\t<div class=\"elementor-element elementor-element-c8f2f54 elementor-widget elementor-widget-text-editor\" data-id=\"c8f2f54\" data-element_type=\"widget\" data-e-type=\"widget\" data-widget_type=\"text-editor.default\">\n\t\t\t\t\t\t\t\t\t<p>Contact : <a href=\"mailto:drpascalmensah@proton.me\"><span style=\"text-decoration: underline;\">drpascalmensah@proton.me<\/span><\/a><br>Autorit\u00e9 de contr\u00f4le : <strong>AEPD<\/strong> \u2014 <span style=\"text-decoration: underline;\"><a href=\"http:\/\/www.aepd.es\">www.aepd.es<\/a><\/span> | CNIL (patients en France) \u2014 www.cnil.fr<\/p>\t\t\t\t\t\t\t\t<\/div>\n\t\t\t\t\t<\/div>\n\t\t\t\t<\/div>\n\t\t<div class=\"elementor-element elementor-element-ecf7fae e-flex e-con-boxed e-con e-parent\" data-id=\"ecf7fae\" data-element_type=\"container\" data-e-type=\"container\">\n\t\t\t\t\t<div class=\"e-con-inner\">\n\t\t\t\t<div class=\"elementor-element elementor-element-b8bcb25 elementor-widget elementor-widget-heading\" data-id=\"b8bcb25\" data-element_type=\"widget\" data-e-type=\"widget\" data-widget_type=\"heading.default\">\n\t\t\t\t\t<h3 class=\"elementor-heading-title elementor-size-default\">8. Mesures de S\u00e9curit\u00e9<\/h3>\t\t\t\t<\/div>\n\t\t\t\t<div class=\"elementor-element elementor-element-4740155 elementor-widget elementor-widget-text-editor\" data-id=\"4740155\" data-element_type=\"widget\" data-e-type=\"widget\" data-widget_type=\"text-editor.default\">\n\t\t\t\t\t\t\t\t\t<ul><li>Transmission chiffr\u00e9e HTTPS\/TLS<\/li><li>Acc\u00e8s aux donn\u00e9es g\u00e9n\u00e9tiques brutes strictement limit\u00e9 au Dr. Mensah<\/li><li>Donn\u00e9es g\u00e9n\u00e9tiques identifiables non transmises \u00e0 des plateformes externes<\/li><li>Sauvegardes r\u00e9guli\u00e8res et proc\u00e9dures document\u00e9es de reprise apr\u00e8s incident<\/li><li>Notification des violations \u00e0 l&rsquo;AEPD (Art. 33 RGPD) dans les d\u00e9lais l\u00e9gaux<\/li><\/ul>\t\t\t\t\t\t\t\t<\/div>\n\t\t\t\t\t<\/div>\n\t\t\t\t<\/div>\n\t\t<div class=\"elementor-element elementor-element-688294c e-flex e-con-boxed e-con e-parent\" data-id=\"688294c\" data-element_type=\"container\" data-e-type=\"container\">\n\t\t\t\t\t<div class=\"e-con-inner\">\n\t\t\t\t<div class=\"elementor-element elementor-element-2851039 elementor-widget elementor-widget-heading\" data-id=\"2851039\" data-element_type=\"widget\" data-e-type=\"widget\" data-widget_type=\"heading.default\">\n\t\t\t\t\t<h3 class=\"elementor-heading-title elementor-size-default\">9. Programmes d'Affiliation et R\u00e9f\u00e9rences Commerciales<\/h3>\t\t\t\t<\/div>\n\t\t\t\t<div class=\"elementor-element elementor-element-37352c4 elementor-widget elementor-widget-text-editor\" data-id=\"37352c4\" data-element_type=\"widget\" data-e-type=\"widget\" data-widget_type=\"text-editor.default\">\n\t\t\t\t\t\t\t\t\t<p>Le Dr. Mensah peut participer \u00e0 des programmes d&rsquo;affiliation r\u00e9mun\u00e9r\u00e9s. Lorsqu&rsquo;une relation d&rsquo;affiliation active existe, elle sera clairement signal\u00e9e <strong>[Lien d&rsquo;affiliation]<\/strong> ou <strong>[Partenariat r\u00e9mun\u00e9r\u00e9]<\/strong>. Les r\u00e9f\u00e9rences sans mention sont des recommandations cliniques ind\u00e9pendantes.  <\/p>\t\t\t\t\t\t\t\t<\/div>\n\t\t\t\t\t<\/div>\n\t\t\t\t<\/div>\n\t\t<div class=\"elementor-element elementor-element-3a925d9 e-flex e-con-boxed e-con e-parent\" data-id=\"3a925d9\" data-element_type=\"container\" data-e-type=\"container\">\n\t\t\t\t\t<div class=\"e-con-inner\">\n\t\t\t\t<div class=\"elementor-element elementor-element-8ca0bb6 elementor-widget elementor-widget-heading\" data-id=\"8ca0bb6\" data-element_type=\"widget\" data-e-type=\"widget\" data-widget_type=\"heading.default\">\n\t\t\t\t\t<h3 class=\"elementor-heading-title elementor-size-default\">10. Mineurs<\/h3>\t\t\t\t<\/div>\n\t\t\t\t<div class=\"elementor-element elementor-element-e30991a elementor-widget elementor-widget-text-editor\" data-id=\"e30991a\" data-element_type=\"widget\" data-e-type=\"widget\" data-widget_type=\"text-editor.default\">\n\t\t\t\t\t\t\t\t\t<p>Services destin\u00e9s exclusivement aux personnes majeures (18 ans et plus).<\/p>\t\t\t\t\t\t\t\t<\/div>\n\t\t\t\t\t<\/div>\n\t\t\t\t<\/div>\n\t\t<div class=\"elementor-element elementor-element-fa0bd4e e-flex e-con-boxed e-con e-parent\" data-id=\"fa0bd4e\" data-element_type=\"container\" data-e-type=\"container\">\n\t\t\t\t\t<div class=\"e-con-inner\">\n\t\t\t\t<div class=\"elementor-element elementor-element-d8e20a0 elementor-widget elementor-widget-heading\" data-id=\"d8e20a0\" data-element_type=\"widget\" data-e-type=\"widget\" data-widget_type=\"heading.default\">\n\t\t\t\t\t<h3 class=\"elementor-heading-title elementor-size-default\">11. Mise \u00e0 Jour<\/h3>\t\t\t\t<\/div>\n\t\t\t\t<div class=\"elementor-element elementor-element-4d1598e elementor-widget elementor-widget-text-editor\" data-id=\"4d1598e\" data-element_type=\"widget\" data-e-type=\"widget\" data-widget_type=\"text-editor.default\">\n\t\t\t\t\t\t\t\t\t<p>Politique disponible sur <span style=\"text-decoration: underline;\"><a href=\"https:\/\/drpascalmensah.com\/fr\/\">https:\/\/drpascalmensah.com<\/a><\/span>. Derni\u00e8re r\u00e9vision : Avril 2026. <\/p>\t\t\t\t\t\t\t\t<\/div>\n\t\t\t\t\t<\/div>\n\t\t\t\t<\/div>\n\t\t<div class=\"elementor-element elementor-element-cf3f0dc e-flex e-con-boxed e-con e-parent\" data-id=\"cf3f0dc\" data-element_type=\"container\" data-e-type=\"container\">\n\t\t\t\t\t<div class=\"e-con-inner\">\n\t\t\t\t<div class=\"elementor-element elementor-element-9a30564 elementor-widget elementor-widget-heading\" data-id=\"9a30564\" data-element_type=\"widget\" data-e-type=\"widget\" data-widget_type=\"heading.default\">\n\t\t\t\t\t<h3 class=\"elementor-heading-title elementor-size-default\">12. DPD et Contact<\/h3>\t\t\t\t<\/div>\n\t\t\t\t<div class=\"elementor-element elementor-element-ae468b6 elementor-widget elementor-widget-text-editor\" data-id=\"ae468b6\" data-element_type=\"widget\" data-e-type=\"widget\" data-widget_type=\"text-editor.default\">\n\t\t\t\t\t\t\t\t\t<p>Le traitement des donn\u00e9es g\u00e9n\u00e9tiques brutes peut rendre obligatoire la d\u00e9signation d&rsquo;un D\u00e9l\u00e9gu\u00e9 \u00e0 la Protection des Donn\u00e9es (DPD) (Art. 37.1 c) RGPD). Consulter un expert sp\u00e9cialis\u00e9 en protection des donn\u00e9es de sant\u00e9.  <\/p>\t\t\t\t\t\t\t\t<\/div>\n\t\t\t\t<div class=\"elementor-element elementor-element-84e1451 elementor-widget elementor-widget-html\" data-id=\"84e1451\" data-element_type=\"widget\" data-e-type=\"widget\" data-widget_type=\"html.default\">\n\t\t\t\t\t<div>\n\n\n<style>\ntable {\n  font-family: arial, sans-serif;\n  border-collapse: collapse;\n  width: 0%;\n}\n\ntd, th {\n  border: 1px solid #dddddd;\n  text-align: left;\n  padding: 8px;\n}\n\ntr:nth-child(even) {\n  background-color: #dddddd;\n}\n<\/style>\n\n\n<div style=\"overflow-x: auto;\">\n<table>\n  <tr>\n    <th>Champ<\/th>\n<th>Valeur<\/th>\n  <\/tr>\n  <tr>\n    <td>Responsable du traitement<\/td>\n<td>Dr. Pascal MENSAH<\/td>\n  <\/tr>\n  <tr>\n    <td>Email<\/td>\n<td><u><a href=\"mailto:drpascalmensah@proton.me\">drpascalmensah@proton.me<\/a><\/u><\/td>\n  <\/tr>\n  <tr>\n    <td>Adresse<\/td>\n<td>Calle Solleric 3, 07340 Alar\u00f3, \u00celes Bal\u00e9ares, Espagne<\/td>\n  <\/tr>\n  <tr>\n    <td>DPD<\/td>\n<td>\u00ab d\u00e9signation en cours \u00bb<\/td>\n  <\/tr>\n<\/table>\n<\/div>\n\n\n\n<\/div>\t\t\t\t<\/div>\n\t\t\t\t\t<\/div>\n\t\t\t\t<\/div>\n\t\t\t\t<\/div>\n\t\t","protected":false},"excerpt":{"rendered":"<p>Politique de confidentialit\u00e9 Version : 5 \u2014 Avril 2026R\u00e9f\u00e9rences l\u00e9gales : RGPD (UE) 2016\/679 \u00b7 LOPDGDD 3\/2018 \u00b7 Loi espagnole 14\/2007 sur la recherche biom\u00e9dicale \u00b7 Loi 41\/2002 sur l&rsquo;autonomie du patient 1. Responsable du Traitement Champ Valeur Nom et pr\u00e9nom Dr. Pascal MENSAH Nom commercial Ymmunoledge Adresse Calle Solleric 3, 07340 Alar\u00f3, \u00celes Bal\u00e9ares, [&hellip;]<\/p>\n","protected":false},"author":207,"featured_media":0,"parent":0,"menu_order":0,"comment_status":"closed","ping_status":"closed","template":"elementor_header_footer","meta":{"site-sidebar-layout":"default","site-content-layout":"","ast-site-content-layout":"default","site-content-style":"default","site-sidebar-style":"default","ast-global-header-display":"","ast-banner-title-visibility":"","ast-main-header-display":"","ast-hfb-above-header-display":"","ast-hfb-below-header-display":"","ast-hfb-mobile-header-display":"","site-post-title":"","ast-breadcrumbs-content":"","ast-featured-img":"","footer-sml-layout":"","ast-disable-related-posts":"","theme-transparent-header-meta":"","adv-header-id-meta":"","stick-header-meta":"","header-above-stick-meta":"","header-main-stick-meta":"","header-below-stick-meta":"","astra-migrate-meta-layouts":"set","ast-page-background-enabled":"default","ast-page-background-meta":{"desktop":{"background-color":"var(--ast-global-color-4)","background-image":"","background-repeat":"repeat","background-position":"center center","background-size":"auto","background-attachment":"scroll","background-type":"","background-media":"","overlay-type":"","overlay-color":"","overlay-opacity":"","overlay-gradient":""},"tablet":{"background-color":"","background-image":"","background-repeat":"repeat","background-position":"center center","background-size":"auto","background-attachment":"scroll","background-type":"","background-media":"","overlay-type":"","overlay-color":"","overlay-opacity":"","overlay-gradient":""},"mobile":{"background-color":"","background-image":"","background-repeat":"repeat","background-position":"center center","background-size":"auto","background-attachment":"scroll","background-type":"","background-media":"","overlay-type":"","overlay-color":"","overlay-opacity":"","overlay-gradient":""}},"ast-content-background-meta":{"desktop":{"background-color":"var(--ast-global-color-5)","background-image":"","background-repeat":"repeat","background-position":"center center","background-size":"auto","background-attachment":"scroll","background-type":"","background-media":"","overlay-type":"","overlay-color":"","overlay-opacity":"","overlay-gradient":""},"tablet":{"background-color":"var(--ast-global-color-5)","background-image":"","background-repeat":"repeat","background-position":"center center","background-size":"auto","background-attachment":"scroll","background-type":"","background-media":"","overlay-type":"","overlay-color":"","overlay-opacity":"","overlay-gradient":""},"mobile":{"background-color":"var(--ast-global-color-5)","background-image":"","background-repeat":"repeat","background-position":"center center","background-size":"auto","background-attachment":"scroll","background-type":"","background-media":"","overlay-type":"","overlay-color":"","overlay-opacity":"","overlay-gradient":""}},"footnotes":""},"class_list":["post-18009","page","type-page","status-publish","hentry"],"aioseo_notices":[],"_links":{"self":[{"href":"https:\/\/drpascalmensah.com\/fr\/wp-json\/wp\/v2\/pages\/18009","targetHints":{"allow":["GET"]}}],"collection":[{"href":"https:\/\/drpascalmensah.com\/fr\/wp-json\/wp\/v2\/pages"}],"about":[{"href":"https:\/\/drpascalmensah.com\/fr\/wp-json\/wp\/v2\/types\/page"}],"author":[{"embeddable":true,"href":"https:\/\/drpascalmensah.com\/fr\/wp-json\/wp\/v2\/users\/207"}],"replies":[{"embeddable":true,"href":"https:\/\/drpascalmensah.com\/fr\/wp-json\/wp\/v2\/comments?post=18009"}],"version-history":[{"count":2,"href":"https:\/\/drpascalmensah.com\/fr\/wp-json\/wp\/v2\/pages\/18009\/revisions"}],"predecessor-version":[{"id":21020,"href":"https:\/\/drpascalmensah.com\/fr\/wp-json\/wp\/v2\/pages\/18009\/revisions\/21020"}],"wp:attachment":[{"href":"https:\/\/drpascalmensah.com\/fr\/wp-json\/wp\/v2\/media?parent=18009"}],"curies":[{"name":"wp","href":"https:\/\/api.w.org\/{rel}","templated":true}]}}