{"id":17997,"date":"2026-01-07T17:00:20","date_gmt":"2026-01-07T17:00:20","guid":{"rendered":"https:\/\/drpascalmensah.com\/blog\/blog-immunologie\/"},"modified":"2026-04-18T07:26:39","modified_gmt":"2026-04-18T07:26:39","slug":"immunologie","status":"publish","type":"page","link":"https:\/\/drpascalmensah.com\/fr\/blog\/immunologie\/","title":{"rendered":"Blog \u2013 Immunologie"},"content":{"rendered":"\t\t<div data-elementor-type=\"wp-page\" data-elementor-id=\"17997\" class=\"elementor elementor-17997 elementor-15352\" data-elementor-post-type=\"page\">\n\t\t\t\t<div class=\"elementor-element elementor-element-4c78724 e-flex e-con-boxed e-con e-parent\" data-id=\"4c78724\" data-element_type=\"container\" data-e-type=\"container\">\n\t\t\t\t\t<div class=\"e-con-inner\">\n\t\t\t\t<div class=\"elementor-element elementor-element-db7c14d elementor-position-inline-start elementor-view-default elementor-mobile-position-block-start elementor-widget elementor-widget-icon-box\" data-id=\"db7c14d\" data-element_type=\"widget\" data-e-type=\"widget\" data-widget_type=\"icon-box.default\">\n\t\t\t\t\t\t\t<div class=\"elementor-icon-box-wrapper\">\n\n\t\t\t\t\t\t<div class=\"elementor-icon-box-icon\">\n\t\t\t\t<a href=\"https:\/\/drpascalmensah.com\/fr\/blog\/\" class=\"elementor-icon\" tabindex=\"-1\" aria-label=\"Tous les articles\">\n\t\t\t\t<i aria-hidden=\"true\" class=\"xlio ion-ios-arrow-round-back\"><\/i>\t\t\t\t<\/a>\n\t\t\t<\/div>\n\t\t\t\n\t\t\t\t\t\t<div class=\"elementor-icon-box-content\">\n\n\t\t\t\t\t\t\t\t\t<h3 class=\"elementor-icon-box-title\">\n\t\t\t\t\t\t<a href=\"https:\/\/drpascalmensah.com\/fr\/blog\/\" >\n\t\t\t\t\t\t\tTous les articles\t\t\t\t\t\t<\/a>\n\t\t\t\t\t<\/h3>\n\t\t\t\t\n\t\t\t\t\n\t\t\t<\/div>\n\t\t\t\n\t\t<\/div>\n\t\t\t\t\t\t<\/div>\n\t\t\t\t<div class=\"elementor-element elementor-element-4788374 elementor-invisible elementor-widget elementor-widget-heading\" data-id=\"4788374\" data-element_type=\"widget\" data-e-type=\"widget\" data-settings=\"{&quot;_animation&quot;:&quot;fadeInUp&quot;}\" data-widget_type=\"heading.default\">\n\t\t\t\t\t<h2 class=\"elementor-heading-title elementor-size-default\">BLOG<\/h2>\t\t\t\t<\/div>\n\t\t\t\t<div class=\"elementor-element elementor-element-4e6e653 elementor-invisible elementor-widget elementor-widget-heading\" data-id=\"4e6e653\" data-element_type=\"widget\" data-e-type=\"widget\" data-settings=\"{&quot;_animation&quot;:&quot;fadeInUp&quot;}\" data-widget_type=\"heading.default\">\n\t\t\t\t\t<h2 class=\"elementor-heading-title elementor-size-default\">Comprendre l\u2019immunologie<\/h2>\t\t\t\t<\/div>\n\t\t\t\t<div class=\"elementor-element elementor-element-47454d4 elementor-invisible elementor-widget elementor-widget-text-editor\" data-id=\"47454d4\" data-element_type=\"widget\" data-e-type=\"widget\" data-settings=\"{&quot;_animation&quot;:&quot;fadeIn&quot;,&quot;_animation_delay&quot;:150}\" data-widget_type=\"text-editor.default\">\n\t\t\t\t\t\t\t\t\t<p>Explorez la science du syst\u00e8me immunitaire et son r\u00f4le cl\u00e9 dans votre sant\u00e9 et votre \u00e9quilibre.<\/p>\t\t\t\t\t\t\t\t<\/div>\n\t\t\t\t<div class=\"elementor-element elementor-element-98b365b elementor-posts__hover-none blog-cards-custom elementor-grid-3 elementor-grid-tablet-2 elementor-grid-mobile-1 elementor-posts--thumbnail-top elementor-invisible elementor-widget elementor-widget-posts\" data-id=\"98b365b\" data-element_type=\"widget\" data-e-type=\"widget\" data-settings=\"{&quot;_animation&quot;:&quot;fadeInUp&quot;,&quot;_animation_delay&quot;:150,&quot;cards_columns&quot;:&quot;3&quot;,&quot;cards_columns_tablet&quot;:&quot;2&quot;,&quot;cards_columns_mobile&quot;:&quot;1&quot;,&quot;cards_row_gap&quot;:{&quot;unit&quot;:&quot;px&quot;,&quot;size&quot;:35,&quot;sizes&quot;:[]},&quot;cards_row_gap_tablet&quot;:{&quot;unit&quot;:&quot;px&quot;,&quot;size&quot;:&quot;&quot;,&quot;sizes&quot;:[]},&quot;cards_row_gap_mobile&quot;:{&quot;unit&quot;:&quot;px&quot;,&quot;size&quot;:&quot;&quot;,&quot;sizes&quot;:[]}}\" data-widget_type=\"posts.cards\">\n\t\t\t\t<div class=\"elementor-widget-container\">\n\t\t\t\t\t\t\t<div class=\"elementor-posts-container elementor-posts elementor-posts--skin-cards elementor-grid\" role=\"list\">\n\t\t\t\t<article class=\"elementor-post elementor-grid-item post-18649 post type-post status-publish format-standard has-post-thumbnail hentry category-immunologie tag-adaptation tag-immunite\" role=\"listitem\">\n\t\t\t<div class=\"elementor-post__card\">\n\t\t\t\t<a class=\"elementor-post__thumbnail__link\" href=\"https:\/\/drpascalmensah.com\/fr\/heritabilite-systeme-immunitaire\/\" tabindex=\"-1\" ><div class=\"elementor-post__thumbnail\"><img fetchpriority=\"high\" decoding=\"async\" width=\"1024\" height=\"622\" src=\"https:\/\/drpascalmensah.com\/wp-content\/uploads\/2023\/11\/Plume-15243877-1024x622.jpg\" class=\"attachment-large size-large wp-image-18134\" alt=\"Plume sur l&#039;eau illustrant l&#039;\u00e9quilibre d&#039;adaptabilit\u00e9 du syst\u00e8me immunitaire\" srcset=\"https:\/\/drpascalmensah.com\/wp-content\/uploads\/2023\/11\/Plume-15243877-1024x622.jpg 1024w, https:\/\/drpascalmensah.com\/wp-content\/uploads\/2023\/11\/Plume-15243877-300x182.jpg 300w, https:\/\/drpascalmensah.com\/wp-content\/uploads\/2023\/11\/Plume-15243877-768x467.jpg 768w, https:\/\/drpascalmensah.com\/wp-content\/uploads\/2023\/11\/Plume-15243877-1536x933.jpg 1536w, https:\/\/drpascalmensah.com\/wp-content\/uploads\/2023\/11\/Plume-15243877-2048x1244.jpg 2048w\" sizes=\"(max-width: 1024px) 100vw, 1024px\" \/><\/div><\/a>\n\t\t\t\t<div class=\"elementor-post__badge\">Immunologie<\/div>\n\t\t\t\t<div class=\"elementor-post__text\">\n\t\t\t\t<h3 class=\"elementor-post__title\">\n\t\t\t<a href=\"https:\/\/drpascalmensah.com\/fr\/heritabilite-systeme-immunitaire\/\" >\n\t\t\t\tComprendre les r\u00e9ponses h\u00e9r\u00e9ditaires et non h\u00e9r\u00e9ditaires de votre syst\u00e8me immunitaire\t\t\t<\/a>\n\t\t<\/h3>\n\t\t\t\t<div class=\"elementor-post__excerpt\">\n\t\t\t<p>Comment votre syst\u00e8me immunitaire s\u2019adapte-t-il aux changements de l\u2019environnement\u202f? Cet article explique comment les facteurs non h\u00e9r\u00e9ditaires et h\u00e9r\u00e9ditaires influencent les r\u00e9ponses immunitaires et aident votre corps \u00e0 rester \u00e9quilibr\u00e9 et en bonne sant\u00e9. <\/p>\n\t\t<\/div>\n\t\t\t\t<\/div>\n\t\t\t\t<div class=\"elementor-post__meta-data\">\n\t\t\t\t\t<span class=\"elementor-post-date\">\n\t\t\t4 novembre 2023\t\t<\/span>\n\t\t\t\t<\/div>\n\t\t\t\t\t<\/div>\n\t\t<\/article>\n\t\t\t\t<article class=\"elementor-post elementor-grid-item post-18664 post type-post status-publish format-standard has-post-thumbnail hentry category-immunologie category-nutrition tag-cancer tag-immunite\" role=\"listitem\">\n\t\t\t<div class=\"elementor-post__card\">\n\t\t\t\t<a class=\"elementor-post__thumbnail__link\" href=\"https:\/\/drpascalmensah.com\/fr\/effets-ginseng\/\" tabindex=\"-1\" ><div class=\"elementor-post__thumbnail\"><img decoding=\"async\" width=\"1024\" height=\"683\" data-src=\"https:\/\/drpascalmensah.com\/wp-content\/uploads\/2023\/04\/ginseng-dried-vegetable-herb-healthy-food-famous-export-food-in-korea-country-free-photo-1024x683.jpg\" class=\"attachment-large size-large wp-image-17840 lazyload\" alt=\"Ginseng root supporting immune function and vitality\" data-srcset=\"https:\/\/drpascalmensah.com\/wp-content\/uploads\/2023\/04\/ginseng-dried-vegetable-herb-healthy-food-famous-export-food-in-korea-country-free-photo-1024x683.jpg 1024w, https:\/\/drpascalmensah.com\/wp-content\/uploads\/2023\/04\/ginseng-dried-vegetable-herb-healthy-food-famous-export-food-in-korea-country-free-photo-300x200.jpg 300w, https:\/\/drpascalmensah.com\/wp-content\/uploads\/2023\/04\/ginseng-dried-vegetable-herb-healthy-food-famous-export-food-in-korea-country-free-photo-768x512.jpg 768w, https:\/\/drpascalmensah.com\/wp-content\/uploads\/2023\/04\/ginseng-dried-vegetable-herb-healthy-food-famous-export-food-in-korea-country-free-photo-1536x1024.jpg 1536w, https:\/\/drpascalmensah.com\/wp-content\/uploads\/2023\/04\/ginseng-dried-vegetable-herb-healthy-food-famous-export-food-in-korea-country-free-photo-2048x1365.jpg 2048w\" data-sizes=\"(max-width: 1024px) 100vw, 1024px\" src=\"data:image\/svg+xml;base64,PHN2ZyB3aWR0aD0iMSIgaGVpZ2h0PSIxIiB4bWxucz0iaHR0cDovL3d3dy53My5vcmcvMjAwMC9zdmciPjwvc3ZnPg==\" style=\"--smush-placeholder-width: 1024px; --smush-placeholder-aspect-ratio: 1024\/683;\" \/><\/div><\/a>\n\t\t\t\t<div class=\"elementor-post__badge\">Immunologie<\/div>\n\t\t\t\t<div class=\"elementor-post__text\">\n\t\t\t\t<h3 class=\"elementor-post__title\">\n\t\t\t<a href=\"https:\/\/drpascalmensah.com\/fr\/effets-ginseng\/\" >\n\t\t\t\tEffets du Ginseng\t\t\t<\/a>\n\t\t<\/h3>\n\t\t\t\t<div class=\"elementor-post__excerpt\">\n\t\t\t<p>Le Panax ginseng peut-il r\u00e9duire l\u2019inflammation et prot\u00e9ger le syst\u00e8me immunitaire\u202f? Cet article explore comment les gins\u00e9nosides, les compos\u00e9s actifs du ginseng, agissent sur des voies cl\u00e9s pour soutenir la sant\u00e9 et pourraient contribuer \u00e0 pr\u00e9venir certaines maladies chroniques. <\/p>\n\t\t<\/div>\n\t\t\t\t<\/div>\n\t\t\t\t<div class=\"elementor-post__meta-data\">\n\t\t\t\t\t<span class=\"elementor-post-date\">\n\t\t\t24 avril 2023\t\t<\/span>\n\t\t\t\t<\/div>\n\t\t\t\t\t<\/div>\n\t\t<\/article>\n\t\t\t\t<article class=\"elementor-post elementor-grid-item post-18680 post type-post status-publish format-standard has-post-thumbnail hentry category-immunologie tag-immunite tag-immunologie tag-vieillissement\" role=\"listitem\">\n\t\t\t<div class=\"elementor-post__card\">\n\t\t\t\t<a class=\"elementor-post__thumbnail__link\" href=\"https:\/\/drpascalmensah.com\/fr\/immunosenescence\/\" tabindex=\"-1\" ><div class=\"elementor-post__thumbnail\"><img decoding=\"async\" width=\"834\" height=\"557\" data-src=\"https:\/\/drpascalmensah.com\/wp-content\/uploads\/2023\/02\/graphic-cellular-senescence-process.jpeg\" class=\"attachment-large size-large wp-image-18184 lazyload\" alt=\"Diagramme du d\u00e9clin du syst\u00e8me immunitaire li\u00e9 \u00e0 l&#039;immunos\u00e9nescence\" data-srcset=\"https:\/\/drpascalmensah.com\/wp-content\/uploads\/2023\/02\/graphic-cellular-senescence-process.jpeg 834w, https:\/\/drpascalmensah.com\/wp-content\/uploads\/2023\/02\/graphic-cellular-senescence-process-300x200.jpeg 300w, https:\/\/drpascalmensah.com\/wp-content\/uploads\/2023\/02\/graphic-cellular-senescence-process-768x513.jpeg 768w\" data-sizes=\"(max-width: 834px) 100vw, 834px\" src=\"data:image\/svg+xml;base64,PHN2ZyB3aWR0aD0iMSIgaGVpZ2h0PSIxIiB4bWxucz0iaHR0cDovL3d3dy53My5vcmcvMjAwMC9zdmciPjwvc3ZnPg==\" style=\"--smush-placeholder-width: 834px; --smush-placeholder-aspect-ratio: 834\/557;\" \/><\/div><\/a>\n\t\t\t\t<div class=\"elementor-post__badge\">Immunologie<\/div>\n\t\t\t\t<div class=\"elementor-post__text\">\n\t\t\t\t<h3 class=\"elementor-post__title\">\n\t\t\t<a href=\"https:\/\/drpascalmensah.com\/fr\/immunosenescence\/\" >\n\t\t\t\tImmunos\u00e9nescence\t\t\t<\/a>\n\t\t<\/h3>\n\t\t\t\t<div class=\"elementor-post__excerpt\">\n\t\t\t<p>Le vieillissement affaiblit-il in\u00e9vitablement votre syst\u00e8me immunitaire\u202f? Cet article explique ce qu\u2019est r\u00e9ellement l\u2019immunos\u00e9nescence, d\u00e9m\u00eale les mythes de la science et montre comment vos choix de vie peuvent aider \u00e0 pr\u00e9server la sant\u00e9 immunitaire en vieillissant. <\/p>\n\t\t<\/div>\n\t\t\t\t<\/div>\n\t\t\t\t<div class=\"elementor-post__meta-data\">\n\t\t\t\t\t<span class=\"elementor-post-date\">\n\t\t\t17 f\u00e9vrier 2023\t\t<\/span>\n\t\t\t\t<\/div>\n\t\t\t\t\t<\/div>\n\t\t<\/article>\n\t\t\t\t<article class=\"elementor-post elementor-grid-item post-18684 post type-post status-publish format-standard has-post-thumbnail hentry category-immunologie tag-adaptation tag-immunite\" role=\"listitem\">\n\t\t\t<div class=\"elementor-post__card\">\n\t\t\t\t<a class=\"elementor-post__thumbnail__link\" href=\"https:\/\/drpascalmensah.com\/fr\/adaptation-systeme-immunitaire\/\" tabindex=\"-1\" ><div class=\"elementor-post__thumbnail\"><img decoding=\"async\" width=\"1024\" height=\"576\" data-src=\"https:\/\/drpascalmensah.com\/wp-content\/uploads\/2023\/02\/Immunometabolism-Presentation.001-1024x576.jpeg\" class=\"attachment-large size-large wp-image-18202 lazyload\" alt=\"Le cam\u00e9l\u00e9on symbolise l&#039;adaptation et la r\u00e9silience du syst\u00e8me immunitaire.\" data-srcset=\"https:\/\/drpascalmensah.com\/wp-content\/uploads\/2023\/02\/Immunometabolism-Presentation.001-1024x576.jpeg 1024w, https:\/\/drpascalmensah.com\/wp-content\/uploads\/2023\/02\/Immunometabolism-Presentation.001-300x169.jpeg 300w, https:\/\/drpascalmensah.com\/wp-content\/uploads\/2023\/02\/Immunometabolism-Presentation.001-768x432.jpeg 768w, https:\/\/drpascalmensah.com\/wp-content\/uploads\/2023\/02\/Immunometabolism-Presentation.001-1536x864.jpeg 1536w, https:\/\/drpascalmensah.com\/wp-content\/uploads\/2023\/02\/Immunometabolism-Presentation.001.jpeg 1920w\" data-sizes=\"(max-width: 1024px) 100vw, 1024px\" src=\"data:image\/svg+xml;base64,PHN2ZyB3aWR0aD0iMSIgaGVpZ2h0PSIxIiB4bWxucz0iaHR0cDovL3d3dy53My5vcmcvMjAwMC9zdmciPjwvc3ZnPg==\" style=\"--smush-placeholder-width: 1024px; --smush-placeholder-aspect-ratio: 1024\/576;\" \/><\/div><\/a>\n\t\t\t\t<div class=\"elementor-post__badge\">Immunologie<\/div>\n\t\t\t\t<div class=\"elementor-post__text\">\n\t\t\t\t<h3 class=\"elementor-post__title\">\n\t\t\t<a href=\"https:\/\/drpascalmensah.com\/fr\/adaptation-systeme-immunitaire\/\" >\n\t\t\t\tVotre syst\u00e8me immunitaire est la cl\u00e9 de l\u2019adaptation\t\t\t<\/a>\n\t\t<\/h3>\n\t\t\t\t<div class=\"elementor-post__excerpt\">\n\t\t\t<p>Comment votre syst\u00e8me immunitaire vous aide-t-il \u00e0 vous adapter \u00e0 votre environnement\u202f? Cet article explique comment l\u2019immunit\u00e9 a \u00e9volu\u00e9 pour maintenir l\u2019\u00e9quilibre, prot\u00e9ger contre les menaces et soutenir la sant\u00e9 \u00e0 long terme gr\u00e2ce \u00e0 l\u2019adaptation. <\/p>\n\t\t<\/div>\n\t\t\t\t<\/div>\n\t\t\t\t<div class=\"elementor-post__meta-data\">\n\t\t\t\t\t<span class=\"elementor-post-date\">\n\t\t\t2 f\u00e9vrier 2023\t\t<\/span>\n\t\t\t\t<\/div>\n\t\t\t\t\t<\/div>\n\t\t<\/article>\n\t\t\t\t<\/div>\n\t\t\n\t\t\t\t\t\t<\/div>\n\t\t\t\t<\/div>\n\t\t\t\t\t<\/div>\n\t\t\t\t<\/div>\n\t\t\t\t<\/div>\n\t\t","protected":false},"excerpt":{"rendered":"<p>Tous les articles BLOG Comprendre l\u2019immunologie Explorez la science du syst\u00e8me immunitaire et son r\u00f4le cl\u00e9 dans votre sant\u00e9 et votre \u00e9quilibre.<\/p>\n","protected":false},"author":207,"featured_media":0,"parent":17929,"menu_order":0,"comment_status":"closed","ping_status":"closed","template":"elementor_header_footer","meta":{"site-sidebar-layout":"default","site-content-layout":"","ast-site-content-layout":"default","site-content-style":"default","site-sidebar-style":"default","ast-global-header-display":"","ast-banner-title-visibility":"","ast-main-header-display":"","ast-hfb-above-header-display":"","ast-hfb-below-header-display":"","ast-hfb-mobile-header-display":"","site-post-title":"","ast-breadcrumbs-content":"","ast-featured-img":"","footer-sml-layout":"","ast-disable-related-posts":"","theme-transparent-header-meta":"","adv-header-id-meta":"","stick-header-meta":"","header-above-stick-meta":"","header-main-stick-meta":"","header-below-stick-meta":"","astra-migrate-meta-layouts":"set","ast-page-background-enabled":"default","ast-page-background-meta":{"desktop":{"background-color":"var(--ast-global-color-4)","background-image":"","background-repeat":"repeat","background-position":"center center","background-size":"auto","background-attachment":"scroll","background-type":"","background-media":"","overlay-type":"","overlay-color":"","overlay-opacity":"","overlay-gradient":""},"tablet":{"background-color":"","background-image":"","background-repeat":"repeat","background-position":"center center","background-size":"auto","background-attachment":"scroll","background-type":"","background-media":"","overlay-type":"","overlay-color":"","overlay-opacity":"","overlay-gradient":""},"mobile":{"background-color":"","background-image":"","background-repeat":"repeat","background-position":"center center","background-size":"auto","background-attachment":"scroll","background-type":"","background-media":"","overlay-type":"","overlay-color":"","overlay-opacity":"","overlay-gradient":""}},"ast-content-background-meta":{"desktop":{"background-color":"var(--ast-global-color-5)","background-image":"","background-repeat":"repeat","background-position":"center center","background-size":"auto","background-attachment":"scroll","background-type":"","background-media":"","overlay-type":"","overlay-color":"","overlay-opacity":"","overlay-gradient":""},"tablet":{"background-color":"var(--ast-global-color-5)","background-image":"","background-repeat":"repeat","background-position":"center center","background-size":"auto","background-attachment":"scroll","background-type":"","background-media":"","overlay-type":"","overlay-color":"","overlay-opacity":"","overlay-gradient":""},"mobile":{"background-color":"var(--ast-global-color-5)","background-image":"","background-repeat":"repeat","background-position":"center center","background-size":"auto","background-attachment":"scroll","background-type":"","background-media":"","overlay-type":"","overlay-color":"","overlay-opacity":"","overlay-gradient":""}},"footnotes":""},"class_list":["post-17997","page","type-page","status-publish","hentry"],"aioseo_notices":[],"_links":{"self":[{"href":"https:\/\/drpascalmensah.com\/fr\/wp-json\/wp\/v2\/pages\/17997","targetHints":{"allow":["GET"]}}],"collection":[{"href":"https:\/\/drpascalmensah.com\/fr\/wp-json\/wp\/v2\/pages"}],"about":[{"href":"https:\/\/drpascalmensah.com\/fr\/wp-json\/wp\/v2\/types\/page"}],"author":[{"embeddable":true,"href":"https:\/\/drpascalmensah.com\/fr\/wp-json\/wp\/v2\/users\/207"}],"replies":[{"embeddable":true,"href":"https:\/\/drpascalmensah.com\/fr\/wp-json\/wp\/v2\/comments?post=17997"}],"version-history":[{"count":4,"href":"https:\/\/drpascalmensah.com\/fr\/wp-json\/wp\/v2\/pages\/17997\/revisions"}],"predecessor-version":[{"id":19492,"href":"https:\/\/drpascalmensah.com\/fr\/wp-json\/wp\/v2\/pages\/17997\/revisions\/19492"}],"up":[{"embeddable":true,"href":"https:\/\/drpascalmensah.com\/fr\/wp-json\/wp\/v2\/pages\/17929"}],"wp:attachment":[{"href":"https:\/\/drpascalmensah.com\/fr\/wp-json\/wp\/v2\/media?parent=17997"}],"curies":[{"name":"wp","href":"https:\/\/api.w.org\/{rel}","templated":true}]}}