{"id":17989,"date":"2026-01-07T16:59:49","date_gmt":"2026-01-07T16:59:49","guid":{"rendered":"https:\/\/drpascalmensah.com\/blog\/blog-alimentation\/"},"modified":"2026-04-18T07:26:00","modified_gmt":"2026-04-18T07:26:00","slug":"alimentation","status":"publish","type":"page","link":"https:\/\/drpascalmensah.com\/fr\/blog\/alimentation\/","title":{"rendered":"Blog \u2013 Alimentation"},"content":{"rendered":"\t\t<div data-elementor-type=\"wp-page\" data-elementor-id=\"17989\" class=\"elementor elementor-17989 elementor-15354\" data-elementor-post-type=\"page\">\n\t\t\t\t<div class=\"elementor-element elementor-element-4c78724 e-flex e-con-boxed e-con e-parent\" data-id=\"4c78724\" data-element_type=\"container\" data-e-type=\"container\">\n\t\t\t\t\t<div class=\"e-con-inner\">\n\t\t\t\t<div class=\"elementor-element elementor-element-8d64e19 elementor-position-inline-start elementor-view-default elementor-mobile-position-block-start elementor-widget elementor-widget-icon-box\" data-id=\"8d64e19\" data-element_type=\"widget\" data-e-type=\"widget\" data-widget_type=\"icon-box.default\">\n\t\t\t\t\t\t\t<div class=\"elementor-icon-box-wrapper\">\n\n\t\t\t\t\t\t<div class=\"elementor-icon-box-icon\">\n\t\t\t\t<a href=\"https:\/\/drpascalmensah.com\/fr\/blog\/\" class=\"elementor-icon\" tabindex=\"-1\" aria-label=\"Tous les articles\">\n\t\t\t\t<i aria-hidden=\"true\" class=\"xlio ion-ios-arrow-round-back\"><\/i>\t\t\t\t<\/a>\n\t\t\t<\/div>\n\t\t\t\n\t\t\t\t\t\t<div class=\"elementor-icon-box-content\">\n\n\t\t\t\t\t\t\t\t\t<h3 class=\"elementor-icon-box-title\">\n\t\t\t\t\t\t<a href=\"https:\/\/drpascalmensah.com\/fr\/blog\/\" >\n\t\t\t\t\t\t\tTous les articles\t\t\t\t\t\t<\/a>\n\t\t\t\t\t<\/h3>\n\t\t\t\t\n\t\t\t\t\n\t\t\t<\/div>\n\t\t\t\n\t\t<\/div>\n\t\t\t\t\t\t<\/div>\n\t\t\t\t<div class=\"elementor-element elementor-element-4788374 elementor-invisible elementor-widget elementor-widget-heading\" data-id=\"4788374\" data-element_type=\"widget\" data-e-type=\"widget\" data-settings=\"{&quot;_animation&quot;:&quot;fadeInUp&quot;}\" data-widget_type=\"heading.default\">\n\t\t\t\t\t<h2 class=\"elementor-heading-title elementor-size-default\">BLOG<\/h2>\t\t\t\t<\/div>\n\t\t\t\t<div class=\"elementor-element elementor-element-4e6e653 elementor-invisible elementor-widget elementor-widget-heading\" data-id=\"4e6e653\" data-element_type=\"widget\" data-e-type=\"widget\" data-settings=\"{&quot;_animation&quot;:&quot;fadeInUp&quot;}\" data-widget_type=\"heading.default\">\n\t\t\t\t\t<h2 class=\"elementor-heading-title elementor-size-default\">Explorez la nutrition<\/h2>\t\t\t\t<\/div>\n\t\t\t\t<div class=\"elementor-element elementor-element-47454d4 elementor-invisible elementor-widget elementor-widget-text-editor\" data-id=\"47454d4\" data-element_type=\"widget\" data-e-type=\"widget\" data-settings=\"{&quot;_animation&quot;:&quot;fadeIn&quot;,&quot;_animation_delay&quot;:150}\" data-widget_type=\"text-editor.default\">\n\t\t\t\t\t\t\t\t\t<p>D\u00e9couvrez comment l\u2019alimentation influence votre syst\u00e8me immunitaire et votre bien-\u00eatre global.<\/p>\t\t\t\t\t\t\t\t<\/div>\n\t\t\t\t<div class=\"elementor-element elementor-element-158d2cf elementor-posts__hover-none blog-cards-custom elementor-grid-3 elementor-grid-tablet-2 elementor-grid-mobile-1 elementor-posts--thumbnail-top elementor-invisible elementor-widget elementor-widget-posts\" data-id=\"158d2cf\" data-element_type=\"widget\" data-e-type=\"widget\" data-settings=\"{&quot;_animation&quot;:&quot;fadeInUp&quot;,&quot;_animation_delay&quot;:150,&quot;cards_columns&quot;:&quot;3&quot;,&quot;cards_columns_tablet&quot;:&quot;2&quot;,&quot;cards_columns_mobile&quot;:&quot;1&quot;,&quot;cards_row_gap&quot;:{&quot;unit&quot;:&quot;px&quot;,&quot;size&quot;:35,&quot;sizes&quot;:[]},&quot;cards_row_gap_tablet&quot;:{&quot;unit&quot;:&quot;px&quot;,&quot;size&quot;:&quot;&quot;,&quot;sizes&quot;:[]},&quot;cards_row_gap_mobile&quot;:{&quot;unit&quot;:&quot;px&quot;,&quot;size&quot;:&quot;&quot;,&quot;sizes&quot;:[]}}\" data-widget_type=\"posts.cards\">\n\t\t\t\t<div class=\"elementor-widget-container\">\n\t\t\t\t\t\t\t<div class=\"elementor-posts-container elementor-posts elementor-posts--skin-cards elementor-grid\" role=\"list\">\n\t\t\t\t<article class=\"elementor-post elementor-grid-item post-19245 post type-post status-publish format-standard has-post-thumbnail hentry category-nutrition tag-fasting tag-longevite\" role=\"listitem\">\n\t\t\t<div class=\"elementor-post__card\">\n\t\t\t\t<a class=\"elementor-post__thumbnail__link\" href=\"https:\/\/drpascalmensah.com\/fr\/regime-imitation-jeune-autophagie\/\" tabindex=\"-1\" ><div class=\"elementor-post__thumbnail\"><img fetchpriority=\"high\" decoding=\"async\" width=\"950\" height=\"554\" src=\"https:\/\/drpascalmensah.com\/wp-content\/uploads\/2026\/02\/ProLon_ReSet_PDP_Hero_9a02e2d1-0d7a-4398-8506-cd17236db54f_960x960-e1770655102747.png\" class=\"attachment-large size-large wp-image-19244\" alt=\"R\u00e9gime imitant le je\u00fbne - ProLon\" srcset=\"https:\/\/drpascalmensah.com\/wp-content\/uploads\/2026\/02\/ProLon_ReSet_PDP_Hero_9a02e2d1-0d7a-4398-8506-cd17236db54f_960x960-e1770655102747.png 950w, https:\/\/drpascalmensah.com\/wp-content\/uploads\/2026\/02\/ProLon_ReSet_PDP_Hero_9a02e2d1-0d7a-4398-8506-cd17236db54f_960x960-e1770655102747-300x175.png 300w, https:\/\/drpascalmensah.com\/wp-content\/uploads\/2026\/02\/ProLon_ReSet_PDP_Hero_9a02e2d1-0d7a-4398-8506-cd17236db54f_960x960-e1770655102747-768x448.png 768w, https:\/\/drpascalmensah.com\/wp-content\/uploads\/2026\/02\/ProLon_ReSet_PDP_Hero_9a02e2d1-0d7a-4398-8506-cd17236db54f_960x960-e1770655102747-600x350.png 600w\" sizes=\"(max-width: 950px) 100vw, 950px\" \/><\/div><\/a>\n\t\t\t\t<div class=\"elementor-post__badge\">Nutrition<\/div>\n\t\t\t\t<div class=\"elementor-post__text\">\n\t\t\t\t<h3 class=\"elementor-post__title\">\n\t\t\t<a href=\"https:\/\/drpascalmensah.com\/fr\/regime-imitation-jeune-autophagie\/\" >\n\t\t\t\tR\u00e9gime mimant le je\u00fbne et \u201cauto-nettoyage\u201d cellulaire chez l\u2019humain\t\t\t<\/a>\n\t\t<\/h3>\n\t\t\t\t<div class=\"elementor-post__excerpt\">\n\t\t\t<p>Un r\u00e9gime mimant le je\u00fbne peut-il activer l\u2019auto-nettoyage cellulaire et am\u00e9liorer la sant\u00e9 m\u00e9tabolique ?<br \/>Cet article explore un essai clinique men\u00e9 chez des adultes en bonne sant\u00e9, examinant comment un r\u00e9gime mimant le je\u00fbne influence la glyc\u00e9mie, l\u2019insuline et l\u2019autophagie; le syst\u00e8me interne de recyclage des cellules, \u00e9troitement li\u00e9 au vieillissement et aux maladies. <\/p>\n\t\t<\/div>\n\t\t\t\t<\/div>\n\t\t\t\t<div class=\"elementor-post__meta-data\">\n\t\t\t\t\t<span class=\"elementor-post-date\">\n\t\t\t9 f\u00e9vrier 2026\t\t<\/span>\n\t\t\t\t<\/div>\n\t\t\t\t\t<\/div>\n\t\t<\/article>\n\t\t\t\t<article class=\"elementor-post elementor-grid-item post-18657 post type-post status-publish format-standard has-post-thumbnail hentry category-nutrition tag-fasting tag-longevite\" role=\"listitem\">\n\t\t\t<div class=\"elementor-post__card\">\n\t\t\t\t<a class=\"elementor-post__thumbnail__link\" href=\"https:\/\/drpascalmensah.com\/fr\/regime-imitation-jeune-national-geographique\/\" tabindex=\"-1\" ><div class=\"elementor-post__thumbnail\"><img decoding=\"async\" width=\"1024\" height=\"769\" data-src=\"https:\/\/drpascalmensah.com\/wp-content\/uploads\/2023\/02\/pexels-mike-1192056-1024x769.jpg\" class=\"attachment-large size-large wp-image-17839 lazyload\" alt=\"Les l\u00e9gumes qui favorisent le je\u00fbne et imitent les bienfaits d&#039;un r\u00e9gime alimentaire particulier.\" data-srcset=\"https:\/\/drpascalmensah.com\/wp-content\/uploads\/2023\/02\/pexels-mike-1192056-1024x769.jpg 1024w, https:\/\/drpascalmensah.com\/wp-content\/uploads\/2023\/02\/pexels-mike-1192056-300x225.jpg 300w, https:\/\/drpascalmensah.com\/wp-content\/uploads\/2023\/02\/pexels-mike-1192056-768x577.jpg 768w, https:\/\/drpascalmensah.com\/wp-content\/uploads\/2023\/02\/pexels-mike-1192056-1536x1153.jpg 1536w, https:\/\/drpascalmensah.com\/wp-content\/uploads\/2023\/02\/pexels-mike-1192056-2048x1538.jpg 2048w\" data-sizes=\"(max-width: 1024px) 100vw, 1024px\" src=\"data:image\/svg+xml;base64,PHN2ZyB3aWR0aD0iMSIgaGVpZ2h0PSIxIiB4bWxucz0iaHR0cDovL3d3dy53My5vcmcvMjAwMC9zdmciPjwvc3ZnPg==\" style=\"--smush-placeholder-width: 1024px; --smush-placeholder-aspect-ratio: 1024\/769;\" \/><\/div><\/a>\n\t\t\t\t<div class=\"elementor-post__badge\">Nutrition<\/div>\n\t\t\t\t<div class=\"elementor-post__text\">\n\t\t\t\t<h3 class=\"elementor-post__title\">\n\t\t\t<a href=\"https:\/\/drpascalmensah.com\/fr\/regime-imitation-jeune-national-geographique\/\" >\n\t\t\t\tNational Geographic parle du r\u00e9gime mimant le je\u00fbne\t\t\t<\/a>\n\t\t<\/h3>\n\t\t\t\t<div class=\"elementor-post__excerpt\">\n\t\t\t<p>Un r\u00e9gime mimant le je\u00fbne sur 5 jours peut-il am\u00e9liorer la long\u00e9vit\u00e9\u202f? Cet article explique comment ce r\u00e9gime reproduit les effets du je\u00fbne pour soutenir la sant\u00e9, \u00e0 partir de recherches scientifiques et d\u2019observations de communaut\u00e9s o\u00f9 vivent de nombreux centenaires. <\/p>\n\t\t<\/div>\n\t\t\t\t<\/div>\n\t\t\t\t<div class=\"elementor-post__meta-data\">\n\t\t\t\t\t<span class=\"elementor-post-date\">\n\t\t\t8 ao\u00fbt 2023\t\t<\/span>\n\t\t\t\t<\/div>\n\t\t\t\t\t<\/div>\n\t\t<\/article>\n\t\t\t\t<article class=\"elementor-post elementor-grid-item post-18664 post type-post status-publish format-standard has-post-thumbnail hentry category-immunologie category-nutrition tag-cancer tag-immunite\" role=\"listitem\">\n\t\t\t<div class=\"elementor-post__card\">\n\t\t\t\t<a class=\"elementor-post__thumbnail__link\" href=\"https:\/\/drpascalmensah.com\/fr\/effets-ginseng\/\" tabindex=\"-1\" ><div class=\"elementor-post__thumbnail\"><img decoding=\"async\" width=\"1024\" height=\"683\" data-src=\"https:\/\/drpascalmensah.com\/wp-content\/uploads\/2023\/04\/ginseng-dried-vegetable-herb-healthy-food-famous-export-food-in-korea-country-free-photo-1024x683.jpg\" class=\"attachment-large size-large wp-image-17840 lazyload\" alt=\"Ginseng root supporting immune function and vitality\" data-srcset=\"https:\/\/drpascalmensah.com\/wp-content\/uploads\/2023\/04\/ginseng-dried-vegetable-herb-healthy-food-famous-export-food-in-korea-country-free-photo-1024x683.jpg 1024w, https:\/\/drpascalmensah.com\/wp-content\/uploads\/2023\/04\/ginseng-dried-vegetable-herb-healthy-food-famous-export-food-in-korea-country-free-photo-300x200.jpg 300w, https:\/\/drpascalmensah.com\/wp-content\/uploads\/2023\/04\/ginseng-dried-vegetable-herb-healthy-food-famous-export-food-in-korea-country-free-photo-768x512.jpg 768w, https:\/\/drpascalmensah.com\/wp-content\/uploads\/2023\/04\/ginseng-dried-vegetable-herb-healthy-food-famous-export-food-in-korea-country-free-photo-1536x1024.jpg 1536w, https:\/\/drpascalmensah.com\/wp-content\/uploads\/2023\/04\/ginseng-dried-vegetable-herb-healthy-food-famous-export-food-in-korea-country-free-photo-2048x1365.jpg 2048w\" data-sizes=\"(max-width: 1024px) 100vw, 1024px\" src=\"data:image\/svg+xml;base64,PHN2ZyB3aWR0aD0iMSIgaGVpZ2h0PSIxIiB4bWxucz0iaHR0cDovL3d3dy53My5vcmcvMjAwMC9zdmciPjwvc3ZnPg==\" style=\"--smush-placeholder-width: 1024px; --smush-placeholder-aspect-ratio: 1024\/683;\" \/><\/div><\/a>\n\t\t\t\t<div class=\"elementor-post__badge\">Immunologie<\/div>\n\t\t\t\t<div class=\"elementor-post__text\">\n\t\t\t\t<h3 class=\"elementor-post__title\">\n\t\t\t<a href=\"https:\/\/drpascalmensah.com\/fr\/effets-ginseng\/\" >\n\t\t\t\tEffets du Ginseng\t\t\t<\/a>\n\t\t<\/h3>\n\t\t\t\t<div class=\"elementor-post__excerpt\">\n\t\t\t<p>Le Panax ginseng peut-il r\u00e9duire l\u2019inflammation et prot\u00e9ger le syst\u00e8me immunitaire\u202f? Cet article explore comment les gins\u00e9nosides, les compos\u00e9s actifs du ginseng, agissent sur des voies cl\u00e9s pour soutenir la sant\u00e9 et pourraient contribuer \u00e0 pr\u00e9venir certaines maladies chroniques. <\/p>\n\t\t<\/div>\n\t\t\t\t<\/div>\n\t\t\t\t<div class=\"elementor-post__meta-data\">\n\t\t\t\t\t<span class=\"elementor-post-date\">\n\t\t\t24 avril 2023\t\t<\/span>\n\t\t\t\t<\/div>\n\t\t\t\t\t<\/div>\n\t\t<\/article>\n\t\t\t\t<article class=\"elementor-post elementor-grid-item post-18676 post type-post status-publish format-standard has-post-thumbnail hentry category-nutrition tag-fasting tag-longevite\" role=\"listitem\">\n\t\t\t<div class=\"elementor-post__card\">\n\t\t\t\t<a class=\"elementor-post__thumbnail__link\" href=\"https:\/\/drpascalmensah.com\/fr\/5-jours-regime-imitant-jeune\/\" tabindex=\"-1\" ><div class=\"elementor-post__thumbnail\"><img decoding=\"async\" width=\"1024\" height=\"683\" data-src=\"https:\/\/drpascalmensah.com\/wp-content\/uploads\/2023\/02\/\u200eProlon-Image.\u200e001-e1765381207137-1024x683.jpeg\" class=\"attachment-large size-large wp-image-17815 lazyload\" alt=\"ProLon, un repas mimant le je\u00fbne et favorisant le renouvellement cellulaire\" data-srcset=\"https:\/\/drpascalmensah.com\/wp-content\/uploads\/2023\/02\/\u200eProlon-Image.\u200e001-e1765381207137-1024x683.jpeg 1024w, https:\/\/drpascalmensah.com\/wp-content\/uploads\/2023\/02\/\u200eProlon-Image.\u200e001-e1765381207137-300x200.jpeg 300w, https:\/\/drpascalmensah.com\/wp-content\/uploads\/2023\/02\/\u200eProlon-Image.\u200e001-e1765381207137-768x512.jpeg 768w, https:\/\/drpascalmensah.com\/wp-content\/uploads\/2023\/02\/\u200eProlon-Image.\u200e001-e1765381207137-1536x1024.jpeg 1536w, https:\/\/drpascalmensah.com\/wp-content\/uploads\/2023\/02\/\u200eProlon-Image.\u200e001-e1765381207137.jpeg 1620w\" data-sizes=\"(max-width: 1024px) 100vw, 1024px\" src=\"data:image\/svg+xml;base64,PHN2ZyB3aWR0aD0iMSIgaGVpZ2h0PSIxIiB4bWxucz0iaHR0cDovL3d3dy53My5vcmcvMjAwMC9zdmciPjwvc3ZnPg==\" style=\"--smush-placeholder-width: 1024px; --smush-placeholder-aspect-ratio: 1024\/683;\" \/><\/div><\/a>\n\t\t\t\t<div class=\"elementor-post__badge\">Nutrition<\/div>\n\t\t\t\t<div class=\"elementor-post__text\">\n\t\t\t\t<h3 class=\"elementor-post__title\">\n\t\t\t<a href=\"https:\/\/drpascalmensah.com\/fr\/5-jours-regime-imitant-jeune\/\" >\n\t\t\t\tUn r\u00e9gime de je\u00fbne mim\u00e9tique de 5 jours, simple et efficace\t\t\t<\/a>\n\t\t<\/h3>\n\t\t\t\t<div class=\"elementor-post__excerpt\">\n\t\t\t<p>Un r\u00e9gime mimant le je\u00fbne sur 5 jours peut-il am\u00e9liorer votre sant\u00e9 et votre long\u00e9vit\u00e9\u202f? Cet article explique comment le programme ProLon favorise la r\u00e9g\u00e9n\u00e9ration cellulaire, r\u00e9duit l\u2019inflammation et soutient un vieillissement en bonne sant\u00e9, sans n\u00e9cessiter de je\u00fbne extr\u00eame. <\/p>\n\t\t<\/div>\n\t\t\t\t<\/div>\n\t\t\t\t<div class=\"elementor-post__meta-data\">\n\t\t\t\t\t<span class=\"elementor-post-date\">\n\t\t\t19 f\u00e9vrier 2023\t\t<\/span>\n\t\t\t\t<\/div>\n\t\t\t\t\t<\/div>\n\t\t<\/article>\n\t\t\t\t<article class=\"elementor-post elementor-grid-item post-18191 post type-post status-publish format-standard has-post-thumbnail hentry category-nutrition tag-immunite tag-style-de-vie\" role=\"listitem\">\n\t\t\t<div class=\"elementor-post__card\">\n\t\t\t\t<a class=\"elementor-post__thumbnail__link\" href=\"https:\/\/drpascalmensah.com\/fr\/maitrise-systeme-immunitaire\/\" tabindex=\"-1\" ><div class=\"elementor-post__thumbnail\"><img decoding=\"async\" width=\"1024\" height=\"576\" data-src=\"https:\/\/drpascalmensah.com\/wp-content\/uploads\/2022\/10\/Immunometabolism-picture.001-1024x576.jpeg\" class=\"attachment-large size-large wp-image-18190 lazyload\" alt=\"Le faucon symbolise un syst\u00e8me immunitaire fort et r\u00e9silient.\" data-srcset=\"https:\/\/drpascalmensah.com\/wp-content\/uploads\/2022\/10\/Immunometabolism-picture.001-1024x576.jpeg 1024w, https:\/\/drpascalmensah.com\/wp-content\/uploads\/2022\/10\/Immunometabolism-picture.001-300x169.jpeg 300w, https:\/\/drpascalmensah.com\/wp-content\/uploads\/2022\/10\/Immunometabolism-picture.001-768x432.jpeg 768w, https:\/\/drpascalmensah.com\/wp-content\/uploads\/2022\/10\/Immunometabolism-picture.001-1536x864.jpeg 1536w, https:\/\/drpascalmensah.com\/wp-content\/uploads\/2022\/10\/Immunometabolism-picture.001.jpeg 1920w\" data-sizes=\"(max-width: 1024px) 100vw, 1024px\" src=\"data:image\/svg+xml;base64,PHN2ZyB3aWR0aD0iMSIgaGVpZ2h0PSIxIiB4bWxucz0iaHR0cDovL3d3dy53My5vcmcvMjAwMC9zdmciPjwvc3ZnPg==\" style=\"--smush-placeholder-width: 1024px; --smush-placeholder-aspect-ratio: 1024\/576;\" \/><\/div><\/a>\n\t\t\t\t<div class=\"elementor-post__badge\">Nutrition<\/div>\n\t\t\t\t<div class=\"elementor-post__text\">\n\t\t\t\t<h3 class=\"elementor-post__title\">\n\t\t\t<a href=\"https:\/\/drpascalmensah.com\/fr\/maitrise-systeme-immunitaire\/\" >\n\t\t\t\tMa\u00eetrisez votre syst\u00e8me immunitaire\t\t\t<\/a>\n\t\t<\/h3>\n\t\t\t\t<div class=\"elementor-post__excerpt\">\n\t\t\t<p>Comment tirer parti de votre syst\u00e8me immunitaire pour mieux prot\u00e9ger votre sant\u00e9\u202f? Cet article explique comment des facteurs de style de vie \u2014 alimentation, sommeil, activit\u00e9 physique et suppl\u00e9mentation \u2014 contribuent \u00e0 maintenir l\u2019\u00e9quilibre et \u00e0 optimiser le fonctionnement du syst\u00e8me immunitaire. <\/p>\n\t\t<\/div>\n\t\t\t\t<\/div>\n\t\t\t\t<div class=\"elementor-post__meta-data\">\n\t\t\t\t\t<span class=\"elementor-post-date\">\n\t\t\t18 octobre 2022\t\t<\/span>\n\t\t\t\t<\/div>\n\t\t\t\t\t<\/div>\n\t\t<\/article>\n\t\t\t\t<\/div>\n\t\t\n\t\t\t\t\t\t<\/div>\n\t\t\t\t<\/div>\n\t\t\t\t\t<\/div>\n\t\t\t\t<\/div>\n\t\t\t\t<\/div>\n\t\t","protected":false},"excerpt":{"rendered":"<p>Tous les articles BLOG Explorez la nutrition D\u00e9couvrez comment l\u2019alimentation influence votre syst\u00e8me immunitaire et votre bien-\u00eatre global.<\/p>\n","protected":false},"author":207,"featured_media":0,"parent":17929,"menu_order":0,"comment_status":"closed","ping_status":"closed","template":"elementor_header_footer","meta":{"site-sidebar-layout":"default","site-content-layout":"","ast-site-content-layout":"default","site-content-style":"default","site-sidebar-style":"default","ast-global-header-display":"","ast-banner-title-visibility":"","ast-main-header-display":"","ast-hfb-above-header-display":"","ast-hfb-below-header-display":"","ast-hfb-mobile-header-display":"","site-post-title":"","ast-breadcrumbs-content":"","ast-featured-img":"","footer-sml-layout":"","ast-disable-related-posts":"","theme-transparent-header-meta":"","adv-header-id-meta":"","stick-header-meta":"","header-above-stick-meta":"","header-main-stick-meta":"","header-below-stick-meta":"","astra-migrate-meta-layouts":"set","ast-page-background-enabled":"default","ast-page-background-meta":{"desktop":{"background-color":"var(--ast-global-color-4)","background-image":"","background-repeat":"repeat","background-position":"center center","background-size":"auto","background-attachment":"scroll","background-type":"","background-media":"","overlay-type":"","overlay-color":"","overlay-opacity":"","overlay-gradient":""},"tablet":{"background-color":"","background-image":"","background-repeat":"repeat","background-position":"center center","background-size":"auto","background-attachment":"scroll","background-type":"","background-media":"","overlay-type":"","overlay-color":"","overlay-opacity":"","overlay-gradient":""},"mobile":{"background-color":"","background-image":"","background-repeat":"repeat","background-position":"center center","background-size":"auto","background-attachment":"scroll","background-type":"","background-media":"","overlay-type":"","overlay-color":"","overlay-opacity":"","overlay-gradient":""}},"ast-content-background-meta":{"desktop":{"background-color":"var(--ast-global-color-5)","background-image":"","background-repeat":"repeat","background-position":"center center","background-size":"auto","background-attachment":"scroll","background-type":"","background-media":"","overlay-type":"","overlay-color":"","overlay-opacity":"","overlay-gradient":""},"tablet":{"background-color":"var(--ast-global-color-5)","background-image":"","background-repeat":"repeat","background-position":"center center","background-size":"auto","background-attachment":"scroll","background-type":"","background-media":"","overlay-type":"","overlay-color":"","overlay-opacity":"","overlay-gradient":""},"mobile":{"background-color":"var(--ast-global-color-5)","background-image":"","background-repeat":"repeat","background-position":"center center","background-size":"auto","background-attachment":"scroll","background-type":"","background-media":"","overlay-type":"","overlay-color":"","overlay-opacity":"","overlay-gradient":""}},"footnotes":""},"class_list":["post-17989","page","type-page","status-publish","hentry"],"aioseo_notices":[{"message":"The permalink for this post just changed! This could result in 404 errors for your site visitors.","status":"warning","options":{"id":"0a2ae5f84bc2c0423042ed7ec22d2e40","isDismissible":true,"actions":[{"url":"https:\/\/drpascalmensah.com\/wp-admin\/admin.php?page=aioseo-redirects&aioseo-manual-urls=9c0ade827cca723c8e078680f05da4a6","label":"Add Redirect to improve SEO","class":"aioseo-redirects-slug-changed"}]},"allowedContexts":["posts"]}],"_links":{"self":[{"href":"https:\/\/drpascalmensah.com\/fr\/wp-json\/wp\/v2\/pages\/17989","targetHints":{"allow":["GET"]}}],"collection":[{"href":"https:\/\/drpascalmensah.com\/fr\/wp-json\/wp\/v2\/pages"}],"about":[{"href":"https:\/\/drpascalmensah.com\/fr\/wp-json\/wp\/v2\/types\/page"}],"author":[{"embeddable":true,"href":"https:\/\/drpascalmensah.com\/fr\/wp-json\/wp\/v2\/users\/207"}],"replies":[{"embeddable":true,"href":"https:\/\/drpascalmensah.com\/fr\/wp-json\/wp\/v2\/comments?post=17989"}],"version-history":[{"count":4,"href":"https:\/\/drpascalmensah.com\/fr\/wp-json\/wp\/v2\/pages\/17989\/revisions"}],"predecessor-version":[{"id":19486,"href":"https:\/\/drpascalmensah.com\/fr\/wp-json\/wp\/v2\/pages\/17989\/revisions\/19486"}],"up":[{"embeddable":true,"href":"https:\/\/drpascalmensah.com\/fr\/wp-json\/wp\/v2\/pages\/17929"}],"wp:attachment":[{"href":"https:\/\/drpascalmensah.com\/fr\/wp-json\/wp\/v2\/media?parent=17989"}],"curies":[{"name":"wp","href":"https:\/\/api.w.org\/{rel}","templated":true}]}}