{"id":17943,"date":"2025-11-09T14:18:21","date_gmt":"2025-11-09T14:18:21","guid":{"rendered":"https:\/\/drpascalmensah.com\/outils-de-sante\/"},"modified":"2026-04-17T14:23:47","modified_gmt":"2026-04-17T14:23:47","slug":"se-tester","status":"publish","type":"page","link":"https:\/\/drpascalmensah.com\/fr\/se-tester\/","title":{"rendered":"Se tester"},"content":{"rendered":"\t\t<div data-elementor-type=\"wp-page\" data-elementor-id=\"17943\" class=\"elementor elementor-17943 elementor-9509\" data-elementor-post-type=\"page\">\n\t\t\t\t<div class=\"elementor-element elementor-element-4c78724 e-flex e-con-boxed e-con e-parent\" data-id=\"4c78724\" data-element_type=\"container\" data-e-type=\"container\" data-settings=\"{&quot;background_background&quot;:&quot;classic&quot;}\">\n\t\t\t\t\t<div class=\"e-con-inner\">\n\t\t\t\t<div class=\"elementor-element elementor-element-4b4ba15 elementor-invisible elementor-widget elementor-widget-heading\" data-id=\"4b4ba15\" data-element_type=\"widget\" data-e-type=\"widget\" data-settings=\"{&quot;_animation&quot;:&quot;fadeInUp&quot;}\" data-widget_type=\"heading.default\">\n\t\t\t\t\t<h2 class=\"elementor-heading-title elementor-size-default\">SE TESTER<\/h2>\t\t\t\t<\/div>\n\t\t\t\t<div class=\"elementor-element elementor-element-4e6e653 elementor-widget__width-initial elementor-invisible elementor-widget elementor-widget-heading\" data-id=\"4e6e653\" data-element_type=\"widget\" data-e-type=\"widget\" data-settings=\"{&quot;_animation&quot;:&quot;fadeInUp&quot;}\" data-widget_type=\"heading.default\">\n\t\t\t\t\t<h2 class=\"elementor-heading-title elementor-size-default\">Comprenez votre sant\u00e9 gr\u00e2ce \u00e0 des analyses avanc\u00e9es<\/h2>\t\t\t\t<\/div>\n\t\t\t\t<div class=\"elementor-element elementor-element-644fb2a elementor-invisible elementor-widget elementor-widget-text-editor\" data-id=\"644fb2a\" data-element_type=\"widget\" data-e-type=\"widget\" data-settings=\"{&quot;_animation&quot;:&quot;fadeIn&quot;,&quot;_animation_delay&quot;:300}\" data-widget_type=\"text-editor.default\">\n\t\t\t\t\t\t\t\t\tExplorez des tests cliniquement valid\u00e9s con\u00e7us pour mesurer votre biologie et guider vos d\u00e9cisions de sant\u00e9 dans le temps.\t\t\t\t\t\t\t\t<\/div>\n\t\t\t\t\t<\/div>\n\t\t\t\t<\/div>\n\t\t<div class=\"elementor-element elementor-element-38a6e81 e-flex e-con-boxed e-con e-parent\" data-id=\"38a6e81\" data-element_type=\"container\" data-e-type=\"container\" id=\"fullContainer\" data-settings=\"{&quot;background_background&quot;:&quot;classic&quot;}\">\n\t\t\t\t\t<div class=\"e-con-inner\">\n\t\t\t\t<div class=\"elementor-element elementor-element-50f1631 elementor-invisible elementor-widget elementor-widget-heading\" data-id=\"50f1631\" data-element_type=\"widget\" data-e-type=\"widget\" data-settings=\"{&quot;_animation&quot;:&quot;fadeInUp&quot;}\" data-widget_type=\"heading.default\">\n\t\t\t\t\t<h2 class=\"elementor-heading-title elementor-size-default\">TESTS DISPONIBLES<\/h2>\t\t\t\t<\/div>\n\t\t\t\t<div class=\"elementor-element elementor-element-315d53b elementor-invisible elementor-widget elementor-widget-heading\" data-id=\"315d53b\" data-element_type=\"widget\" data-e-type=\"widget\" data-settings=\"{&quot;_animation&quot;:&quot;fadeInUp&quot;}\" data-widget_type=\"heading.default\">\n\t\t\t\t\t<h2 class=\"elementor-heading-title elementor-size-default\">De la compr\u00e9hension \u00e0 l\u2019<span style=\"color:#3374B5\">action<\/span> <\/h2>\t\t\t\t<\/div>\n\t\t<div class=\"elementor-element elementor-element-7d55b0e e-con-full e-flex elementor-invisible e-con e-child\" data-id=\"7d55b0e\" data-element_type=\"container\" data-e-type=\"container\" data-settings=\"{&quot;background_background&quot;:&quot;classic&quot;,&quot;animation&quot;:&quot;fadeInUp&quot;,&quot;animation_delay&quot;:150}\">\n\t\t<div class=\"elementor-element elementor-element-b3d2caf e-con-full e-flex e-con e-child\" data-id=\"b3d2caf\" data-element_type=\"container\" data-e-type=\"container\">\n\t\t\t\t<div class=\"elementor-element elementor-element-a446bb9 elementor-widget elementor-widget-heading\" data-id=\"a446bb9\" data-element_type=\"widget\" data-e-type=\"widget\" data-widget_type=\"heading.default\">\n\t\t\t\t\t<h2 class=\"elementor-heading-title elementor-size-default\">Test ADN<\/h2>\t\t\t\t<\/div>\n\t\t\t\t<div class=\"elementor-element elementor-element-39e408e elementor-widget elementor-widget-heading\" data-id=\"39e408e\" data-element_type=\"widget\" data-e-type=\"widget\" data-widget_type=\"heading.default\">\n\t\t\t\t\t<h2 class=\"elementor-heading-title elementor-size-default\">Comprenez votre profil g\u00e9n\u00e9tique<\/h2>\t\t\t\t<\/div>\n\t\t\t\t<div class=\"elementor-element elementor-element-7cac7aa elementor-widget elementor-widget-text-editor\" data-id=\"7cac7aa\" data-element_type=\"widget\" data-e-type=\"widget\" data-widget_type=\"text-editor.default\">\n\t\t\t\t\t\t\t\t\t<p>Un test de nutrig\u00e9n\u00e9tique qui r\u00e9v\u00e8le comment votre ADN influence votre nutrition, votre m\u00e9tabolisme, l\u2019inflammation et vos strat\u00e9gies de sant\u00e9 \u00e0 long terme.<\/p>\t\t\t\t\t\t\t\t<\/div>\n\t\t\t\t<div class=\"elementor-element elementor-element-095d405 elementor-view-stacked elementor-position-inline-end elementor-mobile-position-inline-end elementor-shape-circle elementor-widget elementor-widget-icon-box\" data-id=\"095d405\" data-element_type=\"widget\" data-e-type=\"widget\" id=\"button\" data-widget_type=\"icon-box.default\">\n\t\t\t\t\t\t\t<div class=\"elementor-icon-box-wrapper\">\n\n\t\t\t\t\t\t<div class=\"elementor-icon-box-icon\">\n\t\t\t\t<a href=\"https:\/\/drpascalmensah.com\/fr\/analyse-adn\/\" class=\"elementor-icon\" tabindex=\"-1\" aria-label=\"Explorer les tests ADN\">\n\t\t\t\t<svg aria-hidden=\"true\" class=\"e-font-icon-svg e-fas-arrow-right\" viewBox=\"0 0 448 512\" xmlns=\"http:\/\/www.w3.org\/2000\/svg\"><path d=\"M190.5 66.9l22.2-22.2c9.4-9.4 24.6-9.4 33.9 0L441 239c9.4 9.4 9.4 24.6 0 33.9L246.6 467.3c-9.4 9.4-24.6 9.4-33.9 0l-22.2-22.2c-9.5-9.5-9.3-25 .4-34.3L311.4 296H24c-13.3 0-24-10.7-24-24v-32c0-13.3 10.7-24 24-24h287.4L190.9 101.2c-9.8-9.3-10-24.8-.4-34.3z\"><\/path><\/svg>\t\t\t\t<\/a>\n\t\t\t<\/div>\n\t\t\t\n\t\t\t\t\t\t<div class=\"elementor-icon-box-content\">\n\n\t\t\t\t\t\t\t\t\t<h3 class=\"elementor-icon-box-title\">\n\t\t\t\t\t\t<a href=\"https:\/\/drpascalmensah.com\/fr\/analyse-adn\/\" >\n\t\t\t\t\t\t\tExplorer les tests ADN\t\t\t\t\t\t<\/a>\n\t\t\t\t\t<\/h3>\n\t\t\t\t\n\t\t\t\t\n\t\t\t<\/div>\n\t\t\t\n\t\t<\/div>\n\t\t\t\t\t\t<\/div>\n\t\t\t\t<\/div>\n\t\t<div class=\"elementor-element elementor-element-81734db e-con-full e-flex e-con e-child\" data-id=\"81734db\" data-element_type=\"container\" data-e-type=\"container\" data-settings=\"{&quot;background_background&quot;:&quot;classic&quot;}\">\n\t\t\t\t<div class=\"elementor-element elementor-element-b83321f elementor-widget elementor-widget-image\" data-id=\"b83321f\" data-element_type=\"widget\" data-e-type=\"widget\" data-widget_type=\"image.default\">\n\t\t\t\t\t\t\t\t\t\t\t\t\t\t\t<img fetchpriority=\"high\" decoding=\"async\" width=\"1024\" height=\"683\" src=\"https:\/\/drpascalmensah.com\/wp-content\/uploads\/2026\/01\/WhatsApp-Image-2026-01-17-at-133448-1024x683.jpeg\" class=\"attachment-large size-large wp-image-17813\" alt=\"Decorative illustration\" srcset=\"https:\/\/drpascalmensah.com\/wp-content\/uploads\/2026\/01\/WhatsApp-Image-2026-01-17-at-133448-1024x683.jpeg 1024w, https:\/\/drpascalmensah.com\/wp-content\/uploads\/2026\/01\/WhatsApp-Image-2026-01-17-at-133448-300x200.jpeg 300w, https:\/\/drpascalmensah.com\/wp-content\/uploads\/2026\/01\/WhatsApp-Image-2026-01-17-at-133448-768x512.jpeg 768w, https:\/\/drpascalmensah.com\/wp-content\/uploads\/2026\/01\/WhatsApp-Image-2026-01-17-at-133448-600x400.jpeg 600w, https:\/\/drpascalmensah.com\/wp-content\/uploads\/2026\/01\/WhatsApp-Image-2026-01-17-at-133448.jpeg 1536w\" sizes=\"(max-width: 1024px) 100vw, 1024px\" \/>\t\t\t\t\t\t\t\t\t\t\t\t\t\t\t<\/div>\n\t\t\t\t<\/div>\n\t\t\t\t<\/div>\n\t\t<div class=\"elementor-element elementor-element-75701b0 e-con-full e-flex elementor-invisible e-con e-child\" data-id=\"75701b0\" data-element_type=\"container\" data-e-type=\"container\" data-settings=\"{&quot;background_background&quot;:&quot;classic&quot;,&quot;animation&quot;:&quot;fadeInUp&quot;,&quot;animation_delay&quot;:150}\">\n\t\t<div class=\"elementor-element elementor-element-908f0ef e-con-full e-flex e-con e-child\" data-id=\"908f0ef\" data-element_type=\"container\" data-e-type=\"container\">\n\t\t\t\t<div class=\"elementor-element elementor-element-a623b41 elementor-widget elementor-widget-heading\" data-id=\"a623b41\" data-element_type=\"widget\" data-e-type=\"widget\" data-widget_type=\"heading.default\">\n\t\t\t\t\t<h2 class=\"elementor-heading-title elementor-size-default\">GlycanAge<\/h2>\t\t\t\t<\/div>\n\t\t\t\t<div class=\"elementor-element elementor-element-534e80c elementor-widget elementor-widget-heading\" data-id=\"534e80c\" data-element_type=\"widget\" data-e-type=\"widget\" data-widget_type=\"heading.default\">\n\t\t\t\t\t<h2 class=\"elementor-heading-title elementor-size-default\">Mesurer votre \u00e2ge biologique<\/h2>\t\t\t\t<\/div>\n\t\t\t\t<div class=\"elementor-element elementor-element-b64ba5f elementor-widget elementor-widget-text-editor\" data-id=\"b64ba5f\" data-element_type=\"widget\" data-e-type=\"widget\" data-widget_type=\"text-editor.default\">\n\t\t\t\t\t\t\t\t\t<p>Comprenez comment votre syst\u00e8me immunitaire vieillit gr\u00e2ce \u00e0 un biomarqueur cliniquement valid\u00e9 li\u00e9 \u00e0 l\u2019inflammation et \u00e0 la long\u00e9vit\u00e9.<\/p>\t\t\t\t\t\t\t\t<\/div>\n\t\t\t\t<div class=\"elementor-element elementor-element-55de970 elementor-view-stacked elementor-position-inline-end elementor-mobile-position-inline-end elementor-shape-circle elementor-widget elementor-widget-icon-box\" data-id=\"55de970\" data-element_type=\"widget\" data-e-type=\"widget\" id=\"button\" data-widget_type=\"icon-box.default\">\n\t\t\t\t\t\t\t<div class=\"elementor-icon-box-wrapper\">\n\n\t\t\t\t\t\t<div class=\"elementor-icon-box-icon\">\n\t\t\t\t<a href=\"\/glycanage-en\/\" class=\"elementor-icon\" tabindex=\"-1\" aria-label=\"D\u00e9couvrir GlycanAge\">\n\t\t\t\t<svg aria-hidden=\"true\" class=\"e-font-icon-svg e-fas-arrow-right\" viewBox=\"0 0 448 512\" xmlns=\"http:\/\/www.w3.org\/2000\/svg\"><path d=\"M190.5 66.9l22.2-22.2c9.4-9.4 24.6-9.4 33.9 0L441 239c9.4 9.4 9.4 24.6 0 33.9L246.6 467.3c-9.4 9.4-24.6 9.4-33.9 0l-22.2-22.2c-9.5-9.5-9.3-25 .4-34.3L311.4 296H24c-13.3 0-24-10.7-24-24v-32c0-13.3 10.7-24 24-24h287.4L190.9 101.2c-9.8-9.3-10-24.8-.4-34.3z\"><\/path><\/svg>\t\t\t\t<\/a>\n\t\t\t<\/div>\n\t\t\t\n\t\t\t\t\t\t<div class=\"elementor-icon-box-content\">\n\n\t\t\t\t\t\t\t\t\t<h3 class=\"elementor-icon-box-title\">\n\t\t\t\t\t\t<a href=\"\/glycanage-en\/\" >\n\t\t\t\t\t\t\tD\u00e9couvrir GlycanAge\t\t\t\t\t\t<\/a>\n\t\t\t\t\t<\/h3>\n\t\t\t\t\n\t\t\t\t\n\t\t\t<\/div>\n\t\t\t\n\t\t<\/div>\n\t\t\t\t\t\t<\/div>\n\t\t\t\t<\/div>\n\t\t<div class=\"elementor-element elementor-element-9b13bc8 e-con-full e-flex e-con e-child\" data-id=\"9b13bc8\" data-element_type=\"container\" data-e-type=\"container\" data-settings=\"{&quot;background_background&quot;:&quot;classic&quot;}\">\n\t\t\t\t<div class=\"elementor-element elementor-element-95b9001 elementor-widget elementor-widget-image\" data-id=\"95b9001\" data-element_type=\"widget\" data-e-type=\"widget\" data-widget_type=\"image.default\">\n\t\t\t\t\t\t\t\t\t\t\t\t\t\t\t<img decoding=\"async\" width=\"961\" height=\"1024\" data-src=\"https:\/\/drpascalmensah.com\/wp-content\/uploads\/2023\/07\/GLYCAN-Age-\u2022-print18-copy-scaled-e1765539185579-961x1024.jpg\" class=\"attachment-large size-large wp-image-17814 lazyload\" alt=\"Kit de test des glycanes pour l&#039;\u00e9valuation de la sant\u00e9 immunitaire\" data-srcset=\"https:\/\/drpascalmensah.com\/wp-content\/uploads\/2023\/07\/GLYCAN-Age-\u2022-print18-copy-scaled-e1765539185579-961x1024.jpg 961w, https:\/\/drpascalmensah.com\/wp-content\/uploads\/2023\/07\/GLYCAN-Age-\u2022-print18-copy-scaled-e1765539185579-282x300.jpg 282w, https:\/\/drpascalmensah.com\/wp-content\/uploads\/2023\/07\/GLYCAN-Age-\u2022-print18-copy-scaled-e1765539185579-768x818.jpg 768w, https:\/\/drpascalmensah.com\/wp-content\/uploads\/2023\/07\/GLYCAN-Age-\u2022-print18-copy-scaled-e1765539185579-1442x1536.jpg 1442w, https:\/\/drpascalmensah.com\/wp-content\/uploads\/2023\/07\/GLYCAN-Age-\u2022-print18-copy-scaled-e1765539185579.jpg 1908w\" data-sizes=\"(max-width: 961px) 100vw, 961px\" src=\"data:image\/svg+xml;base64,PHN2ZyB3aWR0aD0iMSIgaGVpZ2h0PSIxIiB4bWxucz0iaHR0cDovL3d3dy53My5vcmcvMjAwMC9zdmciPjwvc3ZnPg==\" style=\"--smush-placeholder-width: 961px; --smush-placeholder-aspect-ratio: 961\/1024;\" \/>\t\t\t\t\t\t\t\t\t\t\t\t\t\t\t<\/div>\n\t\t\t\t<\/div>\n\t\t\t\t<\/div>\n\t\t\t\t\t<\/div>\n\t\t\t\t<\/div>\n\t\t<div class=\"elementor-element elementor-element-098fd1e e-flex e-con-boxed e-con e-parent\" data-id=\"098fd1e\" data-element_type=\"container\" data-e-type=\"container\">\n\t\t\t\t\t<div class=\"e-con-inner\">\n\t\t\t\t<div class=\"elementor-element elementor-element-be1d67f elementor-invisible elementor-widget elementor-widget-heading\" data-id=\"be1d67f\" data-element_type=\"widget\" data-e-type=\"widget\" data-settings=\"{&quot;_animation&quot;:&quot;fadeInUp&quot;}\" data-widget_type=\"heading.default\">\n\t\t\t\t\t<h2 class=\"elementor-heading-title elementor-size-default\"> POURQUOI C\u2019EST IMPORTANT<\/h2>\t\t\t\t<\/div>\n\t\t\t\t<div class=\"elementor-element elementor-element-afb5690 elementor-invisible elementor-widget elementor-widget-heading\" data-id=\"afb5690\" data-element_type=\"widget\" data-e-type=\"widget\" data-settings=\"{&quot;_animation&quot;:&quot;fadeInUp&quot;}\" data-widget_type=\"heading.default\">\n\t\t\t\t\t<h2 class=\"elementor-heading-title elementor-size-default\">De la <span style=\"color:#3374B5\">mesure<\/span> \u00e0 une <span style=\"color:#3374B5\">action<\/span> personnalis\u00e9e<\/h2>\t\t\t\t<\/div>\n\t\t\t\t<div class=\"elementor-element elementor-element-eddc6b6 elementor-invisible elementor-widget elementor-widget-text-editor\" data-id=\"eddc6b6\" data-element_type=\"widget\" data-e-type=\"widget\" data-settings=\"{&quot;_animation&quot;:&quot;fadeIn&quot;,&quot;_animation_delay&quot;:150}\" data-widget_type=\"text-editor.default\">\n\t\t\t\t\t\t\t\t\t<p>Comprendre votre sant\u00e9 ne se limite pas aux sympt\u00f4mes ou aux analyses classiques. Ces tests offrent une vision plus approfondie de votre biologie, vous aidant \u00e0 prendre des d\u00e9cisions \u00e9clair\u00e9es et \u00e0 adapter votre strat\u00e9gie de sant\u00e9 dans le temps. <\/p>\t\t\t\t\t\t\t\t<\/div>\n\t\t<div class=\"elementor-element elementor-element-e5c8181 e-con-full e-flex e-con e-child\" data-id=\"e5c8181\" data-element_type=\"container\" data-e-type=\"container\">\n\t\t\t\t<div class=\"elementor-element elementor-element-ac74c46 elementor-widget__width-initial elementor-view-default elementor-position-block-start elementor-mobile-position-block-start elementor-invisible elementor-widget elementor-widget-icon-box\" data-id=\"ac74c46\" data-element_type=\"widget\" data-e-type=\"widget\" data-settings=\"{&quot;_animation&quot;:&quot;fadeInUp&quot;,&quot;_animation_delay&quot;:150}\" data-widget_type=\"icon-box.default\">\n\t\t\t\t\t\t\t<div class=\"elementor-icon-box-wrapper\">\n\n\t\t\t\t\t\t<div class=\"elementor-icon-box-icon\">\n\t\t\t\t<span  class=\"elementor-icon\">\n\t\t\t\t<i aria-hidden=\"true\" class=\"xlwpf wppb-font-bar-chart\"><\/i>\t\t\t\t<\/span>\n\t\t\t<\/div>\n\t\t\t\n\t\t\t\t\t\t<div class=\"elementor-icon-box-content\">\n\n\t\t\t\t\t\t\t\t\t<h3 class=\"elementor-icon-box-title\">\n\t\t\t\t\t\t<span  >\n\t\t\t\t\t\t\tMesurer des indicateurs cl\u00e9s tels que l\u2019\u00e2ge biologique, l\u2019inflammation et la fonction immunitaire\t\t\t\t\t\t<\/span>\n\t\t\t\t\t<\/h3>\n\t\t\t\t\n\t\t\t\t\n\t\t\t<\/div>\n\t\t\t\n\t\t<\/div>\n\t\t\t\t\t\t<\/div>\n\t\t\t\t<div class=\"elementor-element elementor-element-c20af43 elementor-widget__width-initial elementor-view-default elementor-position-block-start elementor-mobile-position-block-start elementor-invisible elementor-widget elementor-widget-icon-box\" data-id=\"c20af43\" data-element_type=\"widget\" data-e-type=\"widget\" data-settings=\"{&quot;_animation&quot;:&quot;fadeInUp&quot;,&quot;_animation_delay&quot;:300}\" data-widget_type=\"icon-box.default\">\n\t\t\t\t\t\t\t<div class=\"elementor-icon-box-wrapper\">\n\n\t\t\t\t\t\t<div class=\"elementor-icon-box-icon\">\n\t\t\t\t<span  class=\"elementor-icon\">\n\t\t\t\t<i aria-hidden=\"true\" class=\"xlio ion-ios-search\"><\/i>\t\t\t\t<\/span>\n\t\t\t<\/div>\n\t\t\t\n\t\t\t\t\t\t<div class=\"elementor-icon-box-content\">\n\n\t\t\t\t\t\t\t\t\t<h3 class=\"elementor-icon-box-title\">\n\t\t\t\t\t\t<span  >\n\t\t\t\t\t\t\tComprendre l\u2019impact de votre mode de vie et de votre alimentation sur votre sant\u00e9 \u00e0 long terme\t\t\t\t\t\t<\/span>\n\t\t\t\t\t<\/h3>\n\t\t\t\t\n\t\t\t\t\n\t\t\t<\/div>\n\t\t\t\n\t\t<\/div>\n\t\t\t\t\t\t<\/div>\n\t\t\t\t<div class=\"elementor-element elementor-element-1f3f07c elementor-widget__width-initial elementor-view-default elementor-position-block-start elementor-mobile-position-block-start elementor-invisible elementor-widget elementor-widget-icon-box\" data-id=\"1f3f07c\" data-element_type=\"widget\" data-e-type=\"widget\" data-settings=\"{&quot;_animation&quot;:&quot;fadeInUp&quot;,&quot;_animation_delay&quot;:450}\" data-widget_type=\"icon-box.default\">\n\t\t\t\t\t\t\t<div class=\"elementor-icon-box-wrapper\">\n\n\t\t\t\t\t\t<div class=\"elementor-icon-box-icon\">\n\t\t\t\t<span  class=\"elementor-icon\">\n\t\t\t\t<i aria-hidden=\"true\" class=\"xlwpf wppb-font-bullseye\"><\/i>\t\t\t\t<\/span>\n\t\t\t<\/div>\n\t\t\t\n\t\t\t\t\t\t<div class=\"elementor-icon-box-content\">\n\n\t\t\t\t\t\t\t\t\t<h3 class=\"elementor-icon-box-title\">\n\t\t\t\t\t\t<span  >\n\t\t\t\t\t\t\tAgir avec des strat\u00e9gies personnalis\u00e9es fond\u00e9es sur des donn\u00e9es scientifiques\t\t\t\t\t\t<\/span>\n\t\t\t\t\t<\/h3>\n\t\t\t\t\n\t\t\t\t\n\t\t\t<\/div>\n\t\t\t\n\t\t<\/div>\n\t\t\t\t\t\t<\/div>\n\t\t\t\t<\/div>\n\t\t\t\t\t<\/div>\n\t\t\t\t<\/div>\n\t\t\t\t<\/div>\n\t\t","protected":false},"excerpt":{"rendered":"<p>SE TESTER Comprenez votre sant\u00e9 gr\u00e2ce \u00e0 des analyses avanc\u00e9es Explorez des tests cliniquement valid\u00e9s con\u00e7us pour mesurer votre biologie et guider vos d\u00e9cisions de sant\u00e9 dans le temps. TESTS DISPONIBLES De la compr\u00e9hension \u00e0 l\u2019action Test ADN Comprenez votre profil g\u00e9n\u00e9tique Un test de nutrig\u00e9n\u00e9tique qui r\u00e9v\u00e8le comment votre ADN influence votre nutrition, votre [&hellip;]<\/p>\n","protected":false},"author":207,"featured_media":0,"parent":0,"menu_order":0,"comment_status":"closed","ping_status":"closed","template":"elementor_header_footer","meta":{"site-sidebar-layout":"default","site-content-layout":"","ast-site-content-layout":"default","site-content-style":"default","site-sidebar-style":"default","ast-global-header-display":"","ast-banner-title-visibility":"","ast-main-header-display":"","ast-hfb-above-header-display":"","ast-hfb-below-header-display":"","ast-hfb-mobile-header-display":"","site-post-title":"","ast-breadcrumbs-content":"","ast-featured-img":"","footer-sml-layout":"","ast-disable-related-posts":"","theme-transparent-header-meta":"","adv-header-id-meta":"","stick-header-meta":"","header-above-stick-meta":"","header-main-stick-meta":"","header-below-stick-meta":"","astra-migrate-meta-layouts":"set","ast-page-background-enabled":"default","ast-page-background-meta":{"desktop":{"background-color":"var(--ast-global-color-4)","background-image":"","background-repeat":"repeat","background-position":"center center","background-size":"auto","background-attachment":"scroll","background-type":"","background-media":"","overlay-type":"","overlay-color":"","overlay-opacity":"","overlay-gradient":""},"tablet":{"background-color":"","background-image":"","background-repeat":"repeat","background-position":"center center","background-size":"auto","background-attachment":"scroll","background-type":"","background-media":"","overlay-type":"","overlay-color":"","overlay-opacity":"","overlay-gradient":""},"mobile":{"background-color":"","background-image":"","background-repeat":"repeat","background-position":"center center","background-size":"auto","background-attachment":"scroll","background-type":"","background-media":"","overlay-type":"","overlay-color":"","overlay-opacity":"","overlay-gradient":""}},"ast-content-background-meta":{"desktop":{"background-color":"var(--ast-global-color-5)","background-image":"","background-repeat":"repeat","background-position":"center center","background-size":"auto","background-attachment":"scroll","background-type":"","background-media":"","overlay-type":"","overlay-color":"","overlay-opacity":"","overlay-gradient":""},"tablet":{"background-color":"var(--ast-global-color-5)","background-image":"","background-repeat":"repeat","background-position":"center center","background-size":"auto","background-attachment":"scroll","background-type":"","background-media":"","overlay-type":"","overlay-color":"","overlay-opacity":"","overlay-gradient":""},"mobile":{"background-color":"var(--ast-global-color-5)","background-image":"","background-repeat":"repeat","background-position":"center center","background-size":"auto","background-attachment":"scroll","background-type":"","background-media":"","overlay-type":"","overlay-color":"","overlay-opacity":"","overlay-gradient":""}},"footnotes":""},"class_list":["post-17943","page","type-page","status-publish","hentry"],"aioseo_notices":[],"_links":{"self":[{"href":"https:\/\/drpascalmensah.com\/fr\/wp-json\/wp\/v2\/pages\/17943","targetHints":{"allow":["GET"]}}],"collection":[{"href":"https:\/\/drpascalmensah.com\/fr\/wp-json\/wp\/v2\/pages"}],"about":[{"href":"https:\/\/drpascalmensah.com\/fr\/wp-json\/wp\/v2\/types\/page"}],"author":[{"embeddable":true,"href":"https:\/\/drpascalmensah.com\/fr\/wp-json\/wp\/v2\/users\/207"}],"replies":[{"embeddable":true,"href":"https:\/\/drpascalmensah.com\/fr\/wp-json\/wp\/v2\/comments?post=17943"}],"version-history":[{"count":8,"href":"https:\/\/drpascalmensah.com\/fr\/wp-json\/wp\/v2\/pages\/17943\/revisions"}],"predecessor-version":[{"id":21486,"href":"https:\/\/drpascalmensah.com\/fr\/wp-json\/wp\/v2\/pages\/17943\/revisions\/21486"}],"wp:attachment":[{"href":"https:\/\/drpascalmensah.com\/fr\/wp-json\/wp\/v2\/media?parent=17943"}],"curies":[{"name":"wp","href":"https:\/\/api.w.org\/{rel}","templated":true}]}}