{"id":21973,"date":"2026-04-24T13:35:19","date_gmt":"2026-04-24T13:35:19","guid":{"rendered":"https:\/\/drpascalmensah.com\/product\/consulta-epigenetica-estres-cronico-ayuno\/"},"modified":"2026-04-24T13:35:19","modified_gmt":"2026-04-24T13:35:19","slug":"consulta-epigenetica-estres-cronico-ayuno","status":"publish","type":"product","link":"https:\/\/drpascalmensah.com\/es\/producto\/consulta-epigenetica-estres-cronico-ayuno\/","title":{"rendered":"Consulta epigen\u00e9tica \u2014 Estr\u00e9s cr\u00f3nico (ayuno)"},"content":{"rendered":"<p data-start=\"1928\" data-end=\"2015\">Un an\u00e1lisis epigen\u00e9tico acelerado para comprender c\u00f3mo el estr\u00e9s cr\u00f3nico afecta a tu biolog\u00eda.<\/p>\n<p data-start=\"2017\" data-end=\"2174\">Este an\u00e1lisis revela c\u00f3mo el estr\u00e9s prolongado afecta al equilibrio fisiol\u00f3gico y a la salud a largo plazo, proporcionando informaci\u00f3n cuantificable que va m\u00e1s all\u00e1 de los s\u00edntomas subjetivos.<\/p>\n<p data-start=\"2176\" data-end=\"2302\">Sus resultados son interpretados cl\u00ednicamente por el Dr. Pascal Mensah, quien elaborar\u00e1 una estrategia personalizada para mejorar la resiliencia y la recuperaci\u00f3n.<\/p>\n<p data-start=\"4322\" data-end=\"4366\"><strong data-start=\"4322\" data-end=\"4342\">Plazo de entrega<\/strong>: hasta 10 d\u00edas laborables<\/p>\n","protected":false},"excerpt":{"rendered":"<p>Un an\u00e1lisis epigen\u00e9tico acelerado para comprender c\u00f3mo el estr\u00e9s cr\u00f3nico afecta a tu biolog\u00eda. Este an\u00e1lisis revela c\u00f3mo el estr\u00e9s prolongado afecta al equilibrio fisiol\u00f3gico y a la salud a largo plazo, proporcionando informaci\u00f3n cuantificable que va m\u00e1s all\u00e1 de los s\u00edntomas subjetivos. Sus resultados son interpretados cl\u00ednicamente por el Dr. Pascal Mensah, quien elaborar\u00e1 [&hellip;]<\/p>\n","protected":false},"featured_media":0,"comment_status":"open","ping_status":"closed","template":"","meta":{"site-sidebar-layout":"default","site-content-layout":"","ast-site-content-layout":"default","site-content-style":"default","site-sidebar-style":"default","ast-global-header-display":"","ast-banner-title-visibility":"","ast-main-header-display":"","ast-hfb-above-header-display":"","ast-hfb-below-header-display":"","ast-hfb-mobile-header-display":"","site-post-title":"","ast-breadcrumbs-content":"","ast-featured-img":"","footer-sml-layout":"","ast-disable-related-posts":"","theme-transparent-header-meta":"default","adv-header-id-meta":"","stick-header-meta":"","header-above-stick-meta":"","header-main-stick-meta":"","header-below-stick-meta":"","astra-migrate-meta-layouts":"default","ast-page-background-enabled":"default","ast-page-background-meta":{"desktop":{"background-color":"var(--ast-global-color-4)","background-image":"","background-repeat":"repeat","background-position":"center center","background-size":"auto","background-attachment":"scroll","background-type":"","background-media":"","overlay-type":"","overlay-color":"","overlay-opacity":"","overlay-gradient":""},"tablet":{"background-color":"","background-image":"","background-repeat":"repeat","background-position":"center center","background-size":"auto","background-attachment":"scroll","background-type":"","background-media":"","overlay-type":"","overlay-color":"","overlay-opacity":"","overlay-gradient":""},"mobile":{"background-color":"","background-image":"","background-repeat":"repeat","background-position":"center center","background-size":"auto","background-attachment":"scroll","background-type":"","background-media":"","overlay-type":"","overlay-color":"","overlay-opacity":"","overlay-gradient":""}},"ast-content-background-meta":{"desktop":{"background-color":"var(--ast-global-color-5)","background-image":"","background-repeat":"repeat","background-position":"center center","background-size":"auto","background-attachment":"scroll","background-type":"","background-media":"","overlay-type":"","overlay-color":"","overlay-opacity":"","overlay-gradient":""},"tablet":{"background-color":"var(--ast-global-color-5)","background-image":"","background-repeat":"repeat","background-position":"center center","background-size":"auto","background-attachment":"scroll","background-type":"","background-media":"","overlay-type":"","overlay-color":"","overlay-opacity":"","overlay-gradient":""},"mobile":{"background-color":"var(--ast-global-color-5)","background-image":"","background-repeat":"repeat","background-position":"center center","background-size":"auto","background-attachment":"scroll","background-type":"","background-media":"","overlay-type":"","overlay-color":"","overlay-opacity":"","overlay-gradient":""}}},"product_brand":[],"product_cat":[120],"product_tag":[],"class_list":{"0":"post-21973","1":"product","2":"type-product","3":"status-publish","5":"product_cat-sin-categoria","6":"desktop-align-left","7":"tablet-align-left","8":"mobile-align-left","10":"first","11":"instock","12":"virtual","13":"purchasable","14":"product-type-simple"},"aioseo_notices":[],"_links":{"self":[{"href":"https:\/\/drpascalmensah.com\/es\/wp-json\/wp\/v2\/product\/21973","targetHints":{"allow":["GET"]}}],"collection":[{"href":"https:\/\/drpascalmensah.com\/es\/wp-json\/wp\/v2\/product"}],"about":[{"href":"https:\/\/drpascalmensah.com\/es\/wp-json\/wp\/v2\/types\/product"}],"replies":[{"embeddable":true,"href":"https:\/\/drpascalmensah.com\/es\/wp-json\/wp\/v2\/comments?post=21973"}],"wp:attachment":[{"href":"https:\/\/drpascalmensah.com\/es\/wp-json\/wp\/v2\/media?parent=21973"}],"wp:term":[{"taxonomy":"product_brand","embeddable":true,"href":"https:\/\/drpascalmensah.com\/es\/wp-json\/wp\/v2\/product_brand?post=21973"},{"taxonomy":"product_cat","embeddable":true,"href":"https:\/\/drpascalmensah.com\/es\/wp-json\/wp\/v2\/product_cat?post=21973"},{"taxonomy":"product_tag","embeddable":true,"href":"https:\/\/drpascalmensah.com\/es\/wp-json\/wp\/v2\/product_tag?post=21973"}],"curies":[{"name":"wp","href":"https:\/\/api.w.org\/{rel}","templated":true}]}}