{"id":21968,"date":"2026-04-24T13:25:57","date_gmt":"2026-04-24T13:25:57","guid":{"rendered":"https:\/\/drpascalmensah.com\/product\/consulta-epigenetica-edad-biologica-estilo-de-vida-y-estres-cronico-estandar\/"},"modified":"2026-04-24T13:25:57","modified_gmt":"2026-04-24T13:25:57","slug":"consulta-epigenetica-edad-biologica-estilo-de-vida-y-estres-cronico-estandar","status":"publish","type":"product","link":"https:\/\/drpascalmensah.com\/es\/producto\/consulta-epigenetica-edad-biologica-estilo-de-vida-y-estres-cronico-estandar\/","title":{"rendered":"Consulta epigen\u00e9tica \u2014 edad biol\u00f3gica, estilo de vida y estr\u00e9s cr\u00f3nico (est\u00e1ndar)"},"content":{"rendered":"<p data-start=\"2998\" data-end=\"3109\">Obt\u00e9n una visi\u00f3n completa de c\u00f3mo tu estilo de vida y el estr\u00e9s influyen en tu biolog\u00eda mediante un an\u00e1lisis epigen\u00e9tico combinado.<\/p>\n<p data-start=\"3111\" data-end=\"3268\">Mediante una \u00fanica muestra, este an\u00e1lisis dual eval\u00faa tanto el envejecimiento biol\u00f3gico como los marcadores de estr\u00e9s cr\u00f3nico, ofreciendo una visi\u00f3n integral de la din\u00e1mica de su salud.<\/p>\n<p data-start=\"3270\" data-end=\"3379\">Sus resultados son interpretados cl\u00ednicamente por el Dr. Pascal Mensah, quien elaborar\u00e1 un plan de acci\u00f3n integral y priorizado.<\/p>\n","protected":false},"excerpt":{"rendered":"<p>Obt\u00e9n una visi\u00f3n completa de c\u00f3mo tu estilo de vida y el estr\u00e9s influyen en tu biolog\u00eda mediante un an\u00e1lisis epigen\u00e9tico combinado. Mediante una \u00fanica muestra, este an\u00e1lisis dual eval\u00faa tanto el envejecimiento biol\u00f3gico como los marcadores de estr\u00e9s cr\u00f3nico, ofreciendo una visi\u00f3n integral de la din\u00e1mica de su salud. Sus resultados son interpretados cl\u00ednicamente [&hellip;]<\/p>\n","protected":false},"featured_media":0,"comment_status":"open","ping_status":"closed","template":"","meta":{"site-sidebar-layout":"default","site-content-layout":"","ast-site-content-layout":"default","site-content-style":"default","site-sidebar-style":"default","ast-global-header-display":"","ast-banner-title-visibility":"","ast-main-header-display":"","ast-hfb-above-header-display":"","ast-hfb-below-header-display":"","ast-hfb-mobile-header-display":"","site-post-title":"","ast-breadcrumbs-content":"","ast-featured-img":"","footer-sml-layout":"","ast-disable-related-posts":"","theme-transparent-header-meta":"default","adv-header-id-meta":"","stick-header-meta":"","header-above-stick-meta":"","header-main-stick-meta":"","header-below-stick-meta":"","astra-migrate-meta-layouts":"default","ast-page-background-enabled":"default","ast-page-background-meta":{"desktop":{"background-color":"var(--ast-global-color-4)","background-image":"","background-repeat":"repeat","background-position":"center center","background-size":"auto","background-attachment":"scroll","background-type":"","background-media":"","overlay-type":"","overlay-color":"","overlay-opacity":"","overlay-gradient":""},"tablet":{"background-color":"","background-image":"","background-repeat":"repeat","background-position":"center center","background-size":"auto","background-attachment":"scroll","background-type":"","background-media":"","overlay-type":"","overlay-color":"","overlay-opacity":"","overlay-gradient":""},"mobile":{"background-color":"","background-image":"","background-repeat":"repeat","background-position":"center center","background-size":"auto","background-attachment":"scroll","background-type":"","background-media":"","overlay-type":"","overlay-color":"","overlay-opacity":"","overlay-gradient":""}},"ast-content-background-meta":{"desktop":{"background-color":"var(--ast-global-color-5)","background-image":"","background-repeat":"repeat","background-position":"center center","background-size":"auto","background-attachment":"scroll","background-type":"","background-media":"","overlay-type":"","overlay-color":"","overlay-opacity":"","overlay-gradient":""},"tablet":{"background-color":"var(--ast-global-color-5)","background-image":"","background-repeat":"repeat","background-position":"center center","background-size":"auto","background-attachment":"scroll","background-type":"","background-media":"","overlay-type":"","overlay-color":"","overlay-opacity":"","overlay-gradient":""},"mobile":{"background-color":"var(--ast-global-color-5)","background-image":"","background-repeat":"repeat","background-position":"center center","background-size":"auto","background-attachment":"scroll","background-type":"","background-media":"","overlay-type":"","overlay-color":"","overlay-opacity":"","overlay-gradient":""}}},"product_brand":[],"product_cat":[120],"product_tag":[],"class_list":{"0":"post-21968","1":"product","2":"type-product","3":"status-publish","5":"product_cat-sin-categoria","6":"desktop-align-left","7":"tablet-align-left","8":"mobile-align-left","10":"first","11":"instock","12":"virtual","13":"purchasable","14":"product-type-simple"},"aioseo_notices":[],"_links":{"self":[{"href":"https:\/\/drpascalmensah.com\/es\/wp-json\/wp\/v2\/product\/21968","targetHints":{"allow":["GET"]}}],"collection":[{"href":"https:\/\/drpascalmensah.com\/es\/wp-json\/wp\/v2\/product"}],"about":[{"href":"https:\/\/drpascalmensah.com\/es\/wp-json\/wp\/v2\/types\/product"}],"replies":[{"embeddable":true,"href":"https:\/\/drpascalmensah.com\/es\/wp-json\/wp\/v2\/comments?post=21968"}],"wp:attachment":[{"href":"https:\/\/drpascalmensah.com\/es\/wp-json\/wp\/v2\/media?parent=21968"}],"wp:term":[{"taxonomy":"product_brand","embeddable":true,"href":"https:\/\/drpascalmensah.com\/es\/wp-json\/wp\/v2\/product_brand?post=21968"},{"taxonomy":"product_cat","embeddable":true,"href":"https:\/\/drpascalmensah.com\/es\/wp-json\/wp\/v2\/product_cat?post=21968"},{"taxonomy":"product_tag","embeddable":true,"href":"https:\/\/drpascalmensah.com\/es\/wp-json\/wp\/v2\/product_tag?post=21968"}],"curies":[{"name":"wp","href":"https:\/\/api.w.org\/{rel}","templated":true}]}}