{"id":19807,"date":"2026-03-09T14:00:19","date_gmt":"2026-03-09T14:00:19","guid":{"rendered":"https:\/\/drpascalmensah.com\/?post_type=product&#038;p=19807"},"modified":"2026-03-09T14:47:44","modified_gmt":"2026-03-09T14:47:44","slug":"acceso-al-articulo-termodinamica-y-mitocondrias-copy","status":"publish","type":"product","link":"https:\/\/drpascalmensah.com\/es\/producto\/acceso-al-articulo-termodinamica-y-mitocondrias-copy\/","title":{"rendered":"Acceso al art\u00edculo \u2013 Los sistemas vivos como estructuras disipativas"},"content":{"rendered":"<p>Este art\u00edculo \u201cLos sistemas vivos como estructuras disipativas\u201d explica c\u00f3mo los principios de la termodin\u00e1mica gobiernan la organizaci\u00f3n biol\u00f3gica y el funcionamiento celular. Explora c\u00f3mo las c\u00e9lulas vivas mantienen el orden lejos del equilibrio mediante un flujo continuo de energ\u00eda, y c\u00f3mo este marco ayuda a comprender el metabolismo, la bioenerg\u00e9tica mitocondrial, el envejecimiento, la inflamaci\u00f3n y las enfermedades cr\u00f3nicas.<\/p>\n<p>&nbsp;<\/p>\n","protected":false},"excerpt":{"rendered":"<p>Este art\u00edculo \u201cLos sistemas vivos como estructuras disipativas\u201d explica c\u00f3mo los principios de la termodin\u00e1mica gobiernan la organizaci\u00f3n biol\u00f3gica y el funcionamiento celular. Explora c\u00f3mo las c\u00e9lulas vivas mantienen el orden lejos del equilibrio mediante un flujo continuo de energ\u00eda, y c\u00f3mo este marco ayuda a comprender el metabolismo, la bioenerg\u00e9tica mitocondrial, el envejecimiento, la [&hellip;]<\/p>\n","protected":false},"featured_media":0,"comment_status":"open","ping_status":"closed","template":"","meta":{"site-sidebar-layout":"default","site-content-layout":"","ast-site-content-layout":"default","site-content-style":"default","site-sidebar-style":"default","ast-global-header-display":"","ast-banner-title-visibility":"","ast-main-header-display":"","ast-hfb-above-header-display":"","ast-hfb-below-header-display":"","ast-hfb-mobile-header-display":"","site-post-title":"","ast-breadcrumbs-content":"","ast-featured-img":"","footer-sml-layout":"","ast-disable-related-posts":"","theme-transparent-header-meta":"default","adv-header-id-meta":"","stick-header-meta":"","header-above-stick-meta":"","header-main-stick-meta":"","header-below-stick-meta":"","astra-migrate-meta-layouts":"set","ast-page-background-enabled":"default","ast-page-background-meta":{"desktop":{"background-color":"var(--ast-global-color-4)","background-image":"","background-repeat":"repeat","background-position":"center center","background-size":"auto","background-attachment":"scroll","background-type":"","background-media":"","overlay-type":"","overlay-color":"","overlay-opacity":"","overlay-gradient":""},"tablet":{"background-color":"","background-image":"","background-repeat":"repeat","background-position":"center center","background-size":"auto","background-attachment":"scroll","background-type":"","background-media":"","overlay-type":"","overlay-color":"","overlay-opacity":"","overlay-gradient":""},"mobile":{"background-color":"","background-image":"","background-repeat":"repeat","background-position":"center center","background-size":"auto","background-attachment":"scroll","background-type":"","background-media":"","overlay-type":"","overlay-color":"","overlay-opacity":"","overlay-gradient":""}},"ast-content-background-meta":{"desktop":{"background-color":"var(--ast-global-color-5)","background-image":"","background-repeat":"repeat","background-position":"center center","background-size":"auto","background-attachment":"scroll","background-type":"","background-media":"","overlay-type":"","overlay-color":"","overlay-opacity":"","overlay-gradient":""},"tablet":{"background-color":"var(--ast-global-color-5)","background-image":"","background-repeat":"repeat","background-position":"center center","background-size":"auto","background-attachment":"scroll","background-type":"","background-media":"","overlay-type":"","overlay-color":"","overlay-opacity":"","overlay-gradient":""},"mobile":{"background-color":"var(--ast-global-color-5)","background-image":"","background-repeat":"repeat","background-position":"center center","background-size":"auto","background-attachment":"scroll","background-type":"","background-media":"","overlay-type":"","overlay-color":"","overlay-opacity":"","overlay-gradient":""}}},"product_brand":[],"product_cat":[173],"product_tag":[],"class_list":{"0":"post-19807","1":"product","2":"type-product","3":"status-publish","5":"product_cat-article-access","6":"desktop-align-left","7":"tablet-align-left","8":"mobile-align-left","10":"first","11":"instock","12":"downloadable","13":"virtual","14":"purchasable","15":"product-type-simple"},"aioseo_notices":[],"_links":{"self":[{"href":"https:\/\/drpascalmensah.com\/es\/wp-json\/wp\/v2\/product\/19807","targetHints":{"allow":["GET"]}}],"collection":[{"href":"https:\/\/drpascalmensah.com\/es\/wp-json\/wp\/v2\/product"}],"about":[{"href":"https:\/\/drpascalmensah.com\/es\/wp-json\/wp\/v2\/types\/product"}],"replies":[{"embeddable":true,"href":"https:\/\/drpascalmensah.com\/es\/wp-json\/wp\/v2\/comments?post=19807"}],"wp:attachment":[{"href":"https:\/\/drpascalmensah.com\/es\/wp-json\/wp\/v2\/media?parent=19807"}],"wp:term":[{"taxonomy":"product_brand","embeddable":true,"href":"https:\/\/drpascalmensah.com\/es\/wp-json\/wp\/v2\/product_brand?post=19807"},{"taxonomy":"product_cat","embeddable":true,"href":"https:\/\/drpascalmensah.com\/es\/wp-json\/wp\/v2\/product_cat?post=19807"},{"taxonomy":"product_tag","embeddable":true,"href":"https:\/\/drpascalmensah.com\/es\/wp-json\/wp\/v2\/product_tag?post=19807"}],"curies":[{"name":"wp","href":"https:\/\/api.w.org\/{rel}","templated":true}]}}