{"id":18351,"date":"2026-01-17T12:37:57","date_gmt":"2026-01-17T12:37:57","guid":{"rendered":"https:\/\/drpascalmensah.com\/product\/test-de-adn-premium\/"},"modified":"2026-03-21T17:19:18","modified_gmt":"2026-03-21T17:19:18","slug":"test-de-adn-premium","status":"publish","type":"product","link":"https:\/\/drpascalmensah.com\/es\/producto\/test-de-adn-premium\/","title":{"rendered":"Consulta de nutrigen\u00e9tica y an\u00e1lisis de ADN &#8211; Premium"},"content":{"rendered":"<p>La evaluaci\u00f3n de ADN m\u00e1s completa para la salud a largo plazo.<br \/>&#8211; 6 m\u00f3dulos de ADN a elegir<br \/>\n&#8211; Informe de ADN completo<br \/>\n&#8211; Informaci\u00f3n avanzada de salud<br \/>\n&#8211; Kit de prueba de ADN en casa<br \/>\n&#8211; Procesamiento prioritario<\/p>\n","protected":false},"excerpt":{"rendered":"<p>Kit Test de ADN Premium \u2013 La evaluaci\u00f3n de ADN m\u00e1s completa para la salud a largo plazo<\/p>\n","protected":false},"featured_media":0,"comment_status":"open","ping_status":"closed","template":"","meta":{"site-sidebar-layout":"default","site-content-layout":"","ast-site-content-layout":"default","site-content-style":"default","site-sidebar-style":"default","ast-global-header-display":"","ast-banner-title-visibility":"","ast-main-header-display":"","ast-hfb-above-header-display":"","ast-hfb-below-header-display":"","ast-hfb-mobile-header-display":"","site-post-title":"","ast-breadcrumbs-content":"","ast-featured-img":"","footer-sml-layout":"","ast-disable-related-posts":"","theme-transparent-header-meta":"default","adv-header-id-meta":"","stick-header-meta":"","header-above-stick-meta":"","header-main-stick-meta":"","header-below-stick-meta":"","astra-migrate-meta-layouts":"default","ast-page-background-enabled":"default","ast-page-background-meta":{"desktop":{"background-color":"var(--ast-global-color-4)","background-image":"","background-repeat":"repeat","background-position":"center center","background-size":"auto","background-attachment":"scroll","background-type":"","background-media":"","overlay-type":"","overlay-color":"","overlay-opacity":"","overlay-gradient":""},"tablet":{"background-color":"","background-image":"","background-repeat":"repeat","background-position":"center center","background-size":"auto","background-attachment":"scroll","background-type":"","background-media":"","overlay-type":"","overlay-color":"","overlay-opacity":"","overlay-gradient":""},"mobile":{"background-color":"","background-image":"","background-repeat":"repeat","background-position":"center center","background-size":"auto","background-attachment":"scroll","background-type":"","background-media":"","overlay-type":"","overlay-color":"","overlay-opacity":"","overlay-gradient":""}},"ast-content-background-meta":{"desktop":{"background-color":"var(--ast-global-color-5)","background-image":"","background-repeat":"repeat","background-position":"center center","background-size":"auto","background-attachment":"scroll","background-type":"","background-media":"","overlay-type":"","overlay-color":"","overlay-opacity":"","overlay-gradient":""},"tablet":{"background-color":"var(--ast-global-color-5)","background-image":"","background-repeat":"repeat","background-position":"center center","background-size":"auto","background-attachment":"scroll","background-type":"","background-media":"","overlay-type":"","overlay-color":"","overlay-opacity":"","overlay-gradient":""},"mobile":{"background-color":"var(--ast-global-color-5)","background-image":"","background-repeat":"repeat","background-position":"center center","background-size":"auto","background-attachment":"scroll","background-type":"","background-media":"","overlay-type":"","overlay-color":"","overlay-opacity":"","overlay-gradient":""}}},"product_brand":[],"product_cat":[120],"product_tag":[],"class_list":{"0":"post-18351","1":"product","2":"type-product","3":"status-publish","5":"product_cat-sin-categoria","6":"desktop-align-left","7":"tablet-align-left","8":"mobile-align-left","10":"first","11":"instock","12":"virtual","13":"purchasable","14":"product-type-simple"},"aioseo_notices":[],"_links":{"self":[{"href":"https:\/\/drpascalmensah.com\/es\/wp-json\/wp\/v2\/product\/18351","targetHints":{"allow":["GET"]}}],"collection":[{"href":"https:\/\/drpascalmensah.com\/es\/wp-json\/wp\/v2\/product"}],"about":[{"href":"https:\/\/drpascalmensah.com\/es\/wp-json\/wp\/v2\/types\/product"}],"replies":[{"embeddable":true,"href":"https:\/\/drpascalmensah.com\/es\/wp-json\/wp\/v2\/comments?post=18351"}],"wp:attachment":[{"href":"https:\/\/drpascalmensah.com\/es\/wp-json\/wp\/v2\/media?parent=18351"}],"wp:term":[{"taxonomy":"product_brand","embeddable":true,"href":"https:\/\/drpascalmensah.com\/es\/wp-json\/wp\/v2\/product_brand?post=18351"},{"taxonomy":"product_cat","embeddable":true,"href":"https:\/\/drpascalmensah.com\/es\/wp-json\/wp\/v2\/product_cat?post=18351"},{"taxonomy":"product_tag","embeddable":true,"href":"https:\/\/drpascalmensah.com\/es\/wp-json\/wp\/v2\/product_tag?post=18351"}],"curies":[{"name":"wp","href":"https:\/\/api.w.org\/{rel}","templated":true}]}}