{"id":19347,"date":"2026-01-07T15:15:52","date_gmt":"2026-01-07T15:15:52","guid":{"rendered":"https:\/\/drpascalmensah.com\/?page_id=19347"},"modified":"2026-02-18T09:29:36","modified_gmt":"2026-02-18T09:29:36","slug":"blog-mitocondrias","status":"publish","type":"page","link":"https:\/\/drpascalmensah.com\/es\/blog\/blog-mitocondrias\/","title":{"rendered":"Blog \u2013 Mitocondrias"},"content":{"rendered":"\t\t<div data-elementor-type=\"wp-page\" data-elementor-id=\"19347\" class=\"elementor elementor-19347 elementor-19346\" data-elementor-post-type=\"page\">\n\t\t\t\t<div class=\"elementor-element elementor-element-4c78724 e-flex e-con-boxed e-con e-parent\" data-id=\"4c78724\" data-element_type=\"container\" data-e-type=\"container\">\n\t\t\t\t\t<div class=\"e-con-inner\">\n\t\t\t\t<div class=\"elementor-element elementor-element-7ca593a elementor-position-inline-start elementor-view-default elementor-mobile-position-block-start elementor-widget elementor-widget-icon-box\" data-id=\"7ca593a\" data-element_type=\"widget\" data-e-type=\"widget\" data-widget_type=\"icon-box.default\">\n\t\t\t\t<div class=\"elementor-widget-container\">\n\t\t\t\t\t\t\t<div class=\"elementor-icon-box-wrapper\">\n\n\t\t\t\t\t\t<div class=\"elementor-icon-box-icon\">\n\t\t\t\t<a href=\"https:\/\/drpascalmensah.com\/es\/blog\/\" class=\"elementor-icon\" tabindex=\"-1\" aria-label=\"Todos los art\u00edculos\">\n\t\t\t\t<i aria-hidden=\"true\" class=\"xlio ion-ios-arrow-round-back\"><\/i>\t\t\t\t<\/a>\n\t\t\t<\/div>\n\t\t\t\n\t\t\t\t\t\t<div class=\"elementor-icon-box-content\">\n\n\t\t\t\t\t\t\t\t\t<h3 class=\"elementor-icon-box-title\">\n\t\t\t\t\t\t<a href=\"https:\/\/drpascalmensah.com\/es\/blog\/\" >\n\t\t\t\t\t\t\tTodos los art\u00edculos\t\t\t\t\t\t<\/a>\n\t\t\t\t\t<\/h3>\n\t\t\t\t\n\t\t\t\t\n\t\t\t<\/div>\n\t\t\t\n\t\t<\/div>\n\t\t\t\t\t\t<\/div>\n\t\t\t\t<\/div>\n\t\t\t\t<div class=\"elementor-element elementor-element-4788374 elementor-invisible elementor-widget elementor-widget-heading\" data-id=\"4788374\" data-element_type=\"widget\" data-e-type=\"widget\" data-settings=\"{&quot;_animation&quot;:&quot;fadeInUp&quot;}\" data-widget_type=\"heading.default\">\n\t\t\t\t<div class=\"elementor-widget-container\">\n\t\t\t\t\t<h2 class=\"elementor-heading-title elementor-size-default\">BLOG<\/h2>\t\t\t\t<\/div>\n\t\t\t\t<\/div>\n\t\t\t\t<div class=\"elementor-element elementor-element-4e6e653 elementor-invisible elementor-widget elementor-widget-heading\" data-id=\"4e6e653\" data-element_type=\"widget\" data-e-type=\"widget\" data-settings=\"{&quot;_animation&quot;:&quot;fadeInUp&quot;}\" data-widget_type=\"heading.default\">\n\t\t\t\t<div class=\"elementor-widget-container\">\n\t\t\t\t\t<h2 class=\"elementor-heading-title elementor-size-default\">Explorar conocimientos sobre las mitocondrias<\/h2>\t\t\t\t<\/div>\n\t\t\t\t<\/div>\n\t\t\t\t<div class=\"elementor-element elementor-element-47454d4 elementor-invisible elementor-widget elementor-widget-text-editor\" data-id=\"47454d4\" data-element_type=\"widget\" data-e-type=\"widget\" data-settings=\"{&quot;_animation&quot;:&quot;fadeIn&quot;,&quot;_animation_delay&quot;:150}\" data-widget_type=\"text-editor.default\">\n\t\t\t\t<div class=\"elementor-widget-container\">\n\t\t\t\t\t\t\t\t\t<p>Descubre el papel fundamental de las mitocondrias en la biolog\u00eda celular, la producci\u00f3n de energ\u00eda y la salud humana.<\/p>\t\t\t\t\t\t\t\t<\/div>\n\t\t\t\t<\/div>\n\t\t\t\t<div class=\"elementor-element elementor-element-b9f1625 elementor-posts__hover-none blog-cards-custom elementor-grid-3 elementor-grid-tablet-2 elementor-grid-mobile-1 elementor-posts--thumbnail-top elementor-invisible elementor-widget elementor-widget-posts\" data-id=\"b9f1625\" data-element_type=\"widget\" data-e-type=\"widget\" data-settings=\"{&quot;_animation&quot;:&quot;fadeInUp&quot;,&quot;_animation_delay&quot;:150,&quot;cards_columns&quot;:&quot;3&quot;,&quot;cards_columns_tablet&quot;:&quot;2&quot;,&quot;cards_columns_mobile&quot;:&quot;1&quot;,&quot;cards_row_gap&quot;:{&quot;unit&quot;:&quot;px&quot;,&quot;size&quot;:35,&quot;sizes&quot;:[]},&quot;cards_row_gap_tablet&quot;:{&quot;unit&quot;:&quot;px&quot;,&quot;size&quot;:&quot;&quot;,&quot;sizes&quot;:[]},&quot;cards_row_gap_mobile&quot;:{&quot;unit&quot;:&quot;px&quot;,&quot;size&quot;:&quot;&quot;,&quot;sizes&quot;:[]}}\" data-widget_type=\"posts.cards\">\n\t\t\t\t<div class=\"elementor-widget-container\">\n\t\t\t\t\t\t\t<div class=\"elementor-posts-container elementor-posts elementor-posts--skin-cards elementor-grid\" role=\"list\">\n\t\t\t\t<article class=\"elementor-post elementor-grid-item post-20891 post type-post status-publish format-standard has-post-thumbnail hentry category-mitocondrias tag-inmunometabolismo tag-mitocondrias tag-thermodynamics\" role=\"listitem\">\n\t\t\t<div class=\"elementor-post__card\">\n\t\t\t\t<a class=\"elementor-post__thumbnail__link\" href=\"https:\/\/drpascalmensah.com\/es\/cuando-la-microglia-no-puede-limpiar-sus-mitocondrias-2\/\" tabindex=\"-1\" ><div class=\"elementor-post__thumbnail\"><img fetchpriority=\"high\" decoding=\"async\" width=\"1024\" height=\"576\" src=\"https:\/\/drpascalmensah.com\/wp-content\/uploads\/2026\/03\/julien-tromeur-ZMK0DU5wARA-unsplash-1024x576.jpg\" class=\"attachment-large size-large wp-image-20929\" alt=\"Human body illustrating M1 M2 immune response metabolic trade off\" srcset=\"https:\/\/drpascalmensah.com\/wp-content\/uploads\/2026\/03\/julien-tromeur-ZMK0DU5wARA-unsplash-1024x576.jpg 1024w, https:\/\/drpascalmensah.com\/wp-content\/uploads\/2026\/03\/julien-tromeur-ZMK0DU5wARA-unsplash-300x169.jpg 300w, https:\/\/drpascalmensah.com\/wp-content\/uploads\/2026\/03\/julien-tromeur-ZMK0DU5wARA-unsplash-768x432.jpg 768w, https:\/\/drpascalmensah.com\/wp-content\/uploads\/2026\/03\/julien-tromeur-ZMK0DU5wARA-unsplash-1536x864.jpg 1536w, https:\/\/drpascalmensah.com\/wp-content\/uploads\/2026\/03\/julien-tromeur-ZMK0DU5wARA-unsplash-2048x1152.jpg 2048w, https:\/\/drpascalmensah.com\/wp-content\/uploads\/2026\/03\/julien-tromeur-ZMK0DU5wARA-unsplash-1320x743.jpg 1320w, https:\/\/drpascalmensah.com\/wp-content\/uploads\/2026\/03\/julien-tromeur-ZMK0DU5wARA-unsplash-600x338.jpg 600w\" sizes=\"(max-width: 1024px) 100vw, 1024px\" \/><\/div><\/a>\n\t\t\t\t<div class=\"elementor-post__badge\">Mitocondrias<\/div>\n\t\t\t\t<div class=\"elementor-post__text\">\n\t\t\t\t<h3 class=\"elementor-post__title\">\n\t\t\t<a href=\"https:\/\/drpascalmensah.com\/es\/cuando-la-microglia-no-puede-limpiar-sus-mitocondrias-2\/\" >\n\t\t\t\tEl eje termodin\u00e1mico M1\/M2: un compromiso \u00fanico a trav\u00e9s de las enfermedades\t\t\t<\/a>\n\t\t<\/h3>\n\t\t\t\t<div class=\"elementor-post__excerpt\">\n\t\t\t<p>\u00bfY si la inflamaci\u00f3n, la sepsis y la evasi\u00f3n inmunitaria del c\u00e1ncer compartieran el mismo defecto termodin\u00e1mico?<br \/>\nEste art\u00edculo explora c\u00f3mo un \u00fanico cambio bioenerg\u00e9tico en las c\u00e9lulas inmunitarias \u2014entre OXPHOS y gluc\u00f3lisis\u2014 impulsa la enfermedad en la sepsis, la artritis reumatoide y el c\u00e1ncer de pulm\u00f3n.<\/p>\n\t\t<\/div>\n\t\t\t\t<\/div>\n\t\t\t\t<div class=\"elementor-post__meta-data\">\n\t\t\t\t\t<span class=\"elementor-post-date\">\n\t\t\t31 de marzo de 2026\t\t<\/span>\n\t\t\t\t<\/div>\n\t\t\t\t\t<\/div>\n\t\t<\/article>\n\t\t\t\t<article class=\"elementor-post elementor-grid-item post-20888 post type-post status-publish format-standard has-post-thumbnail hentry category-mitocondrias tag-mitocondrias tag-neurociencia\" role=\"listitem\">\n\t\t\t<div class=\"elementor-post__card\">\n\t\t\t\t<a class=\"elementor-post__thumbnail__link\" href=\"https:\/\/drpascalmensah.com\/es\/cuando-la-microglia-no-puede-limpiar-sus-mitocondrias\/\" tabindex=\"-1\" ><div class=\"elementor-post__thumbnail\"><img decoding=\"async\" width=\"1024\" height=\"778\" data-src=\"https:\/\/drpascalmensah.com\/wp-content\/uploads\/2026\/03\/milad-fakurian-58Z17lnVS4U-unsplash-1024x778.jpg\" class=\"attachment-large size-large wp-image-20887 lazyload\" alt=\"Concepto de neuroinflamaci\u00f3n por disfunci\u00f3n mitocondrial de la microgl\u00eda cerebral\" data-srcset=\"https:\/\/drpascalmensah.com\/wp-content\/uploads\/2026\/03\/milad-fakurian-58Z17lnVS4U-unsplash-1024x778.jpg 1024w, https:\/\/drpascalmensah.com\/wp-content\/uploads\/2026\/03\/milad-fakurian-58Z17lnVS4U-unsplash-300x228.jpg 300w, https:\/\/drpascalmensah.com\/wp-content\/uploads\/2026\/03\/milad-fakurian-58Z17lnVS4U-unsplash-768x584.jpg 768w, https:\/\/drpascalmensah.com\/wp-content\/uploads\/2026\/03\/milad-fakurian-58Z17lnVS4U-unsplash-1536x1167.jpg 1536w, https:\/\/drpascalmensah.com\/wp-content\/uploads\/2026\/03\/milad-fakurian-58Z17lnVS4U-unsplash-2048x1556.jpg 2048w, https:\/\/drpascalmensah.com\/wp-content\/uploads\/2026\/03\/milad-fakurian-58Z17lnVS4U-unsplash-1320x1003.jpg 1320w, https:\/\/drpascalmensah.com\/wp-content\/uploads\/2026\/03\/milad-fakurian-58Z17lnVS4U-unsplash-600x456.jpg 600w\" data-sizes=\"(max-width: 1024px) 100vw, 1024px\" src=\"data:image\/svg+xml;base64,PHN2ZyB3aWR0aD0iMSIgaGVpZ2h0PSIxIiB4bWxucz0iaHR0cDovL3d3dy53My5vcmcvMjAwMC9zdmciPjwvc3ZnPg==\" style=\"--smush-placeholder-width: 1024px; --smush-placeholder-aspect-ratio: 1024\/778;\" \/><\/div><\/a>\n\t\t\t\t<div class=\"elementor-post__badge\">Mitocondrias<\/div>\n\t\t\t\t<div class=\"elementor-post__text\">\n\t\t\t\t<h3 class=\"elementor-post__title\">\n\t\t\t<a href=\"https:\/\/drpascalmensah.com\/es\/cuando-la-microglia-no-puede-limpiar-sus-mitocondrias\/\" >\n\t\t\t\tCuando la microgl\u00eda no puede limpiar sus mitocondrias\t\t\t<\/a>\n\t\t<\/h3>\n\t\t\t\t<div class=\"elementor-post__excerpt\">\n\t\t\t<p>\u00bfPueden las mitocondrias da\u00f1adas atrapar al cerebro en una inflamaci\u00f3n cr\u00f3nica y provocar depresi\u00f3n?<br \/>\nEste art\u00edculo explora c\u00f3mo el fallo en la comunicaci\u00f3n entre mitocondrias y lisosomas bloquea a la microgl\u00eda en un bucle inflamatorio autosostenido, y c\u00f3mo este mecanismo se conecta con la sepsis, la disfunci\u00f3n de las c\u00e9lulas T y el eje IRG1\u2013itaconato.<\/p>\n\t\t<\/div>\n\t\t\t\t<\/div>\n\t\t\t\t<div class=\"elementor-post__meta-data\">\n\t\t\t\t\t<span class=\"elementor-post-date\">\n\t\t\t31 de marzo de 2026\t\t<\/span>\n\t\t\t\t<\/div>\n\t\t\t\t\t<\/div>\n\t\t<\/article>\n\t\t\t\t<article class=\"elementor-post elementor-grid-item post-19831 post type-post status-publish format-standard has-post-thumbnail hentry category-mitocondrias tag-metabolism tag-mitocondrias tag-thermodynamics\" role=\"listitem\">\n\t\t\t<div class=\"elementor-post__card\">\n\t\t\t\t<a class=\"elementor-post__thumbnail__link\" href=\"https:\/\/drpascalmensah.com\/es\/los-sistemas-vivos-como-estructuras-disipativas\/\" tabindex=\"-1\" ><div class=\"elementor-post__thumbnail\"><img decoding=\"async\" width=\"612\" height=\"362\" data-src=\"https:\/\/drpascalmensah.com\/wp-content\/uploads\/2026\/03\/istockphoto-2195556244-612x612-1.webp\" class=\"attachment-large size-large wp-image-19830 lazyload\" alt=\"C\u00e9lulas como sistemas biol\u00f3gicos disipativos: concepto termodin\u00e1mico\" data-srcset=\"https:\/\/drpascalmensah.com\/wp-content\/uploads\/2026\/03\/istockphoto-2195556244-612x612-1.webp 612w, https:\/\/drpascalmensah.com\/wp-content\/uploads\/2026\/03\/istockphoto-2195556244-612x612-1-300x177.webp 300w, https:\/\/drpascalmensah.com\/wp-content\/uploads\/2026\/03\/istockphoto-2195556244-612x612-1-600x355.webp 600w\" data-sizes=\"(max-width: 612px) 100vw, 612px\" src=\"data:image\/svg+xml;base64,PHN2ZyB3aWR0aD0iMSIgaGVpZ2h0PSIxIiB4bWxucz0iaHR0cDovL3d3dy53My5vcmcvMjAwMC9zdmciPjwvc3ZnPg==\" style=\"--smush-placeholder-width: 612px; --smush-placeholder-aspect-ratio: 612\/362;\" \/><\/div><\/a>\n\t\t\t\t<div class=\"elementor-post__badge\">Mitocondrias<\/div>\n\t\t\t\t<div class=\"elementor-post__text\">\n\t\t\t\t<h3 class=\"elementor-post__title\">\n\t\t\t<a href=\"https:\/\/drpascalmensah.com\/es\/los-sistemas-vivos-como-estructuras-disipativas\/\" >\n\t\t\t\tLos sistemas vivos como estructuras disipativas\t\t\t<\/a>\n\t\t<\/h3>\n\t\t\t\t<div class=\"elementor-post__excerpt\">\n\t\t\t<p>\u00bfC\u00f3mo logran los sistemas vivos mantener el orden en un universo que naturalmente tiende hacia el desorden?<br \/>\nEste art\u00edculo explora c\u00f3mo los principios de la termodin\u00e1mica explican la organizaci\u00f3n biol\u00f3gica, mostrando c\u00f3mo las c\u00e9lulas mantienen su estructura y funci\u00f3n lejos del equilibrio mediante un flujo continuo de energ\u00eda, y c\u00f3mo este marco ayuda a interpretar el metabolismo, el envejecimiento, la inflamaci\u00f3n y las enfermedades cr\u00f3nicas.<\/p>\n\t\t<\/div>\n\t\t\t\t<\/div>\n\t\t\t\t<div class=\"elementor-post__meta-data\">\n\t\t\t\t\t<span class=\"elementor-post-date\">\n\t\t\t9 de marzo de 2026\t\t<\/span>\n\t\t\t\t<\/div>\n\t\t\t\t\t<\/div>\n\t\t<\/article>\n\t\t\t\t<article class=\"elementor-post elementor-grid-item post-19671 post type-post status-publish format-standard has-post-thumbnail hentry category-mitocondrias tag-metabolism tag-mitocondrias tag-thermodynamics\" role=\"listitem\">\n\t\t\t<div class=\"elementor-post__card\">\n\t\t\t\t<a class=\"elementor-post__thumbnail__link\" href=\"https:\/\/drpascalmensah.com\/es\/termodinamica-y-mitocondrias\/\" tabindex=\"-1\" ><div class=\"elementor-post__thumbnail\"><img decoding=\"async\" width=\"781\" height=\"657\" data-src=\"https:\/\/drpascalmensah.com\/wp-content\/uploads\/2026\/02\/Capture-decran-2026-02-25-a-135807.png\" class=\"attachment-large size-large wp-image-19670 lazyload\" alt=\"Diagrama que relaciona la termodin\u00e1mica con la funci\u00f3n mitocondrial.\" data-srcset=\"https:\/\/drpascalmensah.com\/wp-content\/uploads\/2026\/02\/Capture-decran-2026-02-25-a-135807.png 781w, https:\/\/drpascalmensah.com\/wp-content\/uploads\/2026\/02\/Capture-decran-2026-02-25-a-135807-300x252.png 300w, https:\/\/drpascalmensah.com\/wp-content\/uploads\/2026\/02\/Capture-decran-2026-02-25-a-135807-768x646.png 768w, https:\/\/drpascalmensah.com\/wp-content\/uploads\/2026\/02\/Capture-decran-2026-02-25-a-135807-600x505.png 600w\" data-sizes=\"(max-width: 781px) 100vw, 781px\" src=\"data:image\/svg+xml;base64,PHN2ZyB3aWR0aD0iMSIgaGVpZ2h0PSIxIiB4bWxucz0iaHR0cDovL3d3dy53My5vcmcvMjAwMC9zdmciPjwvc3ZnPg==\" style=\"--smush-placeholder-width: 781px; --smush-placeholder-aspect-ratio: 781\/657;\" \/><\/div><\/a>\n\t\t\t\t<div class=\"elementor-post__badge\">Mitocondrias<\/div>\n\t\t\t\t<div class=\"elementor-post__text\">\n\t\t\t\t<h3 class=\"elementor-post__title\">\n\t\t\t<a href=\"https:\/\/drpascalmensah.com\/es\/termodinamica-y-mitocondrias\/\" >\n\t\t\t\tTermodin\u00e1mica y Mitocondrias\t\t\t<\/a>\n\t\t<\/h3>\n\t\t\t\t<div class=\"elementor-post__excerpt\">\n\t\t\t<p>\u00bfC\u00f3mo las leyes de la termodin\u00e1mica moldean la funci\u00f3n mitocondrial e influyen en la salud y la enfermedad?<br \/>\nEste art\u00edculo examina c\u00f3mo los principios f\u00edsicos fundamentales gobiernan la energ\u00eda celular, explicando el flujo de electrones mitocondrial, el potencial de membrana, la energ\u00eda libre y el equilibrio redox, as\u00ed como sus implicaciones en la inflamaci\u00f3n, la adaptaci\u00f3n y las enfermedades cr\u00f3nicas.<\/p>\n\t\t<\/div>\n\t\t\t\t<\/div>\n\t\t\t\t<div class=\"elementor-post__meta-data\">\n\t\t\t\t\t<span class=\"elementor-post-date\">\n\t\t\t25 de febrero de 2026\t\t<\/span>\n\t\t\t\t<\/div>\n\t\t\t\t\t<\/div>\n\t\t<\/article>\n\t\t\t\t<article class=\"elementor-post elementor-grid-item post-19341 post type-post status-publish format-standard has-post-thumbnail hentry category-mitocondrias tag-cancer tag-inmunometabolismo tag-metabolism tag-mitocondrias\" role=\"listitem\">\n\t\t\t<div class=\"elementor-post__card\">\n\t\t\t\t<a class=\"elementor-post__thumbnail__link\" href=\"https:\/\/drpascalmensah.com\/es\/tumorigenesis-impulsada-por-las-mitocondrias-una-nueva-vision-del-metabolismo-del-cancer\/\" tabindex=\"-1\" ><div class=\"elementor-post__thumbnail\"><img decoding=\"async\" width=\"1024\" height=\"474\" data-src=\"https:\/\/drpascalmensah.com\/wp-content\/uploads\/2026\/02\/Capture-decran-2026-02-14-a-112203-1024x474.png\" class=\"attachment-large size-large wp-image-19340 lazyload\" alt=\"Funci\u00f3n de las mitocondrias en el metabolismo del c\u00e1ncer: concepto de tumorig\u00e9nesis\" data-srcset=\"https:\/\/drpascalmensah.com\/wp-content\/uploads\/2026\/02\/Capture-decran-2026-02-14-a-112203-1024x474.png 1024w, https:\/\/drpascalmensah.com\/wp-content\/uploads\/2026\/02\/Capture-decran-2026-02-14-a-112203-300x139.png 300w, https:\/\/drpascalmensah.com\/wp-content\/uploads\/2026\/02\/Capture-decran-2026-02-14-a-112203-768x356.png 768w, https:\/\/drpascalmensah.com\/wp-content\/uploads\/2026\/02\/Capture-decran-2026-02-14-a-112203-600x278.png 600w, https:\/\/drpascalmensah.com\/wp-content\/uploads\/2026\/02\/Capture-decran-2026-02-14-a-112203.png 1164w\" data-sizes=\"(max-width: 1024px) 100vw, 1024px\" src=\"data:image\/svg+xml;base64,PHN2ZyB3aWR0aD0iMSIgaGVpZ2h0PSIxIiB4bWxucz0iaHR0cDovL3d3dy53My5vcmcvMjAwMC9zdmciPjwvc3ZnPg==\" style=\"--smush-placeholder-width: 1024px; --smush-placeholder-aspect-ratio: 1024\/474;\" \/><\/div><\/a>\n\t\t\t\t<div class=\"elementor-post__badge\">Mitocondrias<\/div>\n\t\t\t\t<div class=\"elementor-post__text\">\n\t\t\t\t<h3 class=\"elementor-post__title\">\n\t\t\t<a href=\"https:\/\/drpascalmensah.com\/es\/tumorigenesis-impulsada-por-las-mitocondrias-una-nueva-vision-del-metabolismo-del-cancer\/\" >\n\t\t\t\tTumorig\u00e9nesis impulsada por las mitocondrias: una nueva visi\u00f3n del metabolismo del c\u00e1ncer\t\t\t<\/a>\n\t\t<\/h3>\n\t\t\t\t<div class=\"elementor-post__excerpt\">\n\t\t\t<p>\u00bfSon las mitocondrias motores activos del desarrollo del c\u00e1ncer m\u00e1s que simples actores secundarios? Este art\u00edculo destaca una revisi\u00f3n cient\u00edfica que propone que la bioenerg\u00e9tica mitocondrial y la se\u00f1alizaci\u00f3n redox desempe\u00f1an un papel central en la tumorig\u00e9nesis y en las estrategias terap\u00e9uticas contra el c\u00e1ncer. <\/p>\n\t\t<\/div>\n\t\t\t\t<\/div>\n\t\t\t\t<div class=\"elementor-post__meta-data\">\n\t\t\t\t\t<span class=\"elementor-post-date\">\n\t\t\t14 de febrero de 2026\t\t<\/span>\n\t\t\t\t<\/div>\n\t\t\t\t\t<\/div>\n\t\t<\/article>\n\t\t\t\t<\/div>\n\t\t\n\t\t\t\t\t\t<\/div>\n\t\t\t\t<\/div>\n\t\t\t\t\t<\/div>\n\t\t\t\t<\/div>\n\t\t\t\t<\/div>\n\t\t","protected":false},"excerpt":{"rendered":"<p>Todos los art\u00edculos BLOG Explorar conocimientos sobre las mitocondrias Descubre el papel fundamental de las mitocondrias en la biolog\u00eda celular, la producci\u00f3n de energ\u00eda y la salud humana.<\/p>\n","protected":false},"author":207,"featured_media":0,"parent":17931,"menu_order":0,"comment_status":"closed","ping_status":"closed","template":"elementor_header_footer","meta":{"site-sidebar-layout":"default","site-content-layout":"","ast-site-content-layout":"default","site-content-style":"default","site-sidebar-style":"default","ast-global-header-display":"","ast-banner-title-visibility":"","ast-main-header-display":"","ast-hfb-above-header-display":"","ast-hfb-below-header-display":"","ast-hfb-mobile-header-display":"","site-post-title":"","ast-breadcrumbs-content":"","ast-featured-img":"","footer-sml-layout":"","ast-disable-related-posts":"","theme-transparent-header-meta":"","adv-header-id-meta":"","stick-header-meta":"","header-above-stick-meta":"","header-main-stick-meta":"","header-below-stick-meta":"","astra-migrate-meta-layouts":"set","ast-page-background-enabled":"default","ast-page-background-meta":{"desktop":{"background-color":"var(--ast-global-color-4)","background-image":"","background-repeat":"repeat","background-position":"center center","background-size":"auto","background-attachment":"scroll","background-type":"","background-media":"","overlay-type":"","overlay-color":"","overlay-opacity":"","overlay-gradient":""},"tablet":{"background-color":"","background-image":"","background-repeat":"repeat","background-position":"center center","background-size":"auto","background-attachment":"scroll","background-type":"","background-media":"","overlay-type":"","overlay-color":"","overlay-opacity":"","overlay-gradient":""},"mobile":{"background-color":"","background-image":"","background-repeat":"repeat","background-position":"center center","background-size":"auto","background-attachment":"scroll","background-type":"","background-media":"","overlay-type":"","overlay-color":"","overlay-opacity":"","overlay-gradient":""}},"ast-content-background-meta":{"desktop":{"background-color":"var(--ast-global-color-5)","background-image":"","background-repeat":"repeat","background-position":"center center","background-size":"auto","background-attachment":"scroll","background-type":"","background-media":"","overlay-type":"","overlay-color":"","overlay-opacity":"","overlay-gradient":""},"tablet":{"background-color":"var(--ast-global-color-5)","background-image":"","background-repeat":"repeat","background-position":"center center","background-size":"auto","background-attachment":"scroll","background-type":"","background-media":"","overlay-type":"","overlay-color":"","overlay-opacity":"","overlay-gradient":""},"mobile":{"background-color":"var(--ast-global-color-5)","background-image":"","background-repeat":"repeat","background-position":"center center","background-size":"auto","background-attachment":"scroll","background-type":"","background-media":"","overlay-type":"","overlay-color":"","overlay-opacity":"","overlay-gradient":""}},"footnotes":""},"class_list":["post-19347","page","type-page","status-publish","hentry"],"aioseo_notices":[],"_links":{"self":[{"href":"https:\/\/drpascalmensah.com\/es\/wp-json\/wp\/v2\/pages\/19347","targetHints":{"allow":["GET"]}}],"collection":[{"href":"https:\/\/drpascalmensah.com\/es\/wp-json\/wp\/v2\/pages"}],"about":[{"href":"https:\/\/drpascalmensah.com\/es\/wp-json\/wp\/v2\/types\/page"}],"author":[{"embeddable":true,"href":"https:\/\/drpascalmensah.com\/es\/wp-json\/wp\/v2\/users\/207"}],"replies":[{"embeddable":true,"href":"https:\/\/drpascalmensah.com\/es\/wp-json\/wp\/v2\/comments?post=19347"}],"version-history":[{"count":9,"href":"https:\/\/drpascalmensah.com\/es\/wp-json\/wp\/v2\/pages\/19347\/revisions"}],"predecessor-version":[{"id":19510,"href":"https:\/\/drpascalmensah.com\/es\/wp-json\/wp\/v2\/pages\/19347\/revisions\/19510"}],"up":[{"embeddable":true,"href":"https:\/\/drpascalmensah.com\/es\/wp-json\/wp\/v2\/pages\/17931"}],"wp:attachment":[{"href":"https:\/\/drpascalmensah.com\/es\/wp-json\/wp\/v2\/media?parent=19347"}],"curies":[{"name":"wp","href":"https:\/\/api.w.org\/{rel}","templated":true}]}}