{"id":18029,"date":"2025-11-05T19:10:51","date_gmt":"2025-11-05T19:10:51","guid":{"rendered":"https:\/\/drpascalmensah.com\/politica-de-reembolso\/"},"modified":"2026-04-17T14:11:43","modified_gmt":"2026-04-17T14:11:43","slug":"reembolso","status":"publish","type":"page","link":"https:\/\/drpascalmensah.com\/es\/reembolso\/","title":{"rendered":"Pol\u00edtica de Reembolso"},"content":{"rendered":"\t\t<div data-elementor-type=\"wp-page\" data-elementor-id=\"18029\" class=\"elementor elementor-18029 elementor-9201\" data-elementor-post-type=\"page\">\n\t\t\t\t<div class=\"elementor-element elementor-element-5df4351 e-flex e-con-boxed e-con e-parent\" data-id=\"5df4351\" data-element_type=\"container\" data-e-type=\"container\">\n\t\t\t\t\t<div class=\"e-con-inner\">\n\t\t\t\t<div class=\"elementor-element elementor-element-5b8ad3c elementor-widget elementor-widget-heading\" data-id=\"5b8ad3c\" data-element_type=\"widget\" data-e-type=\"widget\" data-widget_type=\"heading.default\">\n\t\t\t\t\t<h2 class=\"elementor-heading-title elementor-size-default\">Pol\u00edtica de Reembolso<\/h2>\t\t\t\t<\/div>\n\t\t\t\t\t<\/div>\n\t\t\t\t<\/div>\n\t\t<div class=\"elementor-element elementor-element-a50283d e-flex e-con-boxed e-con e-parent\" data-id=\"a50283d\" data-element_type=\"container\" data-e-type=\"container\">\n\t\t\t\t\t<div class=\"e-con-inner\">\n\t\t\t\t<div class=\"elementor-element elementor-element-23dc058 elementor-widget elementor-widget-text-editor\" data-id=\"23dc058\" data-element_type=\"widget\" data-e-type=\"widget\" data-widget_type=\"text-editor.default\">\n\t\t\t\t\t\t\t\t\t<ol><li><b style=\"font-size: 18px;\">Elegibilidad:<\/b> Entendemos que pueden surgir circunstancias que requieran solicitar un reembolso. Los reembolsos se emiten a nuestra discreci\u00f3n y est\u00e1n sujetos a ciertas condiciones. Para ser elegible para un reembolso, debe comunicarse con nuestro equipo de atenci\u00f3n al cliente dentro del plazo especificado y proporcionar una raz\u00f3n v\u00e1lida para la solicitud.  <br><br><\/li><li><b style=\"font-size: 18px;\">Devoluci\u00f3n de productos:<\/b> Si recibi\u00f3 productos f\u00edsicos de Ymmunoledge y no est\u00e1 satisfecho o encuentra alg\u00fan problema, comun\u00edquese con nuestro equipo de atenci\u00f3n al cliente para iniciar el proceso de devoluci\u00f3n y recibir m\u00e1s instrucciones. Los reembolsos por productos devueltos est\u00e1n sujetos a inspecci\u00f3n y aprobaci\u00f3n. <br><br><\/li><li><b style=\"font-size: 18px;\">Cancelaci\u00f3n de servicios:<\/b> Si desea cancelar un servicio adquirido en Ymmunoledge, consulte nuestra pol\u00edtica de cancelaci\u00f3n para determinar si es elegible para un reembolso. Algunos servicios pueden tener t\u00e9rminos y plazos de cancelaci\u00f3n espec\u00edficos. <br><br><\/li><li>Tiempo de procesamiento: Una vez que aprobemos su solicitud de reembolso, procesaremos el reembolso en un plazo razonable. El tiempo exacto de procesamiento puede variar seg\u00fan el m\u00e9todo de pago, las instituciones financieras y otros factores relevantes. <\/li><li style=\"list-style-type: none;\"><ol><li style=\"list-style-type: none;\"> <\/li><\/ol><\/li><\/ol>\t\t\t\t\t\t\t\t<\/div>\n\t\t\t\t\t<\/div>\n\t\t\t\t<\/div>\n\t\t\t\t<\/div>\n\t\t","protected":false},"excerpt":{"rendered":"<p>Pol\u00edtica de Reembolso Elegibilidad: Entendemos que pueden surgir circunstancias que requieran solicitar un reembolso. Los reembolsos se emiten a nuestra discreci\u00f3n y est\u00e1n sujetos a ciertas condiciones. Para ser elegible para un reembolso, debe comunicarse con nuestro equipo de atenci\u00f3n al cliente dentro del plazo especificado y proporcionar una raz\u00f3n v\u00e1lida para la solicitud. Devoluci\u00f3n [&hellip;]<\/p>\n","protected":false},"author":207,"featured_media":0,"parent":0,"menu_order":0,"comment_status":"closed","ping_status":"closed","template":"elementor_header_footer","meta":{"site-sidebar-layout":"default","site-content-layout":"","ast-site-content-layout":"default","site-content-style":"default","site-sidebar-style":"default","ast-global-header-display":"","ast-banner-title-visibility":"","ast-main-header-display":"","ast-hfb-above-header-display":"","ast-hfb-below-header-display":"","ast-hfb-mobile-header-display":"","site-post-title":"","ast-breadcrumbs-content":"","ast-featured-img":"","footer-sml-layout":"","ast-disable-related-posts":"","theme-transparent-header-meta":"","adv-header-id-meta":"","stick-header-meta":"","header-above-stick-meta":"","header-main-stick-meta":"","header-below-stick-meta":"","astra-migrate-meta-layouts":"set","ast-page-background-enabled":"default","ast-page-background-meta":{"desktop":{"background-color":"var(--ast-global-color-4)","background-image":"","background-repeat":"repeat","background-position":"center center","background-size":"auto","background-attachment":"scroll","background-type":"","background-media":"","overlay-type":"","overlay-color":"","overlay-opacity":"","overlay-gradient":""},"tablet":{"background-color":"","background-image":"","background-repeat":"repeat","background-position":"center center","background-size":"auto","background-attachment":"scroll","background-type":"","background-media":"","overlay-type":"","overlay-color":"","overlay-opacity":"","overlay-gradient":""},"mobile":{"background-color":"","background-image":"","background-repeat":"repeat","background-position":"center center","background-size":"auto","background-attachment":"scroll","background-type":"","background-media":"","overlay-type":"","overlay-color":"","overlay-opacity":"","overlay-gradient":""}},"ast-content-background-meta":{"desktop":{"background-color":"var(--ast-global-color-5)","background-image":"","background-repeat":"repeat","background-position":"center center","background-size":"auto","background-attachment":"scroll","background-type":"","background-media":"","overlay-type":"","overlay-color":"","overlay-opacity":"","overlay-gradient":""},"tablet":{"background-color":"var(--ast-global-color-5)","background-image":"","background-repeat":"repeat","background-position":"center center","background-size":"auto","background-attachment":"scroll","background-type":"","background-media":"","overlay-type":"","overlay-color":"","overlay-opacity":"","overlay-gradient":""},"mobile":{"background-color":"var(--ast-global-color-5)","background-image":"","background-repeat":"repeat","background-position":"center center","background-size":"auto","background-attachment":"scroll","background-type":"","background-media":"","overlay-type":"","overlay-color":"","overlay-opacity":"","overlay-gradient":""}},"footnotes":""},"class_list":["post-18029","page","type-page","status-publish","hentry"],"aioseo_notices":[],"_links":{"self":[{"href":"https:\/\/drpascalmensah.com\/es\/wp-json\/wp\/v2\/pages\/18029","targetHints":{"allow":["GET"]}}],"collection":[{"href":"https:\/\/drpascalmensah.com\/es\/wp-json\/wp\/v2\/pages"}],"about":[{"href":"https:\/\/drpascalmensah.com\/es\/wp-json\/wp\/v2\/types\/page"}],"author":[{"embeddable":true,"href":"https:\/\/drpascalmensah.com\/es\/wp-json\/wp\/v2\/users\/207"}],"replies":[{"embeddable":true,"href":"https:\/\/drpascalmensah.com\/es\/wp-json\/wp\/v2\/comments?post=18029"}],"version-history":[{"count":4,"href":"https:\/\/drpascalmensah.com\/es\/wp-json\/wp\/v2\/pages\/18029\/revisions"}],"predecessor-version":[{"id":21063,"href":"https:\/\/drpascalmensah.com\/es\/wp-json\/wp\/v2\/pages\/18029\/revisions\/21063"}],"wp:attachment":[{"href":"https:\/\/drpascalmensah.com\/es\/wp-json\/wp\/v2\/media?parent=18029"}],"curies":[{"name":"wp","href":"https:\/\/api.w.org\/{rel}","templated":true}]}}