{"id":18011,"date":"2025-11-05T19:10:45","date_gmt":"2025-11-05T19:10:45","guid":{"rendered":"https:\/\/drpascalmensah.com\/politica-de-privacidad\/"},"modified":"2026-04-17T14:11:10","modified_gmt":"2026-04-17T14:11:10","slug":"privacidad","status":"publish","type":"page","link":"https:\/\/drpascalmensah.com\/es\/privacidad\/","title":{"rendered":"Pol\u00edtica de privacidad"},"content":{"rendered":"\t\t<div data-elementor-type=\"wp-page\" data-elementor-id=\"18011\" class=\"elementor elementor-18011 elementor-9091\" data-elementor-post-type=\"page\">\n\t\t\t\t<div class=\"elementor-element elementor-element-5df4351 e-flex e-con-boxed e-con e-parent\" data-id=\"5df4351\" data-element_type=\"container\" data-e-type=\"container\">\n\t\t\t\t\t<div class=\"e-con-inner\">\n\t\t\t\t<div class=\"elementor-element elementor-element-5b8ad3c elementor-widget elementor-widget-heading\" data-id=\"5b8ad3c\" data-element_type=\"widget\" data-e-type=\"widget\" data-widget_type=\"heading.default\">\n\t\t\t\t\t<h2 class=\"elementor-heading-title elementor-size-default\">Pol\u00edtica de privacidad<\/h2>\t\t\t\t<\/div>\n\t\t\t\t<div class=\"elementor-element elementor-element-23dc058 elementor-widget elementor-widget-text-editor\" data-id=\"23dc058\" data-element_type=\"widget\" data-e-type=\"widget\" data-widget_type=\"text-editor.default\">\n\t\t\t\t\t\t\t\t\t<p><strong>Versi\u00f3n:<\/strong> 5 \u2014 Abril 2026<br><strong>Referencia legal:<\/strong> RGPD (UE) 2016\/679 \u00b7 LOPDGDD 3\/2018 \u00b7 Ley 14\/2007 \u00b7 Ley 41\/2002<\/p>\t\t\t\t\t\t\t\t<\/div>\n\t\t\t\t\t<\/div>\n\t\t\t\t<\/div>\n\t\t<div class=\"elementor-element elementor-element-6429550 e-flex e-con-boxed e-con e-parent\" data-id=\"6429550\" data-element_type=\"container\" data-e-type=\"container\">\n\t\t\t\t\t<div class=\"e-con-inner\">\n\t\t\t\t<div class=\"elementor-element elementor-element-7697de9 elementor-widget elementor-widget-heading\" data-id=\"7697de9\" data-element_type=\"widget\" data-e-type=\"widget\" data-widget_type=\"heading.default\">\n\t\t\t\t\t<h3 class=\"elementor-heading-title elementor-size-default\">1. Responsable del Tratamiento<\/h3>\t\t\t\t<\/div>\n\t\t\t\t<div class=\"elementor-element elementor-element-1760444 elementor-widget elementor-widget-html\" data-id=\"1760444\" data-element_type=\"widget\" data-e-type=\"widget\" data-widget_type=\"html.default\">\n\t\t\t\t\t<div>\n\n\n<style>\ntable {\n  font-family: arial, sans-serif;\n  border-collapse: collapse;\n  min-width: 500px;\n}\n\ntd, th {\n  border: 1px solid #dddddd;\n  text-align: left;\n  padding: 8px;\n}\n\ntr:nth-child(even) {\n  background-color: #dddddd;\n}\n<\/style>\n\n\n<div style=\"overflow-x: auto;\">\n<table>\n  <tr>\n    <th>Campo<\/th>\n<th>Valor<\/th>\n  <\/tr>\n  <tr>\n    <td>Nombre<\/td>\n<td>Dr. Pascal MENSAH<\/td>\n  <\/tr>\n  <tr>\n    <td>Marca comercial<\/td>\n<td>Ymmunoledge<\/td>\n  <\/tr>\n  <tr>\n    <td>Domicilio<\/td>\n<td>Calle Solleric 3, 07340 Alar\u00f3, Illes Balears, Espa\u00f1a<\/td>\n  <\/tr>\n  <tr>\n    <td>Email<\/td>\n<td><u><a href=\"mailto:drpascalmensah@proton.me\">drpascalmensah@proton.me<\/a><\/u><\/td>\n  <\/tr>\n  <tr>\n    <td>NIF\/NIE<\/td>\n<td>Y4159702M<\/td>\n  <\/tr>\n  <tr>\n    <td>N\u00fam. Colegiado<\/td>\n<td>070710746<\/td>\n  <\/tr>\n  <tr>\n    <td>Sitio web<\/td>\n<td><u><a href=\"https:\/\/drpascalmensah.com\/es\/\">https:\/\/drpascalmensah.com<\/a><\/u><\/td>\n  <\/tr>\n<\/table>\n<\/div>\n\n\n\n<\/div>\t\t\t\t<\/div>\n\t\t\t\t\t<\/div>\n\t\t\t\t<\/div>\n\t\t<div class=\"elementor-element elementor-element-2c5d41f e-flex e-con-boxed e-con e-parent\" data-id=\"2c5d41f\" data-element_type=\"container\" data-e-type=\"container\">\n\t\t\t\t\t<div class=\"e-con-inner\">\n\t\t\t\t<div class=\"elementor-element elementor-element-f79d98f elementor-widget elementor-widget-heading\" data-id=\"f79d98f\" data-element_type=\"widget\" data-e-type=\"widget\" data-widget_type=\"heading.default\">\n\t\t\t\t\t<h3 class=\"elementor-heading-title elementor-size-default\">2. Categor\u00edas de Datos Tratados<\/h3>\t\t\t\t<\/div>\n\t\t\t\t<div class=\"elementor-element elementor-element-5bca265 elementor-widget elementor-widget-text-editor\" data-id=\"5bca265\" data-element_type=\"widget\" data-e-type=\"widget\" data-widget_type=\"text-editor.default\">\n\t\t\t\t\t\t\t\t\t<h4>2.1 Datos de navegaci\u00f3n (autom\u00e1ticos)<\/h4><p>Direcci\u00f3n IP, tipo de navegador, p\u00e1ginas visitadas, duraci\u00f3n de sesi\u00f3n. Uso exclusivo: funcionamiento t\u00e9cnico y estad\u00edsticas agregadas. <\/p><h4>2.2 Datos de reserva de consulta<\/h4><p>Nombre, email, tel\u00e9fono, pa\u00eds de residencia e informaci\u00f3n de salud voluntaria.<\/p><h4>2.3 Datos de salud (Art. 9 RGPD)<\/h4><p>Historial cl\u00ednico, marcadores biol\u00f3gicos, perfil GlycanAge e informe cl\u00ednico personalizado.<\/p><h4>2.4 Datos gen\u00e9ticos<\/h4><p>El an\u00e1lisis de laboratorio es realizado exclusivamente por <strong>N-Gene<\/strong> (Mallorca, Espa\u00f1a), responsable independiente bajo su propio marco de consentimiento. El Dr. Mensah recibe los datos gen\u00e9ticos en bruto y el informe para la interpretaci\u00f3n cl\u00ednica. <br><br>Variantes tratadas: MTHFR, VDR, IL6, TNF, FADS1\/2, CYP1A2, GSTT1, TCF7L2 y otras.<\/p><h4>2.5 Metodolog\u00eda de interpretaci\u00f3n gen\u00e9tica<\/h4><p>Interpretaci\u00f3n \u00edntegramente realizada por el Dr. Mensah mediante literatura cient\u00edfica (PubMed, ClinVar, OMIM, gu\u00edas cl\u00ednicas). <strong>No se utilizan herramientas de IA externas<\/strong> para datos gen\u00e9ticos identificables.<\/p><h4>2.6 Datos de comunicaci\u00f3n<\/h4><p>Correos y WhatsApp (+34 626 175 546) tratados exclusivamente para responder consultas.<\/p>\t\t\t\t\t\t\t\t<\/div>\n\t\t\t\t\t<\/div>\n\t\t\t\t<\/div>\n\t\t<div class=\"elementor-element elementor-element-f002acd e-flex e-con-boxed e-con e-parent\" data-id=\"f002acd\" data-element_type=\"container\" data-e-type=\"container\">\n\t\t\t\t\t<div class=\"e-con-inner\">\n\t\t\t\t<div class=\"elementor-element elementor-element-698c2ea elementor-widget elementor-widget-heading\" data-id=\"698c2ea\" data-element_type=\"widget\" data-e-type=\"widget\" data-widget_type=\"heading.default\">\n\t\t\t\t\t<h3 class=\"elementor-heading-title elementor-size-default\">3. Finalidad y Base Jur\u00eddica<\/h3>\t\t\t\t<\/div>\n\t\t\t\t<div class=\"elementor-element elementor-element-8549cfe elementor-widget elementor-widget-html\" data-id=\"8549cfe\" data-element_type=\"widget\" data-e-type=\"widget\" data-widget_type=\"html.default\">\n\t\t\t\t\t<div>\n\n\n<style>\ntable {\n  font-family: arial, sans-serif;\n  border-collapse: collapse;\n  min-width: 600px;\n}\n\ntd, th {\n  border: 1px solid #dddddd;\n  text-align: left;\n  padding: 8px;\n}\n\ntr:nth-child(even) {\n  background-color: #dddddd;\n}\n<\/style>\n\n\n<div style=\"overflow-x: auto;\">\n<table>\n  <tr>\n    <th>Finalidad<\/th>\n<th>Base jur\u00eddica<\/th>\n<th>Normativa<\/th>\n  <\/tr>\n  <tr>\n    <td>Gesti\u00f3n de reservas<\/td>\n<td>Art. 6.1(b) + 6.1(a)<\/td>\n<td>Ley 41\/2002<\/td>\n  <\/tr>\n  <tr>\n    <td>Consulta cl\u00ednica<\/td>\n<td>Art. 6.1(b) + 9.2(h)<\/td>\n<td>LOPS; Ley 41\/2002<\/td>\n  <\/tr>\n  <tr>\n    <td>Interpretaci\u00f3n gen\u00e9tica (N-Gene)<\/td>\n<td>Art. 9.2(a) + 9.2(h)<\/td>\n<td>Ley 14\/2007 art. 45\u201347<\/td>\n  <\/tr>\n  <tr>\n    <td>Perfil GlycanAge<\/td>\n<td>Art. 9.2(h) + 9.2(a)<\/td>\n<td>Ley 41\/2002<\/td>\n  <\/tr>\n  <tr>\n    <td>Informe cl\u00ednico y estrategia terap\u00e9utica<\/td>\n<td>Art. 6.1(b) + 9.2(h)<\/td>\n<td>Ley 41\/2002<\/td>\n  <\/tr>\n  <tr>\n    <td>Estad\u00edsticas del sitio (anonimizadas)<\/td>\n<td>Art. 6.1(a) cookies<\/td>\n<td>ePrivacy; LOPDGDD<\/td>\n  <\/tr>\n  <tr>\n    <td>Respuesta a consultas<\/td>\n<td>Art. 6.1(b) + 6.1(a)<\/td>\n<td>\u2014<\/td>\n  <\/tr>\n<\/table>\n<\/div>\n\n\n\n<\/div>\t\t\t\t<\/div>\n\t\t\t\t\t<\/div>\n\t\t\t\t<\/div>\n\t\t<div class=\"elementor-element elementor-element-abb986e e-flex e-con-boxed e-con e-parent\" data-id=\"abb986e\" data-element_type=\"container\" data-e-type=\"container\">\n\t\t\t\t\t<div class=\"e-con-inner\">\n\t\t\t\t<div class=\"elementor-element elementor-element-2a16b1f elementor-widget elementor-widget-heading\" data-id=\"2a16b1f\" data-element_type=\"widget\" data-e-type=\"widget\" data-widget_type=\"heading.default\">\n\t\t\t\t\t<h3 class=\"elementor-heading-title elementor-size-default\">4. EIPD \u2014 Art. 35 RGPD<\/h3>\t\t\t\t<\/div>\n\t\t\t\t<div class=\"elementor-element elementor-element-0223e36 elementor-widget elementor-widget-text-editor\" data-id=\"0223e36\" data-element_type=\"widget\" data-e-type=\"widget\" data-widget_type=\"text-editor.default\">\n\t\t\t\t\t\t\t\t\tEl tratamiento de datos gen\u00e9ticos en bruto es especifico. Es obligatorio realizar y documentar una Evaluaci\u00f3n de Impacto (EIPD) antes de continuar el tratamiento. Se recomienda asesoramiento de experto en protecci\u00f3n de datos.  \t\t\t\t\t\t\t\t<\/div>\n\t\t\t\t\t<\/div>\n\t\t\t\t<\/div>\n\t\t<div class=\"elementor-element elementor-element-68f8615 e-flex e-con-boxed e-con e-parent\" data-id=\"68f8615\" data-element_type=\"container\" data-e-type=\"container\">\n\t\t\t\t\t<div class=\"e-con-inner\">\n\t\t\t\t<div class=\"elementor-element elementor-element-fe12dc0 elementor-widget elementor-widget-heading\" data-id=\"fe12dc0\" data-element_type=\"widget\" data-e-type=\"widget\" data-widget_type=\"heading.default\">\n\t\t\t\t\t<h3 class=\"elementor-heading-title elementor-size-default\">5. Plazo de Conservaci\u00f3n<\/h3>\t\t\t\t<\/div>\n\t\t\t\t<div class=\"elementor-element elementor-element-ee459af elementor-widget elementor-widget-text-editor\" data-id=\"ee459af\" data-element_type=\"widget\" data-e-type=\"widget\" data-widget_type=\"text-editor.default\">\n\t\t\t\t\t\t\t\t\t<ul><li><strong>Datos cl\u00ednicos y gen\u00e9ticos:<\/strong> m\u00ednimo 5 a\u00f1os desde la \u00faltima consulta (Ley 41\/2002)<\/li><li><strong>Datos de contacto y comunicaciones:<\/strong> 3 a\u00f1os desde la \u00faltima interacci\u00f3n<\/li><li><strong>Datos de navegaci\u00f3n:<\/strong> seg\u00fan tipo de cookie<\/li><li><strong>Datos de facturaci\u00f3n: <\/strong>6 a\u00f1os (normativa mercantil)<\/li><\/ul>\t\t\t\t\t\t\t\t<\/div>\n\t\t\t\t\t<\/div>\n\t\t\t\t<\/div>\n\t\t<div class=\"elementor-element elementor-element-64c99b8 e-flex e-con-boxed e-con e-parent\" data-id=\"64c99b8\" data-element_type=\"container\" data-e-type=\"container\">\n\t\t\t\t\t<div class=\"e-con-inner\">\n\t\t\t\t<div class=\"elementor-element elementor-element-da74c9b elementor-widget elementor-widget-heading\" data-id=\"da74c9b\" data-element_type=\"widget\" data-e-type=\"widget\" data-widget_type=\"heading.default\">\n\t\t\t\t\t<h3 class=\"elementor-heading-title elementor-size-default\">6. Destinatarios<\/h3>\t\t\t\t<\/div>\n\t\t\t\t<div class=\"elementor-element elementor-element-596bfc0 elementor-widget elementor-widget-text-editor\" data-id=\"596bfc0\" data-element_type=\"widget\" data-e-type=\"widget\" data-widget_type=\"text-editor.default\">\n\t\t\t\t\t\t\t\t\t<h4>6.1 N-Gene \u2014 Responsable independiente<\/h4><p>N-Gene (Mallorca) act\u00faa como responsable independiente para el an\u00e1lisis de laboratorio. Para cuestiones sobre el tratamiento de la muestra, el paciente debe dirigirse directamente a N-Gene. <\/p><h4>6.2 GlycanAge (si aplica)<\/h4><p>GlycanAge Ltd. (Reino Unido) \u2014 responsable independiente para el perfil glic\u00e1nico. [Verificar SCCs post-Brexit.] <\/p><h4>6.3 Otros proveedores (encargados del tratamiento)<\/h4>\t\t\t\t\t\t\t\t<\/div>\n\t\t\t\t<div class=\"elementor-element elementor-element-ef21afe elementor-widget elementor-widget-html\" data-id=\"ef21afe\" data-element_type=\"widget\" data-e-type=\"widget\" data-widget_type=\"html.default\">\n\t\t\t\t\t<div>\n\n\n<style>\ntable {\n  font-family: arial, sans-serif;\n  border-collapse: collapse;\n  min-width: 700px;\n}\n\ntd, th {\n  border: 1px solid #dddddd;\n  text-align: left;\n  padding: 8px;\n}\n\ntr:nth-child(even) {\n  background-color: #dddddd;\n}\n<\/style>\n\n\n<div style=\"overflow-x: auto;\">\n<table>\n  <tr>\n    <th>Proveedor<\/th>\n<th>Finalidad<\/th>\n<th>Ubicaci\u00f3n<\/th>\n  <\/tr>\n  <tr>\n    <td>Sistema de reservas TopDoctors.es<\/td>\n<td>Gesti\u00f3n de citas<\/td>\n<td>Barcelona, Spain.<\/td>\n  <\/tr>\n  <tr>\n    <td>Hosting WordPress Digital Business Lounge<\/td>\n<td>Alojamiento del sitio<\/td>\n<td>Farnborough, Hampshire, United Kingdom.<\/td>\n  <\/tr>\n  <tr>\n    <td>Complianz BV<\/td>\n<td>Gesti\u00f3n consentimiento cookies<\/td>\n<td>UE (Pa\u00edses Bajos)<\/td>\n  <\/tr>\n  <tr>\n    <td>DeepL Pro (DeepL SE)<\/td>\n<td>Traducci\u00f3n de documentos cl\u00ednicos disociados<\/td>\n<td>UE (Alemania) \u2014 DPA firmado<\/td>\n  <\/tr>\n<\/table>\n<\/div>\n\n\n\n<\/div>\t\t\t\t<\/div>\n\t\t\t\t\t<\/div>\n\t\t\t\t<\/div>\n\t\t<div class=\"elementor-element elementor-element-f3bb35d e-flex e-con-boxed e-con e-parent\" data-id=\"f3bb35d\" data-element_type=\"container\" data-e-type=\"container\">\n\t\t\t\t\t<div class=\"e-con-inner\">\n\t\t\t\t<div class=\"elementor-element elementor-element-7296a7a elementor-widget elementor-widget-heading\" data-id=\"7296a7a\" data-element_type=\"widget\" data-e-type=\"widget\" data-widget_type=\"heading.default\">\n\t\t\t\t\t<h3 class=\"elementor-heading-title elementor-size-default\">7. Sus Derechos<\/h3>\t\t\t\t<\/div>\n\t\t\t\t<div class=\"elementor-element elementor-element-2918917 elementor-widget elementor-widget-html\" data-id=\"2918917\" data-element_type=\"widget\" data-e-type=\"widget\" data-widget_type=\"html.default\">\n\t\t\t\t\t<div>\n\n\n<style>\ntable {\n  font-family: arial, sans-serif;\n  border-collapse: collapse;\n  min-width: 500px;\n}\n\ntd, th {\n  border: 1px solid #dddddd;\n  text-align: left;\n  padding: 8px;\n}\n\ntr:nth-child(even) {\n  background-color: #dddddd;\n}\n<\/style>\n\n\n<div style=\"overflow-x: auto;\">\n<table>\n  <tr>\n    <th>Derecho<\/th>\n<th>Descripci\u00f3n<\/th>\n  <\/tr>\n  <tr>\n    <td>Acceso<\/td>\n<td>Copia de datos gen\u00e9ticos en bruto, cl\u00ednicos e informes<\/td>\n  <\/tr>\n  <tr>\n    <td>Rectificaci\u00f3n<\/td>\n<td>Correcci\u00f3n de datos inexactos<\/td>\n  <\/tr>\n  <tr>\n    <td>Supresi\u00f3n<\/td>\n<td>Eliminaci\u00f3n cuando ya no sean necesarios<\/td>\n  <\/tr>\n  <tr>\n    <td>Limitaci\u00f3n<\/td>\n<td>Suspensi\u00f3n temporal del tratamiento<\/td>\n  <\/tr>\n  <tr>\n    <td>Portabilidad<\/td>\n<td>Datos en formato estructurado<\/td>\n  <\/tr>\n  <tr>\n    <td>Oposici\u00f3n<\/td>\n<td>Oposici\u00f3n a tratamiento por inter\u00e9s leg\u00edtimo<\/td>\n  <\/tr>\n  <tr>\n    <td>Retirada del consentimiento<\/td>\n<td>Sin efecto retroactivo<\/td>\n  <\/tr>\n  <tr>\n    <td>No ser informado (gen\u00e9tica)<\/td>\n<td>Ley 14\/2007 art. 4; Ley 41\/2002<\/td>\n  <\/tr>\n<\/table>\n<\/div>\n\n\n\n<\/div>\t\t\t\t<\/div>\n\t\t\t\t<div class=\"elementor-element elementor-element-c8f2f54 elementor-widget elementor-widget-text-editor\" data-id=\"c8f2f54\" data-element_type=\"widget\" data-e-type=\"widget\" data-widget_type=\"text-editor.default\">\n\t\t\t\t\t\t\t\t\t<p>Contacto: <a href=\"mailto:drpascalmensah@proton.me\"><span style=\"text-decoration: underline;\">drpascalmensah@proton.me<\/span><\/a><br>Autoridad de control: <strong>AEPD<\/strong> \u2014 <a href=\"http:\/\/www.aepd.es\"><span style=\"text-decoration: underline;\">www.aepd.es<\/span><\/a><\/p>\t\t\t\t\t\t\t\t<\/div>\n\t\t\t\t\t<\/div>\n\t\t\t\t<\/div>\n\t\t<div class=\"elementor-element elementor-element-ecf7fae e-flex e-con-boxed e-con e-parent\" data-id=\"ecf7fae\" data-element_type=\"container\" data-e-type=\"container\">\n\t\t\t\t\t<div class=\"e-con-inner\">\n\t\t\t\t<div class=\"elementor-element elementor-element-b8bcb25 elementor-widget elementor-widget-heading\" data-id=\"b8bcb25\" data-element_type=\"widget\" data-e-type=\"widget\" data-widget_type=\"heading.default\">\n\t\t\t\t\t<h3 class=\"elementor-heading-title elementor-size-default\">8. Medidas de Seguridad<\/h3>\t\t\t\t<\/div>\n\t\t\t\t<div class=\"elementor-element elementor-element-4740155 elementor-widget elementor-widget-text-editor\" data-id=\"4740155\" data-element_type=\"widget\" data-e-type=\"widget\" data-widget_type=\"text-editor.default\">\n\t\t\t\t\t\t\t\t\t<ul><li>Transmisi\u00f3n cifrada HTTPS\/TLS<\/li><li>Acceso a datos gen\u00e9ticos restringido exclusivamente al Dr. Mensah<\/li><li>Datos gen\u00e9ticos identificables no transmitidos a plataformas externas<\/li><li>Copias de seguridad peri\u00f3dicas<\/li><li>Notificaci\u00f3n de brechas a AEPD (Art. 33 RGPD) en plazos legales<\/li><\/ul>\t\t\t\t\t\t\t\t<\/div>\n\t\t\t\t\t<\/div>\n\t\t\t\t<\/div>\n\t\t<div class=\"elementor-element elementor-element-688294c e-flex e-con-boxed e-con e-parent\" data-id=\"688294c\" data-element_type=\"container\" data-e-type=\"container\">\n\t\t\t\t\t<div class=\"e-con-inner\">\n\t\t\t\t<div class=\"elementor-element elementor-element-2851039 elementor-widget elementor-widget-heading\" data-id=\"2851039\" data-element_type=\"widget\" data-e-type=\"widget\" data-widget_type=\"heading.default\">\n\t\t\t\t\t<h3 class=\"elementor-heading-title elementor-size-default\">9. Programas de Afiliados y Referencias Comerciales<\/h3>\t\t\t\t<\/div>\n\t\t\t\t<div class=\"elementor-element elementor-element-37352c4 elementor-widget elementor-widget-text-editor\" data-id=\"37352c4\" data-element_type=\"widget\" data-e-type=\"widget\" data-widget_type=\"text-editor.default\">\n\t\t\t\t\t\t\t\t\t<p>El Dr. Mensah puede participar en programas de afiliados remunerados. Cuando exista una relaci\u00f3n de afiliaci\u00f3n activa, se indicar\u00e1 expresamente con la menci\u00f3n <strong>[Enlace de afiliado]<\/strong> o <strong>[Colaboraci\u00f3n remunerada]<\/strong>. Las referencias sin etiqueta son recomendaciones cl\u00ednicas independientes.  <\/p>\t\t\t\t\t\t\t\t<\/div>\n\t\t\t\t\t<\/div>\n\t\t\t\t<\/div>\n\t\t<div class=\"elementor-element elementor-element-3a925d9 e-flex e-con-boxed e-con e-parent\" data-id=\"3a925d9\" data-element_type=\"container\" data-e-type=\"container\">\n\t\t\t\t\t<div class=\"e-con-inner\">\n\t\t\t\t<div class=\"elementor-element elementor-element-8ca0bb6 elementor-widget elementor-widget-heading\" data-id=\"8ca0bb6\" data-element_type=\"widget\" data-e-type=\"widget\" data-widget_type=\"heading.default\">\n\t\t\t\t\t<h3 class=\"elementor-heading-title elementor-size-default\">10. Menores de Edad<\/h3>\t\t\t\t<\/div>\n\t\t\t\t<div class=\"elementor-element elementor-element-e30991a elementor-widget elementor-widget-text-editor\" data-id=\"e30991a\" data-element_type=\"widget\" data-e-type=\"widget\" data-widget_type=\"text-editor.default\">\n\t\t\t\t\t\t\t\t\t<p>Servicios dirigidos exclusivamente a mayores de 18 a\u00f1os.<\/p>\t\t\t\t\t\t\t\t<\/div>\n\t\t\t\t\t<\/div>\n\t\t\t\t<\/div>\n\t\t<div class=\"elementor-element elementor-element-fa0bd4e e-flex e-con-boxed e-con e-parent\" data-id=\"fa0bd4e\" data-element_type=\"container\" data-e-type=\"container\">\n\t\t\t\t\t<div class=\"e-con-inner\">\n\t\t\t\t<div class=\"elementor-element elementor-element-d8e20a0 elementor-widget elementor-widget-heading\" data-id=\"d8e20a0\" data-element_type=\"widget\" data-e-type=\"widget\" data-widget_type=\"heading.default\">\n\t\t\t\t\t<h3 class=\"elementor-heading-title elementor-size-default\">11. Actualizaci\u00f3n<\/h3>\t\t\t\t<\/div>\n\t\t\t\t<div class=\"elementor-element elementor-element-4d1598e elementor-widget elementor-widget-text-editor\" data-id=\"4d1598e\" data-element_type=\"widget\" data-e-type=\"widget\" data-widget_type=\"text-editor.default\">\n\t\t\t\t\t\t\t\t\t<p>Pol\u00edtica disponible en <span style=\"text-decoration: underline;\"><a href=\"https:\/\/drpascalmensah.com\/es\/\">https:\/\/drpascalmensah.com<\/a><\/span>. Fecha de \u00faltima revisi\u00f3n: Abril 2026. <\/p>\t\t\t\t\t\t\t\t<\/div>\n\t\t\t\t\t<\/div>\n\t\t\t\t<\/div>\n\t\t<div class=\"elementor-element elementor-element-cf3f0dc e-flex e-con-boxed e-con e-parent\" data-id=\"cf3f0dc\" data-element_type=\"container\" data-e-type=\"container\">\n\t\t\t\t\t<div class=\"e-con-inner\">\n\t\t\t\t<div class=\"elementor-element elementor-element-9a30564 elementor-widget elementor-widget-heading\" data-id=\"9a30564\" data-element_type=\"widget\" data-e-type=\"widget\" data-widget_type=\"heading.default\">\n\t\t\t\t\t<h3 class=\"elementor-heading-title elementor-size-default\">12. DPD y Contacto<\/h3>\t\t\t\t<\/div>\n\t\t\t\t<div class=\"elementor-element elementor-element-ae468b6 elementor-widget elementor-widget-text-editor\" data-id=\"ae468b6\" data-element_type=\"widget\" data-e-type=\"widget\" data-widget_type=\"text-editor.default\">\n\t\t\t\t\t\t\t\t\t<p>El tratamiento de datos gen\u00e9ticos en bruto puede exigir la designaci\u00f3n de un DPD (Art. 37.1.c) RGPD). Consultar con asesor especializado.  <\/p>\t\t\t\t\t\t\t\t<\/div>\n\t\t\t\t<div class=\"elementor-element elementor-element-84e1451 elementor-widget elementor-widget-html\" data-id=\"84e1451\" data-element_type=\"widget\" data-e-type=\"widget\" data-widget_type=\"html.default\">\n\t\t\t\t\t<div>\n\n\n<style>\ntable {\n  font-family: arial, sans-serif;\n  border-collapse: collapse;\n  width: 0%;\n}\n\ntd, th {\n  border: 1px solid #dddddd;\n  text-align: left;\n  padding: 8px;\n}\n\ntr:nth-child(even) {\n  background-color: #dddddd;\n}\n<\/style>\n\n\n<div style=\"overflow-x: auto;\">\n<table>\n  <tr>\n    <th>Campo<\/th>\n<th>Valor<\/th>\n  <\/tr>\n  <tr>\n    <td>Responsable<\/td>\n<td>Dr. Pascal MENSAH<\/td>\n  <\/tr>\n  <tr>\n    <td>Email<\/td>\n<td><u><a href=\"mailto:drpascalmensah@proton.me\">drpascalmensah@proton.me<\/a><\/u><\/td>\n  <\/tr>\n  <tr>\n    <td>Domicilio<\/td>\n<td>Calle Solleric 3, 07340 Alar\u00f3, Illes Balears, Espa\u00f1a<\/td>\n  <\/tr>\n  <tr>\n    <td>DPD<\/td>\n<td>estado de designaci\u00f3n<\/td>\n  <\/tr>\n<\/table>\n<\/div>\n\n\n\n<\/div>\t\t\t\t<\/div>\n\t\t\t\t\t<\/div>\n\t\t\t\t<\/div>\n\t\t\t\t<\/div>\n\t\t","protected":false},"excerpt":{"rendered":"<p>Pol\u00edtica de privacidad Versi\u00f3n: 5 \u2014 Abril 2026Referencia legal: RGPD (UE) 2016\/679 \u00b7 LOPDGDD 3\/2018 \u00b7 Ley 14\/2007 \u00b7 Ley 41\/2002 1. Responsable del Tratamiento Campo Valor Nombre Dr. Pascal MENSAH Marca comercial Ymmunoledge Domicilio Calle Solleric 3, 07340 Alar\u00f3, Illes Balears, Espa\u00f1a Email drpascalmensah@proton.me NIF\/NIE Y4159702M N\u00fam. Colegiado 070710746 Sitio web https:\/\/drpascalmensah.com 2. Categor\u00edas [&hellip;]<\/p>\n","protected":false},"author":207,"featured_media":0,"parent":0,"menu_order":0,"comment_status":"closed","ping_status":"closed","template":"elementor_header_footer","meta":{"site-sidebar-layout":"default","site-content-layout":"","ast-site-content-layout":"default","site-content-style":"default","site-sidebar-style":"default","ast-global-header-display":"","ast-banner-title-visibility":"","ast-main-header-display":"","ast-hfb-above-header-display":"","ast-hfb-below-header-display":"","ast-hfb-mobile-header-display":"","site-post-title":"","ast-breadcrumbs-content":"","ast-featured-img":"","footer-sml-layout":"","ast-disable-related-posts":"","theme-transparent-header-meta":"","adv-header-id-meta":"","stick-header-meta":"","header-above-stick-meta":"","header-main-stick-meta":"","header-below-stick-meta":"","astra-migrate-meta-layouts":"set","ast-page-background-enabled":"default","ast-page-background-meta":{"desktop":{"background-color":"var(--ast-global-color-4)","background-image":"","background-repeat":"repeat","background-position":"center center","background-size":"auto","background-attachment":"scroll","background-type":"","background-media":"","overlay-type":"","overlay-color":"","overlay-opacity":"","overlay-gradient":""},"tablet":{"background-color":"","background-image":"","background-repeat":"repeat","background-position":"center center","background-size":"auto","background-attachment":"scroll","background-type":"","background-media":"","overlay-type":"","overlay-color":"","overlay-opacity":"","overlay-gradient":""},"mobile":{"background-color":"","background-image":"","background-repeat":"repeat","background-position":"center center","background-size":"auto","background-attachment":"scroll","background-type":"","background-media":"","overlay-type":"","overlay-color":"","overlay-opacity":"","overlay-gradient":""}},"ast-content-background-meta":{"desktop":{"background-color":"var(--ast-global-color-5)","background-image":"","background-repeat":"repeat","background-position":"center center","background-size":"auto","background-attachment":"scroll","background-type":"","background-media":"","overlay-type":"","overlay-color":"","overlay-opacity":"","overlay-gradient":""},"tablet":{"background-color":"var(--ast-global-color-5)","background-image":"","background-repeat":"repeat","background-position":"center center","background-size":"auto","background-attachment":"scroll","background-type":"","background-media":"","overlay-type":"","overlay-color":"","overlay-opacity":"","overlay-gradient":""},"mobile":{"background-color":"var(--ast-global-color-5)","background-image":"","background-repeat":"repeat","background-position":"center center","background-size":"auto","background-attachment":"scroll","background-type":"","background-media":"","overlay-type":"","overlay-color":"","overlay-opacity":"","overlay-gradient":""}},"footnotes":""},"class_list":["post-18011","page","type-page","status-publish","hentry"],"aioseo_notices":[],"_links":{"self":[{"href":"https:\/\/drpascalmensah.com\/es\/wp-json\/wp\/v2\/pages\/18011","targetHints":{"allow":["GET"]}}],"collection":[{"href":"https:\/\/drpascalmensah.com\/es\/wp-json\/wp\/v2\/pages"}],"about":[{"href":"https:\/\/drpascalmensah.com\/es\/wp-json\/wp\/v2\/types\/page"}],"author":[{"embeddable":true,"href":"https:\/\/drpascalmensah.com\/es\/wp-json\/wp\/v2\/users\/207"}],"replies":[{"embeddable":true,"href":"https:\/\/drpascalmensah.com\/es\/wp-json\/wp\/v2\/comments?post=18011"}],"version-history":[{"count":2,"href":"https:\/\/drpascalmensah.com\/es\/wp-json\/wp\/v2\/pages\/18011\/revisions"}],"predecessor-version":[{"id":21022,"href":"https:\/\/drpascalmensah.com\/es\/wp-json\/wp\/v2\/pages\/18011\/revisions\/21022"}],"wp:attachment":[{"href":"https:\/\/drpascalmensah.com\/es\/wp-json\/wp\/v2\/media?parent=18011"}],"curies":[{"name":"wp","href":"https:\/\/api.w.org\/{rel}","templated":true}]}}