{"id":17999,"date":"2026-01-07T17:00:20","date_gmt":"2026-01-07T17:00:20","guid":{"rendered":"https:\/\/drpascalmensah.com\/blog\/blog-inmunologia\/"},"modified":"2026-04-17T13:57:38","modified_gmt":"2026-04-17T13:57:38","slug":"inmunologia","status":"publish","type":"page","link":"https:\/\/drpascalmensah.com\/es\/blog\/inmunologia\/","title":{"rendered":"Blog \u2013 Inmunolog\u00eda"},"content":{"rendered":"\t\t<div data-elementor-type=\"wp-page\" data-elementor-id=\"17999\" class=\"elementor elementor-17999 elementor-15352\" data-elementor-post-type=\"page\">\n\t\t\t\t<div class=\"elementor-element elementor-element-4c78724 e-flex e-con-boxed e-con e-parent\" data-id=\"4c78724\" data-element_type=\"container\" data-e-type=\"container\">\n\t\t\t\t\t<div class=\"e-con-inner\">\n\t\t\t\t<div class=\"elementor-element elementor-element-db7c14d elementor-position-inline-start elementor-view-default elementor-mobile-position-block-start elementor-widget elementor-widget-icon-box\" data-id=\"db7c14d\" data-element_type=\"widget\" data-e-type=\"widget\" data-widget_type=\"icon-box.default\">\n\t\t\t\t\t\t\t<div class=\"elementor-icon-box-wrapper\">\n\n\t\t\t\t\t\t<div class=\"elementor-icon-box-icon\">\n\t\t\t\t<a href=\"https:\/\/drpascalmensah.com\/es\/blog\/\" class=\"elementor-icon\" tabindex=\"-1\" aria-label=\"Todos los art\u00edculos\">\n\t\t\t\t<i aria-hidden=\"true\" class=\"xlio ion-ios-arrow-round-back\"><\/i>\t\t\t\t<\/a>\n\t\t\t<\/div>\n\t\t\t\n\t\t\t\t\t\t<div class=\"elementor-icon-box-content\">\n\n\t\t\t\t\t\t\t\t\t<h3 class=\"elementor-icon-box-title\">\n\t\t\t\t\t\t<a href=\"https:\/\/drpascalmensah.com\/es\/blog\/\" >\n\t\t\t\t\t\t\tTodos los art\u00edculos\t\t\t\t\t\t<\/a>\n\t\t\t\t\t<\/h3>\n\t\t\t\t\n\t\t\t\t\n\t\t\t<\/div>\n\t\t\t\n\t\t<\/div>\n\t\t\t\t\t\t<\/div>\n\t\t\t\t<div class=\"elementor-element elementor-element-4788374 elementor-invisible elementor-widget elementor-widget-heading\" data-id=\"4788374\" data-element_type=\"widget\" data-e-type=\"widget\" data-settings=\"{&quot;_animation&quot;:&quot;fadeInUp&quot;}\" data-widget_type=\"heading.default\">\n\t\t\t\t\t<h2 class=\"elementor-heading-title elementor-size-default\">BLOG<\/h2>\t\t\t\t<\/div>\n\t\t\t\t<div class=\"elementor-element elementor-element-4e6e653 elementor-invisible elementor-widget elementor-widget-heading\" data-id=\"4e6e653\" data-element_type=\"widget\" data-e-type=\"widget\" data-settings=\"{&quot;_animation&quot;:&quot;fadeInUp&quot;}\" data-widget_type=\"heading.default\">\n\t\t\t\t\t<h2 class=\"elementor-heading-title elementor-size-default\">Comprender la inmunolog\u00eda<\/h2>\t\t\t\t<\/div>\n\t\t\t\t<div class=\"elementor-element elementor-element-47454d4 elementor-invisible elementor-widget elementor-widget-text-editor\" data-id=\"47454d4\" data-element_type=\"widget\" data-e-type=\"widget\" data-settings=\"{&quot;_animation&quot;:&quot;fadeIn&quot;,&quot;_animation_delay&quot;:150}\" data-widget_type=\"text-editor.default\">\n\t\t\t\t\t\t\t\t\t<p>Entiende la ciencia detr\u00e1s del sistema inmunitario y c\u00f3mo influye en tu salud y bienestar.<\/p>\t\t\t\t\t\t\t\t<\/div>\n\t\t\t\t<div class=\"elementor-element elementor-element-47abf60 elementor-posts__hover-none blog-cards-custom elementor-grid-3 elementor-grid-tablet-2 elementor-grid-mobile-1 elementor-posts--thumbnail-top elementor-invisible elementor-widget elementor-widget-posts\" data-id=\"47abf60\" data-element_type=\"widget\" data-e-type=\"widget\" data-settings=\"{&quot;_animation&quot;:&quot;fadeInUp&quot;,&quot;_animation_delay&quot;:150,&quot;cards_columns&quot;:&quot;3&quot;,&quot;cards_columns_tablet&quot;:&quot;2&quot;,&quot;cards_columns_mobile&quot;:&quot;1&quot;,&quot;cards_row_gap&quot;:{&quot;unit&quot;:&quot;px&quot;,&quot;size&quot;:35,&quot;sizes&quot;:[]},&quot;cards_row_gap_tablet&quot;:{&quot;unit&quot;:&quot;px&quot;,&quot;size&quot;:&quot;&quot;,&quot;sizes&quot;:[]},&quot;cards_row_gap_mobile&quot;:{&quot;unit&quot;:&quot;px&quot;,&quot;size&quot;:&quot;&quot;,&quot;sizes&quot;:[]}}\" data-widget_type=\"posts.cards\">\n\t\t\t\t<div class=\"elementor-widget-container\">\n\t\t\t\t\t\t\t<div class=\"elementor-posts-container elementor-posts elementor-posts--skin-cards elementor-grid\" role=\"list\">\n\t\t\t\t<article class=\"elementor-post elementor-grid-item post-18651 post type-post status-publish format-standard has-post-thumbnail hentry category-inmunologia tag-adaptacion tag-inmunidad\" role=\"listitem\">\n\t\t\t<div class=\"elementor-post__card\">\n\t\t\t\t<a class=\"elementor-post__thumbnail__link\" href=\"https:\/\/drpascalmensah.com\/es\/herencia-sistema-inmune\/\" tabindex=\"-1\" ><div class=\"elementor-post__thumbnail\"><img fetchpriority=\"high\" decoding=\"async\" width=\"1024\" height=\"622\" src=\"https:\/\/drpascalmensah.com\/wp-content\/uploads\/2023\/11\/Plume-15243877-1024x622.jpg\" class=\"attachment-large size-large wp-image-18139\" alt=\"Pluma sobre el agua que ilustra el equilibrio de adaptabilidad del sistema inmunitario\" srcset=\"https:\/\/drpascalmensah.com\/wp-content\/uploads\/2023\/11\/Plume-15243877-1024x622.jpg 1024w, https:\/\/drpascalmensah.com\/wp-content\/uploads\/2023\/11\/Plume-15243877-300x182.jpg 300w, https:\/\/drpascalmensah.com\/wp-content\/uploads\/2023\/11\/Plume-15243877-768x467.jpg 768w, https:\/\/drpascalmensah.com\/wp-content\/uploads\/2023\/11\/Plume-15243877-1536x933.jpg 1536w, https:\/\/drpascalmensah.com\/wp-content\/uploads\/2023\/11\/Plume-15243877-2048x1244.jpg 2048w\" sizes=\"(max-width: 1024px) 100vw, 1024px\" \/><\/div><\/a>\n\t\t\t\t<div class=\"elementor-post__badge\">Inmunolog\u00eda<\/div>\n\t\t\t\t<div class=\"elementor-post__text\">\n\t\t\t\t<h3 class=\"elementor-post__title\">\n\t\t\t<a href=\"https:\/\/drpascalmensah.com\/es\/herencia-sistema-inmune\/\" >\n\t\t\t\tComprender las respuestas hereditarias y no hereditarias de tu sistema inmunol\u00f3gico\t\t\t<\/a>\n\t\t<\/h3>\n\t\t\t\t<div class=\"elementor-post__excerpt\">\n\t\t\t<p>\u00bfC\u00f3mo se adapta tu sistema inmunol\u00f3gico a los cambios del entorno? Este art\u00edculo explica c\u00f3mo los factores no hereditarios y hereditarios influyen en las respuestas inmunitarias y ayudan a que tu cuerpo se mantenga equilibrado y saludable. <\/p>\n\t\t<\/div>\n\t\t\t\t<\/div>\n\t\t\t\t<div class=\"elementor-post__meta-data\">\n\t\t\t\t\t<span class=\"elementor-post-date\">\n\t\t\t4 de noviembre de 2023\t\t<\/span>\n\t\t\t\t<\/div>\n\t\t\t\t\t<\/div>\n\t\t<\/article>\n\t\t\t\t<article class=\"elementor-post elementor-grid-item post-18666 post type-post status-publish format-standard has-post-thumbnail hentry category-dieta category-inmunologia tag-cancer tag-inmunidad\" role=\"listitem\">\n\t\t\t<div class=\"elementor-post__card\">\n\t\t\t\t<a class=\"elementor-post__thumbnail__link\" href=\"https:\/\/drpascalmensah.com\/es\/efectos-ginseng\/\" tabindex=\"-1\" ><div class=\"elementor-post__thumbnail\"><img decoding=\"async\" width=\"1024\" height=\"683\" data-src=\"https:\/\/drpascalmensah.com\/wp-content\/uploads\/2023\/04\/ginseng-dried-vegetable-herb-healthy-food-famous-export-food-in-korea-country-free-photo-1024x683.jpg\" class=\"attachment-large size-large wp-image-17851 lazyload\" alt=\"La ra\u00edz de ginseng favorece la funci\u00f3n inmunol\u00f3gica y la vitalidad.\" data-srcset=\"https:\/\/drpascalmensah.com\/wp-content\/uploads\/2023\/04\/ginseng-dried-vegetable-herb-healthy-food-famous-export-food-in-korea-country-free-photo-1024x683.jpg 1024w, https:\/\/drpascalmensah.com\/wp-content\/uploads\/2023\/04\/ginseng-dried-vegetable-herb-healthy-food-famous-export-food-in-korea-country-free-photo-300x200.jpg 300w, https:\/\/drpascalmensah.com\/wp-content\/uploads\/2023\/04\/ginseng-dried-vegetable-herb-healthy-food-famous-export-food-in-korea-country-free-photo-768x512.jpg 768w, https:\/\/drpascalmensah.com\/wp-content\/uploads\/2023\/04\/ginseng-dried-vegetable-herb-healthy-food-famous-export-food-in-korea-country-free-photo-1536x1024.jpg 1536w, https:\/\/drpascalmensah.com\/wp-content\/uploads\/2023\/04\/ginseng-dried-vegetable-herb-healthy-food-famous-export-food-in-korea-country-free-photo-2048x1365.jpg 2048w\" data-sizes=\"(max-width: 1024px) 100vw, 1024px\" src=\"data:image\/svg+xml;base64,PHN2ZyB3aWR0aD0iMSIgaGVpZ2h0PSIxIiB4bWxucz0iaHR0cDovL3d3dy53My5vcmcvMjAwMC9zdmciPjwvc3ZnPg==\" style=\"--smush-placeholder-width: 1024px; --smush-placeholder-aspect-ratio: 1024\/683;\" \/><\/div><\/a>\n\t\t\t\t<div class=\"elementor-post__badge\">Dieta<\/div>\n\t\t\t\t<div class=\"elementor-post__text\">\n\t\t\t\t<h3 class=\"elementor-post__title\">\n\t\t\t<a href=\"https:\/\/drpascalmensah.com\/es\/efectos-ginseng\/\" >\n\t\t\t\tEfectos del ginseng\t\t\t<\/a>\n\t\t<\/h3>\n\t\t\t\t<div class=\"elementor-post__excerpt\">\n\t\t\t<p>\u00bfPuede el Panax ginseng reducir la inflamaci\u00f3n y proteger el sistema inmunol\u00f3gico? Este art\u00edculo analiza c\u00f3mo los ginsen\u00f3sidos, los compuestos activos del ginseng, act\u00faan sobre v\u00edas clave para apoyar la salud y podr\u00edan ayudar a prevenir ciertas enfermedades cr\u00f3nicas. <\/p>\n\t\t<\/div>\n\t\t\t\t<\/div>\n\t\t\t\t<div class=\"elementor-post__meta-data\">\n\t\t\t\t\t<span class=\"elementor-post-date\">\n\t\t\t24 de abril de 2023\t\t<\/span>\n\t\t\t\t<\/div>\n\t\t\t\t\t<\/div>\n\t\t<\/article>\n\t\t\t\t<article class=\"elementor-post elementor-grid-item post-18682 post type-post status-publish format-standard has-post-thumbnail hentry category-inmunologia tag-envejecimiento tag-inmunidad tag-inmunologia\" role=\"listitem\">\n\t\t\t<div class=\"elementor-post__card\">\n\t\t\t\t<a class=\"elementor-post__thumbnail__link\" href=\"https:\/\/drpascalmensah.com\/es\/inmunosenescencia\/\" tabindex=\"-1\" ><div class=\"elementor-post__thumbnail\"><img decoding=\"async\" width=\"834\" height=\"557\" data-src=\"https:\/\/drpascalmensah.com\/wp-content\/uploads\/2023\/02\/graphic-cellular-senescence-process.jpeg\" class=\"attachment-large size-large wp-image-18187 lazyload\" alt=\"Diagrama de inmunosenescencia: envejecimiento y deterioro del sistema inmunitario\" data-srcset=\"https:\/\/drpascalmensah.com\/wp-content\/uploads\/2023\/02\/graphic-cellular-senescence-process.jpeg 834w, https:\/\/drpascalmensah.com\/wp-content\/uploads\/2023\/02\/graphic-cellular-senescence-process-300x200.jpeg 300w, https:\/\/drpascalmensah.com\/wp-content\/uploads\/2023\/02\/graphic-cellular-senescence-process-768x513.jpeg 768w\" data-sizes=\"(max-width: 834px) 100vw, 834px\" src=\"data:image\/svg+xml;base64,PHN2ZyB3aWR0aD0iMSIgaGVpZ2h0PSIxIiB4bWxucz0iaHR0cDovL3d3dy53My5vcmcvMjAwMC9zdmciPjwvc3ZnPg==\" style=\"--smush-placeholder-width: 834px; --smush-placeholder-aspect-ratio: 834\/557;\" \/><\/div><\/a>\n\t\t\t\t<div class=\"elementor-post__badge\">Inmunolog\u00eda<\/div>\n\t\t\t\t<div class=\"elementor-post__text\">\n\t\t\t\t<h3 class=\"elementor-post__title\">\n\t\t\t<a href=\"https:\/\/drpascalmensah.com\/es\/inmunosenescencia\/\" >\n\t\t\t\tInmunosenescencia\t\t\t<\/a>\n\t\t<\/h3>\n\t\t\t\t<div class=\"elementor-post__excerpt\">\n\t\t\t<p>\u00bfEl envejecimiento debilita inevitablemente el sistema inmunol\u00f3gico? Este art\u00edculo explora qu\u00e9 es realmente la inmunosenescencia, separa los mitos de la ciencia y explica c\u00f3mo las elecciones de estilo de vida pueden ayudar a mantener la salud inmunol\u00f3gica con la edad. <\/p>\n\t\t<\/div>\n\t\t\t\t<\/div>\n\t\t\t\t<div class=\"elementor-post__meta-data\">\n\t\t\t\t\t<span class=\"elementor-post-date\">\n\t\t\t17 de febrero de 2023\t\t<\/span>\n\t\t\t\t<\/div>\n\t\t\t\t\t<\/div>\n\t\t<\/article>\n\t\t\t\t<article class=\"elementor-post elementor-grid-item post-18686 post type-post status-publish format-standard has-post-thumbnail hentry category-inmunologia tag-adaptacion tag-inmunidad\" role=\"listitem\">\n\t\t\t<div class=\"elementor-post__card\">\n\t\t\t\t<a class=\"elementor-post__thumbnail__link\" href=\"https:\/\/drpascalmensah.com\/es\/adaptacion-sistema-inmunologico\/\" tabindex=\"-1\" ><div class=\"elementor-post__thumbnail\"><img decoding=\"async\" width=\"1024\" height=\"576\" data-src=\"https:\/\/drpascalmensah.com\/wp-content\/uploads\/2023\/02\/Immunometabolism-Presentation.001-1024x576.jpeg\" class=\"attachment-large size-large wp-image-18205 lazyload\" alt=\"El camale\u00f3n simboliza la adaptaci\u00f3n y la resistencia del sistema inmunitario.\" data-srcset=\"https:\/\/drpascalmensah.com\/wp-content\/uploads\/2023\/02\/Immunometabolism-Presentation.001-1024x576.jpeg 1024w, https:\/\/drpascalmensah.com\/wp-content\/uploads\/2023\/02\/Immunometabolism-Presentation.001-300x169.jpeg 300w, https:\/\/drpascalmensah.com\/wp-content\/uploads\/2023\/02\/Immunometabolism-Presentation.001-768x432.jpeg 768w, https:\/\/drpascalmensah.com\/wp-content\/uploads\/2023\/02\/Immunometabolism-Presentation.001-1536x864.jpeg 1536w, https:\/\/drpascalmensah.com\/wp-content\/uploads\/2023\/02\/Immunometabolism-Presentation.001.jpeg 1920w\" data-sizes=\"(max-width: 1024px) 100vw, 1024px\" src=\"data:image\/svg+xml;base64,PHN2ZyB3aWR0aD0iMSIgaGVpZ2h0PSIxIiB4bWxucz0iaHR0cDovL3d3dy53My5vcmcvMjAwMC9zdmciPjwvc3ZnPg==\" style=\"--smush-placeholder-width: 1024px; --smush-placeholder-aspect-ratio: 1024\/576;\" \/><\/div><\/a>\n\t\t\t\t<div class=\"elementor-post__badge\">Inmunolog\u00eda<\/div>\n\t\t\t\t<div class=\"elementor-post__text\">\n\t\t\t\t<h3 class=\"elementor-post__title\">\n\t\t\t<a href=\"https:\/\/drpascalmensah.com\/es\/adaptacion-sistema-inmunologico\/\" >\n\t\t\t\tTu sistema inmunol\u00f3gico es la clave de la adaptaci\u00f3n\t\t\t<\/a>\n\t\t<\/h3>\n\t\t\t\t<div class=\"elementor-post__excerpt\">\n\t\t\t<p>\u00bfC\u00f3mo te ayuda tu sistema inmunol\u00f3gico a adaptarte a tu entorno? Este art\u00edculo explica c\u00f3mo la inmunidad ha evolucionado para mantener el equilibrio, proteger frente a las amenazas y favorecer la salud a largo plazo mediante la adaptaci\u00f3n. <\/p>\n\t\t<\/div>\n\t\t\t\t<\/div>\n\t\t\t\t<div class=\"elementor-post__meta-data\">\n\t\t\t\t\t<span class=\"elementor-post-date\">\n\t\t\t2 de febrero de 2023\t\t<\/span>\n\t\t\t\t<\/div>\n\t\t\t\t\t<\/div>\n\t\t<\/article>\n\t\t\t\t<\/div>\n\t\t\n\t\t\t\t\t\t<\/div>\n\t\t\t\t<\/div>\n\t\t\t\t\t<\/div>\n\t\t\t\t<\/div>\n\t\t\t\t<\/div>\n\t\t","protected":false},"excerpt":{"rendered":"<p>Todos los art\u00edculos BLOG Comprender la inmunolog\u00eda Entiende la ciencia detr\u00e1s del sistema inmunitario y c\u00f3mo influye en tu salud y bienestar.<\/p>\n","protected":false},"author":207,"featured_media":0,"parent":17931,"menu_order":0,"comment_status":"closed","ping_status":"closed","template":"elementor_header_footer","meta":{"site-sidebar-layout":"default","site-content-layout":"","ast-site-content-layout":"default","site-content-style":"default","site-sidebar-style":"default","ast-global-header-display":"","ast-banner-title-visibility":"","ast-main-header-display":"","ast-hfb-above-header-display":"","ast-hfb-below-header-display":"","ast-hfb-mobile-header-display":"","site-post-title":"","ast-breadcrumbs-content":"","ast-featured-img":"","footer-sml-layout":"","ast-disable-related-posts":"","theme-transparent-header-meta":"","adv-header-id-meta":"","stick-header-meta":"","header-above-stick-meta":"","header-main-stick-meta":"","header-below-stick-meta":"","astra-migrate-meta-layouts":"set","ast-page-background-enabled":"default","ast-page-background-meta":{"desktop":{"background-color":"var(--ast-global-color-4)","background-image":"","background-repeat":"repeat","background-position":"center center","background-size":"auto","background-attachment":"scroll","background-type":"","background-media":"","overlay-type":"","overlay-color":"","overlay-opacity":"","overlay-gradient":""},"tablet":{"background-color":"","background-image":"","background-repeat":"repeat","background-position":"center center","background-size":"auto","background-attachment":"scroll","background-type":"","background-media":"","overlay-type":"","overlay-color":"","overlay-opacity":"","overlay-gradient":""},"mobile":{"background-color":"","background-image":"","background-repeat":"repeat","background-position":"center center","background-size":"auto","background-attachment":"scroll","background-type":"","background-media":"","overlay-type":"","overlay-color":"","overlay-opacity":"","overlay-gradient":""}},"ast-content-background-meta":{"desktop":{"background-color":"var(--ast-global-color-5)","background-image":"","background-repeat":"repeat","background-position":"center center","background-size":"auto","background-attachment":"scroll","background-type":"","background-media":"","overlay-type":"","overlay-color":"","overlay-opacity":"","overlay-gradient":""},"tablet":{"background-color":"var(--ast-global-color-5)","background-image":"","background-repeat":"repeat","background-position":"center center","background-size":"auto","background-attachment":"scroll","background-type":"","background-media":"","overlay-type":"","overlay-color":"","overlay-opacity":"","overlay-gradient":""},"mobile":{"background-color":"var(--ast-global-color-5)","background-image":"","background-repeat":"repeat","background-position":"center center","background-size":"auto","background-attachment":"scroll","background-type":"","background-media":"","overlay-type":"","overlay-color":"","overlay-opacity":"","overlay-gradient":""}},"footnotes":""},"class_list":["post-17999","page","type-page","status-publish","hentry"],"aioseo_notices":[],"_links":{"self":[{"href":"https:\/\/drpascalmensah.com\/es\/wp-json\/wp\/v2\/pages\/17999","targetHints":{"allow":["GET"]}}],"collection":[{"href":"https:\/\/drpascalmensah.com\/es\/wp-json\/wp\/v2\/pages"}],"about":[{"href":"https:\/\/drpascalmensah.com\/es\/wp-json\/wp\/v2\/types\/page"}],"author":[{"embeddable":true,"href":"https:\/\/drpascalmensah.com\/es\/wp-json\/wp\/v2\/users\/207"}],"replies":[{"embeddable":true,"href":"https:\/\/drpascalmensah.com\/es\/wp-json\/wp\/v2\/comments?post=17999"}],"version-history":[{"count":4,"href":"https:\/\/drpascalmensah.com\/es\/wp-json\/wp\/v2\/pages\/17999\/revisions"}],"predecessor-version":[{"id":19507,"href":"https:\/\/drpascalmensah.com\/es\/wp-json\/wp\/v2\/pages\/17999\/revisions\/19507"}],"up":[{"embeddable":true,"href":"https:\/\/drpascalmensah.com\/es\/wp-json\/wp\/v2\/pages\/17931"}],"wp:attachment":[{"href":"https:\/\/drpascalmensah.com\/es\/wp-json\/wp\/v2\/media?parent=17999"}],"curies":[{"name":"wp","href":"https:\/\/api.w.org\/{rel}","templated":true}]}}