{"id":17804,"date":"2026-01-22T13:37:08","date_gmt":"2026-01-22T13:37:08","guid":{"rendered":"https:\/\/drpascalmensah.com\/carrito\/"},"modified":"2026-01-28T08:00:49","modified_gmt":"2026-01-28T08:00:49","slug":"carrito","status":"publish","type":"page","link":"https:\/\/drpascalmensah.com\/es\/carrito\/","title":{"rendered":"Carrito"},"content":{"rendered":"\n<div data-block-name=\"woocommerce\/cart\" class=\"wp-block-woocommerce-cart is-loading\">\n<div data-block-name=\"woocommerce\/filled-cart-block\" class=\"wp-block-woocommerce-filled-cart-block\">\n<div data-block-name=\"woocommerce\/cart-items-block\" class=\"wp-block-woocommerce-cart-items-block\">\n<div data-block-name=\"woocommerce\/cart-line-items-block\" class=\"wp-block-woocommerce-cart-line-items-block\"><\/div>\n\n\n<\/div>\n\n\n\n<div data-block-name=\"woocommerce\/cart-totals-block\" class=\"wp-block-woocommerce-cart-totals-block\">\n<div data-block-name=\"woocommerce\/cart-order-summary-block\" class=\"wp-block-woocommerce-cart-order-summary-block\">\n<div data-block-name=\"woocommerce\/cart-order-summary-heading-block\" class=\"wp-block-woocommerce-cart-order-summary-heading-block\"><\/div>\n\n\n\n<div data-block-name=\"woocommerce\/cart-order-summary-coupon-form-block\" class=\"wp-block-woocommerce-cart-order-summary-coupon-form-block\"><\/div>\n\n\n\n<div data-block-name=\"woocommerce\/cart-order-summary-totals-block\" class=\"wp-block-woocommerce-cart-order-summary-totals-block\">\n<div data-block-name=\"woocommerce\/cart-order-summary-subtotal-block\" class=\"wp-block-woocommerce-cart-order-summary-subtotal-block\"><\/div>\n\n\n\n<div data-block-name=\"woocommerce\/cart-order-summary-fee-block\" class=\"wp-block-woocommerce-cart-order-summary-fee-block\"><\/div>\n\n\n\n<div data-block-name=\"woocommerce\/cart-order-summary-discount-block\" class=\"wp-block-woocommerce-cart-order-summary-discount-block\"><\/div>\n\n\n\n<div data-block-name=\"woocommerce\/cart-order-summary-shipping-block\" class=\"wp-block-woocommerce-cart-order-summary-shipping-block\"><\/div>\n\n\n\n<div data-block-name=\"woocommerce\/cart-order-summary-taxes-block\" class=\"wp-block-woocommerce-cart-order-summary-taxes-block\"><\/div>\n<\/div>\n<\/div>\n\n\n\n\n\n<div data-block-name=\"woocommerce\/cart-express-payment-block\" class=\"wp-block-woocommerce-cart-express-payment-block\"><\/div>\n\n\n\n<div data-block-name=\"woocommerce\/proceed-to-checkout-block\" class=\"wp-block-woocommerce-proceed-to-checkout-block\"><\/div>\n\n\n\n<div data-block-name=\"woocommerce\/cart-accepted-payment-methods-block\" class=\"wp-block-woocommerce-cart-accepted-payment-methods-block\"><\/div>\n<\/div>\n<\/div>\n\n\n\n<div data-block-name=\"woocommerce\/empty-cart-block\" class=\"wp-block-woocommerce-empty-cart-block\">\n<h2 class=\"wp-block-heading has-text-align-center with-empty-cart-icon wc-block-cart__empty-cart__title\">\u00a1Tu carrito est\u00e1 vac\u00edo!<\/h2>\n\n\n\n<hr class=\"wp-block-separator has-alpha-channel-opacity is-style-dots\"\/>\n\n\n\n<h2 class=\"wp-block-heading has-text-align-center\">Nuevo en la tienda<\/h2>\n\n\n<div data-block-name=\"woocommerce\/product-new\" data-columns=\"4\" data-rows=\"1\" class=\"wc-block-grid wp-block-product-new wp-block-woocommerce-product-new wc-block-product-new has-4-columns\"><ul class=\"wc-block-grid__products\"><li class=\"wc-block-grid__product\">\n\t\t\t\t<a href=\"https:\/\/drpascalmensah.com\/es\/producto\/consulta-epigenetica-edad-biologica-estilo-de-vida-y-estres-cronico-ayuno\/\" class=\"wc-block-grid__product-link\">\n\t\t\t\t\t\n\t\t\t\t\t<div class=\"wc-block-grid__product-image\"><img fetchpriority=\"high\" decoding=\"async\" width=\"300\" height=\"300\" src=\"https:\/\/drpascalmensah.com\/wp-content\/uploads\/woocommerce-placeholder.webp\" class=\"woocommerce-placeholder wp-post-image\" alt=\"\" srcset=\"https:\/\/drpascalmensah.com\/wp-content\/uploads\/woocommerce-placeholder.webp 1200w, https:\/\/drpascalmensah.com\/wp-content\/uploads\/woocommerce-placeholder-300x300.webp 300w, https:\/\/drpascalmensah.com\/wp-content\/uploads\/woocommerce-placeholder-1024x1024.webp 1024w, https:\/\/drpascalmensah.com\/wp-content\/uploads\/woocommerce-placeholder-150x150.webp 150w, https:\/\/drpascalmensah.com\/wp-content\/uploads\/woocommerce-placeholder-768x768.webp 768w, https:\/\/drpascalmensah.com\/wp-content\/uploads\/woocommerce-placeholder-700x700.webp 700w, https:\/\/drpascalmensah.com\/wp-content\/uploads\/woocommerce-placeholder-120x120.webp 120w\" sizes=\"(max-width: 300px) 100vw, 300px\" \/><\/div>\n\t\t\t\t\t<div class=\"wc-block-grid__product-title\">Consulta epigen\u00e9tica \u2014 edad biol\u00f3gica, estilo de vida y estr\u00e9s cr\u00f3nico (ayuno)<\/div>\n\t\t\t\t<\/a>\n\t\t\t\t<div class=\"wc-block-grid__product-price price\"><span class=\"woocommerce-Price-amount amount\">1,785.00<span class=\"woocommerce-Price-currencySymbol\">&euro;<\/span><\/span><\/div>\n\t\t\t\t\n\t\t\t\t<div class=\"wp-block-button wc-block-grid__product-add-to-cart\"><a href=\"\/es\/wp-json\/wp\/v2\/pages\/17804?add-to-cart=21975\" aria-label=\"A\u00f1adir al carrito: &ldquo;Consulta epigen\u00e9tica \u2014 edad biol\u00f3gica, estilo de vida y estr\u00e9s cr\u00f3nico (ayuno)&rdquo;\" data-quantity=\"1\" data-product_id=\"21975\" data-product_sku=\"\" data-price=\"1785\" rel=\"nofollow\" class=\"wp-block-button__link  add_to_cart_button ajax_add_to_cart\">A\u00f1adir al carrito<\/a><\/div>\n\t\t\t<\/li><li class=\"wc-block-grid__product\">\n\t\t\t\t<a href=\"https:\/\/drpascalmensah.com\/es\/producto\/consulta-epigenetica-estres-cronico-ayuno\/\" class=\"wc-block-grid__product-link\">\n\t\t\t\t\t\n\t\t\t\t\t<div class=\"wc-block-grid__product-image\"><img fetchpriority=\"high\" decoding=\"async\" width=\"300\" height=\"300\" src=\"https:\/\/drpascalmensah.com\/wp-content\/uploads\/woocommerce-placeholder.webp\" class=\"woocommerce-placeholder wp-post-image\" alt=\"\" srcset=\"https:\/\/drpascalmensah.com\/wp-content\/uploads\/woocommerce-placeholder.webp 1200w, https:\/\/drpascalmensah.com\/wp-content\/uploads\/woocommerce-placeholder-300x300.webp 300w, https:\/\/drpascalmensah.com\/wp-content\/uploads\/woocommerce-placeholder-1024x1024.webp 1024w, https:\/\/drpascalmensah.com\/wp-content\/uploads\/woocommerce-placeholder-150x150.webp 150w, https:\/\/drpascalmensah.com\/wp-content\/uploads\/woocommerce-placeholder-768x768.webp 768w, https:\/\/drpascalmensah.com\/wp-content\/uploads\/woocommerce-placeholder-700x700.webp 700w, https:\/\/drpascalmensah.com\/wp-content\/uploads\/woocommerce-placeholder-120x120.webp 120w\" sizes=\"(max-width: 300px) 100vw, 300px\" \/><\/div>\n\t\t\t\t\t<div class=\"wc-block-grid__product-title\">Consulta epigen\u00e9tica \u2014 Estr\u00e9s cr\u00f3nico (ayuno)<\/div>\n\t\t\t\t<\/a>\n\t\t\t\t<div class=\"wc-block-grid__product-price price\"><span class=\"woocommerce-Price-amount amount\">1,280.00<span class=\"woocommerce-Price-currencySymbol\">&euro;<\/span><\/span><\/div>\n\t\t\t\t\n\t\t\t\t<div class=\"wp-block-button wc-block-grid__product-add-to-cart\"><a href=\"\/es\/wp-json\/wp\/v2\/pages\/17804?add-to-cart=21973\" aria-label=\"A\u00f1adir al carrito: &ldquo;Consulta epigen\u00e9tica \u2014 Estr\u00e9s cr\u00f3nico (ayuno)&rdquo;\" data-quantity=\"1\" data-product_id=\"21973\" data-product_sku=\"\" data-price=\"1280\" rel=\"nofollow\" class=\"wp-block-button__link  add_to_cart_button ajax_add_to_cart\">A\u00f1adir al carrito<\/a><\/div>\n\t\t\t<\/li><li class=\"wc-block-grid__product\">\n\t\t\t\t<a href=\"https:\/\/drpascalmensah.com\/es\/producto\/consulta-epigenetica-edad-biologica-y-estilo-de-vida-ayuno\/\" class=\"wc-block-grid__product-link\">\n\t\t\t\t\t\n\t\t\t\t\t<div class=\"wc-block-grid__product-image\"><img fetchpriority=\"high\" decoding=\"async\" width=\"300\" height=\"300\" src=\"https:\/\/drpascalmensah.com\/wp-content\/uploads\/woocommerce-placeholder.webp\" class=\"woocommerce-placeholder wp-post-image\" alt=\"\" srcset=\"https:\/\/drpascalmensah.com\/wp-content\/uploads\/woocommerce-placeholder.webp 1200w, https:\/\/drpascalmensah.com\/wp-content\/uploads\/woocommerce-placeholder-300x300.webp 300w, https:\/\/drpascalmensah.com\/wp-content\/uploads\/woocommerce-placeholder-1024x1024.webp 1024w, https:\/\/drpascalmensah.com\/wp-content\/uploads\/woocommerce-placeholder-150x150.webp 150w, https:\/\/drpascalmensah.com\/wp-content\/uploads\/woocommerce-placeholder-768x768.webp 768w, https:\/\/drpascalmensah.com\/wp-content\/uploads\/woocommerce-placeholder-700x700.webp 700w, https:\/\/drpascalmensah.com\/wp-content\/uploads\/woocommerce-placeholder-120x120.webp 120w\" sizes=\"(max-width: 300px) 100vw, 300px\" \/><\/div>\n\t\t\t\t\t<div class=\"wc-block-grid__product-title\">Consulta epigen\u00e9tica \u2014 edad biol\u00f3gica y estilo de vida (ayuno)<\/div>\n\t\t\t\t<\/a>\n\t\t\t\t<div class=\"wc-block-grid__product-price price\"><span class=\"woocommerce-Price-amount amount\">1,280.00<span class=\"woocommerce-Price-currencySymbol\">&euro;<\/span><\/span><\/div>\n\t\t\t\t\n\t\t\t\t<div class=\"wp-block-button wc-block-grid__product-add-to-cart\"><a href=\"\/es\/wp-json\/wp\/v2\/pages\/17804?add-to-cart=21970\" aria-label=\"A\u00f1adir al carrito: &ldquo;Consulta epigen\u00e9tica \u2014 edad biol\u00f3gica y estilo de vida (ayuno)&rdquo;\" data-quantity=\"1\" data-product_id=\"21970\" data-product_sku=\"\" data-price=\"1280\" rel=\"nofollow\" class=\"wp-block-button__link  add_to_cart_button ajax_add_to_cart\">A\u00f1adir al carrito<\/a><\/div>\n\t\t\t<\/li><li class=\"wc-block-grid__product\">\n\t\t\t\t<a href=\"https:\/\/drpascalmensah.com\/es\/producto\/consulta-epigenetica-edad-biologica-estilo-de-vida-y-estres-cronico-estandar\/\" class=\"wc-block-grid__product-link\">\n\t\t\t\t\t\n\t\t\t\t\t<div class=\"wc-block-grid__product-image\"><img fetchpriority=\"high\" decoding=\"async\" width=\"300\" height=\"300\" src=\"https:\/\/drpascalmensah.com\/wp-content\/uploads\/woocommerce-placeholder.webp\" class=\"woocommerce-placeholder wp-post-image\" alt=\"\" srcset=\"https:\/\/drpascalmensah.com\/wp-content\/uploads\/woocommerce-placeholder.webp 1200w, https:\/\/drpascalmensah.com\/wp-content\/uploads\/woocommerce-placeholder-300x300.webp 300w, https:\/\/drpascalmensah.com\/wp-content\/uploads\/woocommerce-placeholder-1024x1024.webp 1024w, https:\/\/drpascalmensah.com\/wp-content\/uploads\/woocommerce-placeholder-150x150.webp 150w, https:\/\/drpascalmensah.com\/wp-content\/uploads\/woocommerce-placeholder-768x768.webp 768w, https:\/\/drpascalmensah.com\/wp-content\/uploads\/woocommerce-placeholder-700x700.webp 700w, https:\/\/drpascalmensah.com\/wp-content\/uploads\/woocommerce-placeholder-120x120.webp 120w\" sizes=\"(max-width: 300px) 100vw, 300px\" \/><\/div>\n\t\t\t\t\t<div class=\"wc-block-grid__product-title\">Consulta epigen\u00e9tica \u2014 edad biol\u00f3gica, estilo de vida y estr\u00e9s cr\u00f3nico (est\u00e1ndar)<\/div>\n\t\t\t\t<\/a>\n\t\t\t\t<div class=\"wc-block-grid__product-price price\"><span class=\"woocommerce-Price-amount amount\">1,120.00<span class=\"woocommerce-Price-currencySymbol\">&euro;<\/span><\/span><\/div>\n\t\t\t\t\n\t\t\t\t<div class=\"wp-block-button wc-block-grid__product-add-to-cart\"><a href=\"\/es\/wp-json\/wp\/v2\/pages\/17804?add-to-cart=21968\" aria-label=\"A\u00f1adir al carrito: &ldquo;Consulta epigen\u00e9tica \u2014 edad biol\u00f3gica, estilo de vida y estr\u00e9s cr\u00f3nico (est\u00e1ndar)&rdquo;\" data-quantity=\"1\" data-product_id=\"21968\" data-product_sku=\"\" data-price=\"1120\" rel=\"nofollow\" class=\"wp-block-button__link  add_to_cart_button ajax_add_to_cart\">A\u00f1adir al carrito<\/a><\/div>\n\t\t\t<\/li><\/ul><\/div><\/div>\n<\/div>\n","protected":false},"excerpt":{"rendered":"","protected":false},"author":1,"featured_media":0,"parent":0,"menu_order":0,"comment_status":"closed","ping_status":"closed","template":"elementor_header_footer","meta":{"site-sidebar-layout":"default","site-content-layout":"","ast-site-content-layout":"default","site-content-style":"default","site-sidebar-style":"default","ast-global-header-display":"","ast-banner-title-visibility":"","ast-main-header-display":"","ast-hfb-above-header-display":"","ast-hfb-below-header-display":"","ast-hfb-mobile-header-display":"","site-post-title":"","ast-breadcrumbs-content":"","ast-featured-img":"","footer-sml-layout":"","ast-disable-related-posts":"","theme-transparent-header-meta":"","adv-header-id-meta":"","stick-header-meta":"","header-above-stick-meta":"","header-main-stick-meta":"","header-below-stick-meta":"","astra-migrate-meta-layouts":"set","ast-page-background-enabled":"default","ast-page-background-meta":{"desktop":{"background-color":"var(--ast-global-color-4)","background-image":"","background-repeat":"repeat","background-position":"center center","background-size":"auto","background-attachment":"scroll","background-type":"","background-media":"","overlay-type":"","overlay-color":"","overlay-opacity":"","overlay-gradient":""},"tablet":{"background-color":"","background-image":"","background-repeat":"repeat","background-position":"center center","background-size":"auto","background-attachment":"scroll","background-type":"","background-media":"","overlay-type":"","overlay-color":"","overlay-opacity":"","overlay-gradient":""},"mobile":{"background-color":"","background-image":"","background-repeat":"repeat","background-position":"center center","background-size":"auto","background-attachment":"scroll","background-type":"","background-media":"","overlay-type":"","overlay-color":"","overlay-opacity":"","overlay-gradient":""}},"ast-content-background-meta":{"desktop":{"background-color":"var(--ast-global-color-5)","background-image":"","background-repeat":"repeat","background-position":"center center","background-size":"auto","background-attachment":"scroll","background-type":"","background-media":"","overlay-type":"","overlay-color":"","overlay-opacity":"","overlay-gradient":""},"tablet":{"background-color":"var(--ast-global-color-5)","background-image":"","background-repeat":"repeat","background-position":"center center","background-size":"auto","background-attachment":"scroll","background-type":"","background-media":"","overlay-type":"","overlay-color":"","overlay-opacity":"","overlay-gradient":""},"mobile":{"background-color":"var(--ast-global-color-5)","background-image":"","background-repeat":"repeat","background-position":"center center","background-size":"auto","background-attachment":"scroll","background-type":"","background-media":"","overlay-type":"","overlay-color":"","overlay-opacity":"","overlay-gradient":""}},"footnotes":""},"class_list":["post-17804","page","type-page","status-publish","hentry"],"aioseo_notices":[],"_links":{"self":[{"href":"https:\/\/drpascalmensah.com\/es\/wp-json\/wp\/v2\/pages\/17804","targetHints":{"allow":["GET"]}}],"collection":[{"href":"https:\/\/drpascalmensah.com\/es\/wp-json\/wp\/v2\/pages"}],"about":[{"href":"https:\/\/drpascalmensah.com\/es\/wp-json\/wp\/v2\/types\/page"}],"author":[{"embeddable":true,"href":"https:\/\/drpascalmensah.com\/es\/wp-json\/wp\/v2\/users\/1"}],"replies":[{"embeddable":true,"href":"https:\/\/drpascalmensah.com\/es\/wp-json\/wp\/v2\/comments?post=17804"}],"version-history":[{"count":0,"href":"https:\/\/drpascalmensah.com\/es\/wp-json\/wp\/v2\/pages\/17804\/revisions"}],"wp:attachment":[{"href":"https:\/\/drpascalmensah.com\/es\/wp-json\/wp\/v2\/media?parent=17804"}],"curies":[{"name":"wp","href":"https:\/\/api.w.org\/{rel}","templated":true}]}}